{"id":9898,"date":"2023-12-20T14:41:09","date_gmt":"2023-12-20T13:41:09","guid":{"rendered":"https:\/\/oxxot.com\/prodotto\/mandel-white-kit\/"},"modified":"2023-12-20T14:41:09","modified_gmt":"2023-12-20T13:41:09","slug":"mandel-white-kit","status":"publish","type":"product","link":"https:\/\/oxxot.com\/fr\/prodotto\/mandel-white-kit\/","title":{"rendered":"Mandel White Kit"},"content":{"rendered":"<p>Le Traitement se pr\u00e9sente sous forme de kit contenant :<\/p>\n<p><strong>MANDEL WHITE Peeling<\/strong>: Solution de Peeling Monodose \u00e0 base d&rsquo;Acide Mand\u00e9lique, de Lactoferrine, d&rsquo;Acide Citrique et Phytique, et d&rsquo;Antioxydants. Appliqu\u00e9e en cabinet m\u00e9dical par un professionnel. <strong>MANDEL WHITE Cream:<\/strong> Cr\u00e8me de Maintien \u00e9claircissante qui compl\u00e8te le processus de d\u00e9pigmentation commenc\u00e9 en cabinet m\u00e9dical. \u00c0 appliquer \u00e0 domicile quotidiennement entre chaque s\u00e9ance du traitement professionnel.<\/p>\n<p><strong>Programme con\u00e7u en associant le traitement m\u00e9dical en cabinet \u00e0 la th\u00e9rapie de maintien \u00e0 domicile pour compl\u00e9ter l&rsquo;action dermocosm\u00e9tique dans les zones trait\u00e9es.<\/strong><\/p>\n","protected":false},"excerpt":{"rendered":"<p>Programme sp\u00e9cifique adjuvant pour les dyschromies cutan\u00e9es, cr\u00e9\u00e9 pour \u00e9liminer la pigmentation existante et pr\u00e9venir la formation de nouvelles taches.<\/p>\n","protected":false},"featured_media":9899,"comment_status":"open","ping_status":"closed","template":"","meta":{"_acf_changed":false},"patologia":[],"tipologia":[],"product_brand":[],"product_cat":[204],"product_tag":[210],"class_list":{"0":"post-9898","1":"product","2":"type-product","3":"status-publish","4":"has-post-thumbnail","6":"product_cat-wdr-professional-line-fr","7":"product_tag-skin-fr","8":"page-type-home-care","10":"first","11":"outofstock","12":"featured","13":"taxable","14":"shipping-taxable","15":"purchasable","16":"product-type-simple"},"acf":[],"_links":{"self":[{"href":"https:\/\/oxxot.com\/fr\/wp-json\/wp\/v2\/product\/9898","targetHints":{"allow":["GET"]}}],"collection":[{"href":"https:\/\/oxxot.com\/fr\/wp-json\/wp\/v2\/product"}],"about":[{"href":"https:\/\/oxxot.com\/fr\/wp-json\/wp\/v2\/types\/product"}],"replies":[{"embeddable":true,"href":"https:\/\/oxxot.com\/fr\/wp-json\/wp\/v2\/comments?post=9898"}],"wp:featuredmedia":[{"embeddable":true,"href":"https:\/\/oxxot.com\/fr\/wp-json\/wp\/v2\/media\/9899"}],"wp:attachment":[{"href":"https:\/\/oxxot.com\/fr\/wp-json\/wp\/v2\/media?parent=9898"}],"wp:term":[{"taxonomy":"patologia","embeddable":true,"href":"https:\/\/oxxot.com\/fr\/wp-json\/wp\/v2\/patologia?post=9898"},{"taxonomy":"tipologia","embeddable":true,"href":"https:\/\/oxxot.com\/fr\/wp-json\/wp\/v2\/tipologia?post=9898"},{"taxonomy":"product_brand","embeddable":true,"href":"https:\/\/oxxot.com\/fr\/wp-json\/wp\/v2\/product_brand?post=9898"},{"taxonomy":"product_cat","embeddable":true,"href":"https:\/\/oxxot.com\/fr\/wp-json\/wp\/v2\/product_cat?post=9898"},{"taxonomy":"product_tag","embeddable":true,"href":"https:\/\/oxxot.com\/fr\/wp-json\/wp\/v2\/product_tag?post=9898"}],"curies":[{"name":"wp","href":"https:\/\/api.w.org\/{rel}","templated":true}]}}