{"id":9896,"date":"2023-12-20T14:41:09","date_gmt":"2023-12-20T13:41:09","guid":{"rendered":"https:\/\/oxxot.com\/prodotto\/micro-hyal-eye\/"},"modified":"2026-04-21T16:54:44","modified_gmt":"2026-04-21T14:54:44","slug":"micro-hyal-eye","status":"publish","type":"product","link":"https:\/\/oxxot.com\/fr\/prodotto\/micro-hyal-eye\/","title":{"rendered":"WDR Micro Hyal Eye"},"content":{"rendered":"<p>WDR Micro Hyal Eye<\/p>\n<p>Contient des antioxydants et des pr\u00e9curseurs de composants dermiques. Excellente action hydratante. Renforc\u00e9 par deux agents drainants de la microcirculation et tenseurs de la peau.  <\/p>\n<p>La formulation est particuli\u00e8rement indiqu\u00e9e pour :<br \/>\n&#8211; redensifier et d\u00e9tendre le contour des yeux<br \/>\n&#8211; att\u00e9nuer les cernes et les poches<br \/>\n&#8211; traiter le photovieillissement mod\u00e9r\u00e9 et intense de la r\u00e9gion p\u00e9rioculaire<br \/>\n&#8211; bior\u00e9g\u00e9n\u00e9ration dermo\u00e9pidermique du contour des yeux<br \/>\n&#8211; traitement \u00e0 domicile pendant les traitements professionnels bior\u00e9g\u00e9n\u00e9rateurs<br \/>\n&#8211; autotraitement quotidien<\/p>\n<p>Contient de l&rsquo;acide hyaluronique de faible poids mol\u00e9culaire, des acides amin\u00e9s, de la CoQ10, des agents tenseurs de la peau, des vitamines A, C et E.<\/p>\n<p>WDR Micro Hyal Eye a un excellent effet hydratant.<\/p>\n<p><strong>Pour les peaux normales \u00e0 s\u00e8ches, appliquer une ou deux fois par jour, ou selon les indications du m\u00e9decin, de pr\u00e9f\u00e9rence le matin.<\/strong><\/p>\n","protected":false},"excerpt":{"rendered":"<p><strong>WDR Micro Hyal Eye<\/strong> est un soin de beaut\u00e9 sp\u00e9cifique pour le contour des yeux, formul\u00e9 pour lutter contre les rides, les gonflements et les d\u00e9colorations.<\/p>\n<p>Gr\u00e2ce au complexe d&rsquo;acide hyaluronique de faible poids mol\u00e9culaire, d&rsquo;acides amin\u00e9s, de coenzyme Q10, de peptides de type Botox et d&rsquo;ingr\u00e9dients actifs d\u00e9congestionnants, il a une action globale : il lisse les rides, r\u00e9duit les poches et les cernes, am\u00e9liore l&rsquo;\u00e9lasticit\u00e9 et donne de l&rsquo;\u00e9clat au regard.<\/p>\n<p>La peau para\u00eet plus ferme, plus lisse et plus uniforme, tandis que les signes de fatigue sont att\u00e9nu\u00e9s. Id\u00e9al pour les peaux fines et fatigu\u00e9es, il est parfait en traitement quotidien ou en soutien apr\u00e8s des interventions esth\u00e9tiques. <\/p>\n","protected":false},"featured_media":10344,"comment_status":"open","ping_status":"closed","template":"","meta":{"_acf_changed":false},"patologia":[],"tipologia":[],"product_brand":[],"product_cat":[194],"product_tag":[211,210],"class_list":{"0":"post-9896","1":"product","2":"type-product","3":"status-publish","4":"has-post-thumbnail","6":"product_cat-wdr-home-care-home-care-line-fr","7":"product_tag-home-care-peeling-fr","8":"product_tag-skin-fr","9":"page-type-home-care","11":"first","12":"instock","13":"shipping-taxable","14":"purchasable","15":"product-type-simple"},"acf":[],"_links":{"self":[{"href":"https:\/\/oxxot.com\/fr\/wp-json\/wp\/v2\/product\/9896","targetHints":{"allow":["GET"]}}],"collection":[{"href":"https:\/\/oxxot.com\/fr\/wp-json\/wp\/v2\/product"}],"about":[{"href":"https:\/\/oxxot.com\/fr\/wp-json\/wp\/v2\/types\/product"}],"replies":[{"embeddable":true,"href":"https:\/\/oxxot.com\/fr\/wp-json\/wp\/v2\/comments?post=9896"}],"wp:featuredmedia":[{"embeddable":true,"href":"https:\/\/oxxot.com\/fr\/wp-json\/wp\/v2\/media\/10344"}],"wp:attachment":[{"href":"https:\/\/oxxot.com\/fr\/wp-json\/wp\/v2\/media?parent=9896"}],"wp:term":[{"taxonomy":"patologia","embeddable":true,"href":"https:\/\/oxxot.com\/fr\/wp-json\/wp\/v2\/patologia?post=9896"},{"taxonomy":"tipologia","embeddable":true,"href":"https:\/\/oxxot.com\/fr\/wp-json\/wp\/v2\/tipologia?post=9896"},{"taxonomy":"product_brand","embeddable":true,"href":"https:\/\/oxxot.com\/fr\/wp-json\/wp\/v2\/product_brand?post=9896"},{"taxonomy":"product_cat","embeddable":true,"href":"https:\/\/oxxot.com\/fr\/wp-json\/wp\/v2\/product_cat?post=9896"},{"taxonomy":"product_tag","embeddable":true,"href":"https:\/\/oxxot.com\/fr\/wp-json\/wp\/v2\/product_tag?post=9896"}],"curies":[{"name":"wp","href":"https:\/\/api.w.org\/{rel}","templated":true}]}}