{"id":9894,"date":"2023-12-20T14:41:09","date_gmt":"2023-12-20T13:41:09","guid":{"rendered":"https:\/\/oxxot.com\/prodotto\/micro-hyal-face\/"},"modified":"2026-03-05T17:11:33","modified_gmt":"2026-03-05T16:11:33","slug":"micro-hyal-face","status":"publish","type":"product","link":"https:\/\/oxxot.com\/fr\/prodotto\/micro-hyal-face\/","title":{"rendered":"WDR Micro Hyal Cr\u00e8me Redensifiante Visage"},"content":{"rendered":"<p><strong>Micro Hyal Face<\/strong> de WDR est une cr\u00e8me redensifiante et r\u00e9g\u00e9n\u00e9rante formul\u00e9e pour am\u00e9liorer la densit\u00e9 de la peau, stimuler la production de collag\u00e8ne et d&rsquo;\u00e9lastine et lutter contre la perte d&rsquo;\u00e9lasticit\u00e9.<\/p>\n<p>Gr\u00e2ce au complexe d&rsquo;<strong>acide hyaluronique de faible poids mol\u00e9culaire<\/strong>, aux acides amin\u00e9s et aux agents hydratants, il favorise la r\u00e9g\u00e9n\u00e9ration cellulaire, r\u00e9tablit la fermet\u00e9 des tissus et normalise le film hydrolipidique.<\/p>\n<p><strong>Directions<\/strong><\/p>\n<ul>\n<li>Convient \u00e0 tous les types de peau<\/li>\n<li>Rides et perte de volume<\/li>\n<li>Perte d&rsquo;\u00e9lasticit\u00e9 et de tonicit\u00e9<\/li>\n<li>Id\u00e9al comme traitement quotidien ou comme soutien post-proc\u00e9dure<\/li>\n<\/ul>\n<p>Contient de l&rsquo;acide hyaluronique de faible poids mol\u00e9culaire, des antioxydants et des agents hydratants.<\/p>\n<p>La formulation est particuli\u00e8rement adapt\u00e9e pour :<\/p>\n<ul>\n<li>Restaurer l&rsquo;\u00e9lasticit\u00e9 et la fermet\u00e9 des tissus<\/li>\n<li>Normalisant du complexe cutan\u00e9<\/li>\n<li>Le traitement du photo-vieillissement mod\u00e9r\u00e9 et intense du visage<\/li>\n<li>Bior\u00e9g\u00e9n\u00e9ration cutan\u00e9e<\/li>\n<li>Th\u00e9rapie \u00e0 domicile pendant les traitements bior\u00e9g\u00e9n\u00e9rants professionnels<\/li>\n<li>Traitement pour les peaux normales \u00e0 s\u00e8ches<\/li>\n<\/ul>\n<p>&nbsp;<\/p>\n<p>Micro Hyal Face exerce une excellente action hydratante.<\/p>\n<p><strong>S&rsquo;applique sur la peau nettoy\u00e9e, une ou deux fois par jour, ou selon les instructions du m\u00e9decin, de pr\u00e9f\u00e9rence le matin.<\/strong><\/p>\n","protected":false},"excerpt":{"rendered":"<p><strong>Micro Hyal Face<\/strong> de WDR est une cr\u00e8me redensifiante et r\u00e9g\u00e9n\u00e9rante formul\u00e9e pour am\u00e9liorer la densit\u00e9 de la peau, stimuler la production de collag\u00e8ne et d&rsquo;\u00e9lastine et lutter contre la perte d&rsquo;\u00e9lasticit\u00e9.<\/p>\n<p>Gr\u00e2ce au complexe d&rsquo;<strong>acide hyaluronique de faible poids mol\u00e9culaire<\/strong>, aux acides amin\u00e9s et aux agents hydratants, il favorise la r\u00e9g\u00e9n\u00e9ration cellulaire, r\u00e9tablit la fermet\u00e9 des tissus et normalise le film hydrolipidique.<\/p>\n<p><strong>Directions<\/strong><\/p>\n<ul>\n<li>Convient \u00e0 tous les types de peau<\/li>\n<li>Rides et perte de volume<\/li>\n<li>Perte d&rsquo;\u00e9lasticit\u00e9 et de tonicit\u00e9<\/li>\n<li>Id\u00e9al en traitement quotidien ou en soutien post-proc\u00e9dure<\/li>\n<\/ul>\n","protected":false},"featured_media":10354,"comment_status":"open","ping_status":"closed","template":"","meta":{"_acf_changed":false},"patologia":[],"tipologia":[],"product_brand":[],"product_cat":[192],"product_tag":[211,210],"class_list":{"0":"post-9894","1":"product","2":"type-product","3":"status-publish","4":"has-post-thumbnail","6":"product_cat-home-care-line-fr","7":"product_tag-home-care-peeling-fr","8":"product_tag-skin-fr","9":"page-type-home-care","11":"first","12":"instock","13":"shipping-taxable","14":"purchasable","15":"product-type-simple"},"acf":[],"_links":{"self":[{"href":"https:\/\/oxxot.com\/fr\/wp-json\/wp\/v2\/product\/9894","targetHints":{"allow":["GET"]}}],"collection":[{"href":"https:\/\/oxxot.com\/fr\/wp-json\/wp\/v2\/product"}],"about":[{"href":"https:\/\/oxxot.com\/fr\/wp-json\/wp\/v2\/types\/product"}],"replies":[{"embeddable":true,"href":"https:\/\/oxxot.com\/fr\/wp-json\/wp\/v2\/comments?post=9894"}],"wp:featuredmedia":[{"embeddable":true,"href":"https:\/\/oxxot.com\/fr\/wp-json\/wp\/v2\/media\/10354"}],"wp:attachment":[{"href":"https:\/\/oxxot.com\/fr\/wp-json\/wp\/v2\/media?parent=9894"}],"wp:term":[{"taxonomy":"patologia","embeddable":true,"href":"https:\/\/oxxot.com\/fr\/wp-json\/wp\/v2\/patologia?post=9894"},{"taxonomy":"tipologia","embeddable":true,"href":"https:\/\/oxxot.com\/fr\/wp-json\/wp\/v2\/tipologia?post=9894"},{"taxonomy":"product_brand","embeddable":true,"href":"https:\/\/oxxot.com\/fr\/wp-json\/wp\/v2\/product_brand?post=9894"},{"taxonomy":"product_cat","embeddable":true,"href":"https:\/\/oxxot.com\/fr\/wp-json\/wp\/v2\/product_cat?post=9894"},{"taxonomy":"product_tag","embeddable":true,"href":"https:\/\/oxxot.com\/fr\/wp-json\/wp\/v2\/product_tag?post=9894"}],"curies":[{"name":"wp","href":"https:\/\/api.w.org\/{rel}","templated":true}]}}