{"id":9892,"date":"2023-12-20T14:41:09","date_gmt":"2023-12-20T13:41:09","guid":{"rendered":"https:\/\/oxxot.com\/prodotto\/hydrata-system\/"},"modified":"2026-04-21T16:57:17","modified_gmt":"2026-04-21T14:57:17","slug":"hydrata-system","status":"publish","type":"product","link":"https:\/\/oxxot.com\/fr\/prodotto\/hydrata-system\/","title":{"rendered":"WDR Hydrata System &#8211; Cr\u00e8me Idratante"},"content":{"rendered":"<p>WDR Hydrata System &#8211; Cr\u00e8me Hydratante<\/p>\n<p>Cette formulation est particuli\u00e8rement indiqu\u00e9e :<\/p>\n<p>&#8211; pour r\u00e9parer la barri\u00e8re d&rsquo;hydratation de la peau<br \/>\n&#8211; pour restaurer la turgescence et repulper la peau<br \/>\n&#8211; comme traitement mod\u00e9r\u00e9 du photovieillissement \u00e0 domicile<br \/>\n&#8211; pour r\u00e9hydrater la peau pendant les traitements de beaut\u00e9<br \/>\n&#8211; pour restaurer l&rsquo;int\u00e9grit\u00e9 de la peau pendant les traitements de peeling chimique.<\/p>\n<p><strong>Convient \u00e0 tous les phototypes de peau, appliquer une ou deux fois par jour, ou selon les conseils d&rsquo;un m\u00e9decin, de pr\u00e9f\u00e9rence le matin.<\/strong><\/p>\n","protected":false},"excerpt":{"rendered":"<p><strong>WDR Hydrata System<\/strong> est une cr\u00e8me r\u00e9paratrice \u00e0 l&rsquo;action hydratante et apaisante, formul\u00e9e pour r\u00e9parer et r\u00e9\u00e9quilibrer les peaux fragilis\u00e9es, irrit\u00e9es ou tr\u00e8s s\u00e8ches.<\/p>\n<p>Gr\u00e2ce \u00e0 son complexe d&rsquo;agents hydratants, antioxydants et apaisants, il soutient le processus naturel de r\u00e9g\u00e9n\u00e9ration de la peau, am\u00e9liore l&rsquo;apparence des rides et ridules et restaure la barri\u00e8re cutan\u00e9e superficielle.<\/p>\n<p><strong>Directions<\/strong><\/p>\n<ul>\n<li>Peau normale \u00e0 s\u00e8che<\/li>\n<li>Peau rougie, sensible ou irrit\u00e9e<\/li>\n<li>Rides de surface<\/li>\n<li>Id\u00e9al comme support apr\u00e8s les traitements esth\u00e9tiques ou dans la routine quotidienne<\/li>\n<li>Routine de beaut\u00e9 Soins de la peau<\/li>\n<\/ul>\n","protected":false},"featured_media":10324,"comment_status":"open","ping_status":"closed","template":"","meta":{"_acf_changed":false},"patologia":[],"tipologia":[],"product_brand":[],"product_cat":[194],"product_tag":[211,210],"class_list":{"0":"post-9892","1":"product","2":"type-product","3":"status-publish","4":"has-post-thumbnail","6":"product_cat-wdr-home-care-home-care-line-fr","7":"product_tag-home-care-peeling-fr","8":"product_tag-skin-fr","9":"page-type-home-care","11":"first","12":"instock","13":"shipping-taxable","14":"purchasable","15":"product-type-simple"},"acf":[],"_links":{"self":[{"href":"https:\/\/oxxot.com\/fr\/wp-json\/wp\/v2\/product\/9892","targetHints":{"allow":["GET"]}}],"collection":[{"href":"https:\/\/oxxot.com\/fr\/wp-json\/wp\/v2\/product"}],"about":[{"href":"https:\/\/oxxot.com\/fr\/wp-json\/wp\/v2\/types\/product"}],"replies":[{"embeddable":true,"href":"https:\/\/oxxot.com\/fr\/wp-json\/wp\/v2\/comments?post=9892"}],"wp:featuredmedia":[{"embeddable":true,"href":"https:\/\/oxxot.com\/fr\/wp-json\/wp\/v2\/media\/10324"}],"wp:attachment":[{"href":"https:\/\/oxxot.com\/fr\/wp-json\/wp\/v2\/media?parent=9892"}],"wp:term":[{"taxonomy":"patologia","embeddable":true,"href":"https:\/\/oxxot.com\/fr\/wp-json\/wp\/v2\/patologia?post=9892"},{"taxonomy":"tipologia","embeddable":true,"href":"https:\/\/oxxot.com\/fr\/wp-json\/wp\/v2\/tipologia?post=9892"},{"taxonomy":"product_brand","embeddable":true,"href":"https:\/\/oxxot.com\/fr\/wp-json\/wp\/v2\/product_brand?post=9892"},{"taxonomy":"product_cat","embeddable":true,"href":"https:\/\/oxxot.com\/fr\/wp-json\/wp\/v2\/product_cat?post=9892"},{"taxonomy":"product_tag","embeddable":true,"href":"https:\/\/oxxot.com\/fr\/wp-json\/wp\/v2\/product_tag?post=9892"}],"curies":[{"name":"wp","href":"https:\/\/api.w.org\/{rel}","templated":true}]}}