{"id":9889,"date":"2023-12-20T14:41:09","date_gmt":"2023-12-20T13:41:09","guid":{"rendered":"https:\/\/oxxot.com\/prodotto\/mandel-active-gel\/"},"modified":"2026-04-21T16:46:48","modified_gmt":"2026-04-21T14:46:48","slug":"mandel-active-gel","status":"publish","type":"product","link":"https:\/\/oxxot.com\/fr\/prodotto\/mandel-active-gel\/","title":{"rendered":"WDR Mandel Active Gel"},"content":{"rendered":"<p><strong>WDR Mandel Active<\/strong> Gel est un gel exfoliant micro-peeling \u00e0 base d&rsquo;<strong>acide mand\u00e9lique<\/strong>, d&rsquo;antioxydants, d&rsquo;agents \u00e9claircissants et d&rsquo;acides amin\u00e9s.<\/p>\n<p>Son action r\u00e9novatrice affine le grain de peau, lisse les imperfections et donne un \u00e9clat imm\u00e9diat au visage.<\/p>\n<p>Il est id\u00e9al en traitement quotidien ou en soutien aux protocoles professionnels, am\u00e9liorant visiblement la qualit\u00e9 de la peau.<\/p>\n<p>Formule gel \u00e0 haute teneur en acide mand\u00e9lique en synergie avec des antioxydants, des inhibiteurs de MMs, des substances d\u00e9pigmentantes et stimulantes.<\/p>\n<p>L&rsquo;acide mand\u00e9lique a la particularit\u00e9 de pouvoir \u00eatre appliqu\u00e9 \u00e0 tous les types de peau et sans limitations saisonni\u00e8res particuli\u00e8res, car il n&rsquo;est ni irritant ni photosensibilisant.<\/p>\n","protected":false},"excerpt":{"rendered":"<p>WDR Mandel Active Gel est un gel exfoliant micro-peeling formul\u00e9 \u00e0 base d&rsquo;<strong>acide mand\u00e9lique<\/strong>, d&rsquo;antioxydants, d&rsquo;agents \u00e9claircissants et d&rsquo;acides amin\u00e9s. Son action r\u00e9novatrice affine le grain de peau, lisse les imperfections et donne instantan\u00e9ment de l&rsquo;\u00e9clat au visage. La texture gel garantit une absorption optimale et est id\u00e9ale \u00e0 la fois comme <strong>traitement quotidien<\/strong> et comme soutien aux <strong>protocoles professionnels<\/strong>, am\u00e9liorant visiblement la qualit\u00e9 de la peau. L&rsquo;acide mand\u00e9lique convient \u00e0 tous les types de peau et peut \u00eatre utilis\u00e9 toute l&rsquo;ann\u00e9e, car il est <strong>non irritant<\/strong> et <strong>non photosensibilisant<\/strong>.<\/p>\n","protected":false},"featured_media":10336,"comment_status":"open","ping_status":"closed","template":"","meta":{"_acf_changed":false},"patologia":[],"tipologia":[],"product_brand":[],"product_cat":[194],"product_tag":[210],"class_list":{"0":"post-9889","1":"product","2":"type-product","3":"status-publish","4":"has-post-thumbnail","6":"product_cat-wdr-home-care-home-care-line-fr","7":"product_tag-skin-fr","8":"page-type-home-care","10":"first","11":"instock","12":"featured","13":"purchasable","14":"product-type-simple"},"acf":[],"_links":{"self":[{"href":"https:\/\/oxxot.com\/fr\/wp-json\/wp\/v2\/product\/9889","targetHints":{"allow":["GET"]}}],"collection":[{"href":"https:\/\/oxxot.com\/fr\/wp-json\/wp\/v2\/product"}],"about":[{"href":"https:\/\/oxxot.com\/fr\/wp-json\/wp\/v2\/types\/product"}],"replies":[{"embeddable":true,"href":"https:\/\/oxxot.com\/fr\/wp-json\/wp\/v2\/comments?post=9889"}],"wp:featuredmedia":[{"embeddable":true,"href":"https:\/\/oxxot.com\/fr\/wp-json\/wp\/v2\/media\/10336"}],"wp:attachment":[{"href":"https:\/\/oxxot.com\/fr\/wp-json\/wp\/v2\/media?parent=9889"}],"wp:term":[{"taxonomy":"patologia","embeddable":true,"href":"https:\/\/oxxot.com\/fr\/wp-json\/wp\/v2\/patologia?post=9889"},{"taxonomy":"tipologia","embeddable":true,"href":"https:\/\/oxxot.com\/fr\/wp-json\/wp\/v2\/tipologia?post=9889"},{"taxonomy":"product_brand","embeddable":true,"href":"https:\/\/oxxot.com\/fr\/wp-json\/wp\/v2\/product_brand?post=9889"},{"taxonomy":"product_cat","embeddable":true,"href":"https:\/\/oxxot.com\/fr\/wp-json\/wp\/v2\/product_cat?post=9889"},{"taxonomy":"product_tag","embeddable":true,"href":"https:\/\/oxxot.com\/fr\/wp-json\/wp\/v2\/product_tag?post=9889"}],"curies":[{"name":"wp","href":"https:\/\/api.w.org\/{rel}","templated":true}]}}