{"id":9887,"date":"2023-12-20T14:41:09","date_gmt":"2023-12-20T13:41:09","guid":{"rendered":"https:\/\/oxxot.com\/prodotto\/mandel-foaming-wash\/"},"modified":"2026-03-05T16:17:18","modified_gmt":"2026-03-05T15:17:18","slug":"mandel-foaming-wash","status":"publish","type":"product","link":"https:\/\/oxxot.com\/fr\/prodotto\/mandel-foaming-wash\/","title":{"rendered":"WDR Mandel mousse lavante"},"content":{"rendered":"<p>Mandel Foaming Wash est un traitement au pH \u00e9quilibr\u00e9, contenant un puissant complexe d&rsquo;ingr\u00e9dients qui \u00e9limine efficacement les r\u00e9sidus de maquillage, les impuret\u00e9s et les agents polluants, laissant la peau douce, fra\u00eeche, lisse et radieuse. Il fournit une hydratation intense et maintient l&rsquo;\u00e9quilibre physiologique de la peau. <\/p>\n<ul>\n<li>Traitement doux et non exfoliant<\/li>\n<li>Nettoyant hautement d\u00e9sinfectant<\/li>\n<li>Ne modifie pas le film hydrolipidique de la peau<\/li>\n<li>Efficace dans l\u2019\u00e9limination des impuret\u00e9s et de l&rsquo;exc\u00e8s de s\u00e9bum<\/li>\n<li>Fournit une hydratation intense<\/li>\n<li>Maintient l&rsquo;\u00e9quilibre physiologique de la peau<\/li>\n<\/ul>\n<p>&nbsp;<\/p>\n<p><strong>Id\u00e9al pour les peaux normales \u00e0 s\u00e8ches, en particulier pour les peaux \u00e9paissies et sensibles avec des dyschromies cutan\u00e9es.<\/strong><\/p>\n","protected":false},"excerpt":{"rendered":"<p>Mandel <strong>Foaming Wash<\/strong> est une mousse nettoyante contenant de l&rsquo;acide mand\u00e9lique, des agents purifiants et des antioxydants, formul\u00e9e pour nettoyer la peau en profondeur et la renouveler en douceur.<\/p>\n<p>Sa texture douce \u00e9limine efficacement le maquillage, les impuret\u00e9s et les polluants, favorise la d\u00e9sobstruction des pores et aide \u00e0 pr\u00e9venir les imperfections, laissant la peau douce, lisse et \u00e9clatante.<\/p>\n<p><strong>Directions<\/strong><\/p>\n<ul>\n<li>Peau normale \u00e0 s\u00e8che<\/li>\n<li>Peau \u00e9paissie, sensible ou d\u00e9color\u00e9e<\/li>\n<li>Id\u00e9al en compl\u00e9ment des traitements professionnels (peeling, laser, filler, Botox)<\/li>\n<\/ul>\n<p>&nbsp;<\/p>\n<p>Mandel Foaming Wash est un traitement au pH \u00e9quilibr\u00e9, contenant un puissant complexe d&rsquo;ingr\u00e9dients qui \u00e9limine efficacement les r\u00e9sidus de maquillage, les impuret\u00e9s et les agents polluants, laissant la peau douce, fra\u00eeche, lisse et radieuse. Il fournit une hydratation intense et maintient l&rsquo;\u00e9quilibre physiologique de la peau. <\/p>\n<ul>\n<li>Traitement doux et non exfoliant<\/li>\n<li>Nettoyant hautement d\u00e9sinfectant<\/li>\n<li>Ne modifie pas le film hydrolipidique de la peau<\/li>\n<li>Efficace dans l\u2019\u00e9limination des impuret\u00e9s et de l&rsquo;exc\u00e8s de s\u00e9bum<\/li>\n<li>Fournit une hydratation intense<\/li>\n<li>Maintient l&rsquo;\u00e9quilibre physiologique de la peau<\/li>\n<\/ul>\n<p>&nbsp;<\/p>\n<p><strong>Id\u00e9al pour les peaux normales \u00e0 s\u00e8ches, en particulier pour les peaux \u00e9paissies et sensibles avec des dyschromies cutan\u00e9es.<\/strong><\/p>\n","protected":false},"featured_media":10320,"comment_status":"open","ping_status":"closed","template":"","meta":{"_acf_changed":false},"patologia":[],"tipologia":[],"product_brand":[],"product_cat":[194],"product_tag":[211,221,220],"class_list":{"0":"post-9887","1":"product","2":"type-product","3":"status-publish","4":"has-post-thumbnail","6":"product_cat-wdr-home-care-home-care-line-fr","7":"product_tag-home-care-peeling-fr","8":"product_tag-routine-beaute","9":"product_tag-soins-de-la-peau","10":"page-type-home-care","12":"first","13":"instock","14":"shipping-taxable","15":"purchasable","16":"product-type-simple"},"acf":[],"_links":{"self":[{"href":"https:\/\/oxxot.com\/fr\/wp-json\/wp\/v2\/product\/9887","targetHints":{"allow":["GET"]}}],"collection":[{"href":"https:\/\/oxxot.com\/fr\/wp-json\/wp\/v2\/product"}],"about":[{"href":"https:\/\/oxxot.com\/fr\/wp-json\/wp\/v2\/types\/product"}],"replies":[{"embeddable":true,"href":"https:\/\/oxxot.com\/fr\/wp-json\/wp\/v2\/comments?post=9887"}],"wp:featuredmedia":[{"embeddable":true,"href":"https:\/\/oxxot.com\/fr\/wp-json\/wp\/v2\/media\/10320"}],"wp:attachment":[{"href":"https:\/\/oxxot.com\/fr\/wp-json\/wp\/v2\/media?parent=9887"}],"wp:term":[{"taxonomy":"patologia","embeddable":true,"href":"https:\/\/oxxot.com\/fr\/wp-json\/wp\/v2\/patologia?post=9887"},{"taxonomy":"tipologia","embeddable":true,"href":"https:\/\/oxxot.com\/fr\/wp-json\/wp\/v2\/tipologia?post=9887"},{"taxonomy":"product_brand","embeddable":true,"href":"https:\/\/oxxot.com\/fr\/wp-json\/wp\/v2\/product_brand?post=9887"},{"taxonomy":"product_cat","embeddable":true,"href":"https:\/\/oxxot.com\/fr\/wp-json\/wp\/v2\/product_cat?post=9887"},{"taxonomy":"product_tag","embeddable":true,"href":"https:\/\/oxxot.com\/fr\/wp-json\/wp\/v2\/product_tag?post=9887"}],"curies":[{"name":"wp","href":"https:\/\/api.w.org\/{rel}","templated":true}]}}