{"id":9885,"date":"2023-12-20T14:41:09","date_gmt":"2023-12-20T13:41:09","guid":{"rendered":"https:\/\/oxxot.com\/prodotto\/mandel-white-cream\/"},"modified":"2026-04-21T16:42:32","modified_gmt":"2026-04-21T14:42:32","slug":"mandel-white-cream","status":"publish","type":"product","link":"https:\/\/oxxot.com\/fr\/prodotto\/mandel-white-cream\/","title":{"rendered":"WDR Mandel White Cream &#8211; Cr\u00e8me blanchissante"},"content":{"rendered":"<p>WDR Mandel White Cream<\/p>\n<p>Cette formulation combine un ensemble d&rsquo;agents actifs d\u00e9pigmentants qui aident \u00e0 \u00e9liminer la pigmentation existante et \u00e0 pr\u00e9venir la formation de nouvelles taches.<\/p>\n<p>Des antioxydants et des hydratants, des AHA et des filtres solaires enrichissent la cr\u00e8me.<br \/>\nEn raison de son action hautement \u00e9claircissante, elle peut \u00eatre utilis\u00e9e comme traitement d&rsquo;entretien quotidien des th\u00e9rapies professionnelles ou comme compl\u00e9ment \u00e0 d&rsquo;autres traitements \u00e9claircissants.<\/p>\n<p><strong>Convient \u00e0 tous les types de peaux<\/strong>.<\/p>\n","protected":false},"excerpt":{"rendered":"<p><strong>WDR Mandel White Cream<\/strong> est un traitement intensif \u00e0 usage domestique tr\u00e8s efficace, formul\u00e9 pour am\u00e9liorer et pr\u00e9venir tous les types de taches d&rsquo;origine m\u00e9lanique, comme le m\u00e9lasma, le chloasma, les taches solaires, les taches de vieillesse et les pigmentations post-inflammatoires : il r\u00e9duit sensiblement les probl\u00e8mes de pigmentation et unifie la tonalit\u00e9 des pigments en inhibant la production de m\u00e9lanine. Sa formule associe de l&rsquo;<strong>acide mand\u00e9lique<\/strong>, des agents \u00e9claircissants, des antioxydants, des hydratants, des AHA et des filtres solaires, offrant ainsi une action globale tant sur les taches existantes que sur la pr\u00e9vention de nouvelles dyschromies. <\/p>\n<p><strong>Directions<\/strong><\/p>\n<ul>\n<li>M\u00e9lasma et chloasma<\/li>\n<li>Taches de soleil et de vieillesse<\/li>\n<li>D\u00e9colorations \u00e0 l&rsquo;h\u00e9mosid\u00e9rine<\/li>\n<li>Taches post-laser<\/li>\n<li>Adjuvant aux traitements m\u00e9dico-esth\u00e9tiques (peeling chimique)<\/li>\n<li>Convient \u00e0 tous les phototypes (l&rsquo;acide mand\u00e9lique n&rsquo;est pas photosensibilisant).<\/li>\n<\/ul>\n","protected":false},"featured_media":10340,"comment_status":"open","ping_status":"closed","template":"","meta":{"_acf_changed":false},"patologia":[],"tipologia":[],"product_brand":[],"product_cat":[194],"product_tag":[211,210],"class_list":{"0":"post-9885","1":"product","2":"type-product","3":"status-publish","4":"has-post-thumbnail","6":"product_cat-wdr-home-care-home-care-line-fr","7":"product_tag-home-care-peeling-fr","8":"product_tag-skin-fr","9":"page-type-home-care","11":"first","12":"instock","13":"shipping-taxable","14":"purchasable","15":"product-type-simple"},"acf":[],"_links":{"self":[{"href":"https:\/\/oxxot.com\/fr\/wp-json\/wp\/v2\/product\/9885","targetHints":{"allow":["GET"]}}],"collection":[{"href":"https:\/\/oxxot.com\/fr\/wp-json\/wp\/v2\/product"}],"about":[{"href":"https:\/\/oxxot.com\/fr\/wp-json\/wp\/v2\/types\/product"}],"replies":[{"embeddable":true,"href":"https:\/\/oxxot.com\/fr\/wp-json\/wp\/v2\/comments?post=9885"}],"wp:featuredmedia":[{"embeddable":true,"href":"https:\/\/oxxot.com\/fr\/wp-json\/wp\/v2\/media\/10340"}],"wp:attachment":[{"href":"https:\/\/oxxot.com\/fr\/wp-json\/wp\/v2\/media?parent=9885"}],"wp:term":[{"taxonomy":"patologia","embeddable":true,"href":"https:\/\/oxxot.com\/fr\/wp-json\/wp\/v2\/patologia?post=9885"},{"taxonomy":"tipologia","embeddable":true,"href":"https:\/\/oxxot.com\/fr\/wp-json\/wp\/v2\/tipologia?post=9885"},{"taxonomy":"product_brand","embeddable":true,"href":"https:\/\/oxxot.com\/fr\/wp-json\/wp\/v2\/product_brand?post=9885"},{"taxonomy":"product_cat","embeddable":true,"href":"https:\/\/oxxot.com\/fr\/wp-json\/wp\/v2\/product_cat?post=9885"},{"taxonomy":"product_tag","embeddable":true,"href":"https:\/\/oxxot.com\/fr\/wp-json\/wp\/v2\/product_tag?post=9885"}],"curies":[{"name":"wp","href":"https:\/\/api.w.org\/{rel}","templated":true}]}}