{"id":9883,"date":"2023-12-20T14:41:09","date_gmt":"2023-12-20T13:41:09","guid":{"rendered":"https:\/\/oxxot.com\/prodotto\/mandel-barcode-system\/"},"modified":"2026-04-21T16:41:00","modified_gmt":"2026-04-21T14:41:00","slug":"mandel-barcode-system","status":"publish","type":"product","link":"https:\/\/oxxot.com\/fr\/prodotto\/mandel-barcode-system\/","title":{"rendered":"Syst\u00e8me de code-barres WDR Mandel"},"content":{"rendered":"<p>Le WDR MANDEL BARCODE SYSTEM est sp\u00e9cifiquement con\u00e7u pour r\u00e9duire et contrer la formation des rides p\u00e9rilabiales caus\u00e9es par le tabagisme, l&rsquo;expression faciale et le vieillissement physiologique de la peau.<\/p>\n<p>Le syst\u00e8me triphas\u00e9 est formul\u00e9 pour :<\/p>\n<ul>\n<li>R\u00e9duire l&rsquo;apparition des lignes verticales et des rides<\/li>\n<li>Stimuler la synth\u00e8se de collag\u00e8ne et d&rsquo;\u00e9lastine<\/li>\n<li>Augmenter l&rsquo;\u00e9lasticit\u00e9 de la peau<\/li>\n<\/ul>\n<p><strong><br \/>\nConvient \u00e0 tous les phototypes de peau<\/strong><\/p>\n<p>Le traitement se d\u00e9roule en 3 phases :<\/p>\n<p><strong>PHASE 1<\/strong>: micro-gommage exfoliant qui pr\u00e9pare la peau \u00e0 l&rsquo;action de la phase 2<br \/>\n<strong>PHASE 2<\/strong>: Gel lissant \u00e0 l&rsquo;acide mand\u00e9lique \u00e0 action lissante, hydratante et \u00e9claircissante, stimulant le renouvellement cellulaire.<br \/>\n<strong>PHASE 3<\/strong>: Cr\u00e8me apaisante et r\u00e9sistante \u00e0 l&rsquo;action apaisante, r\u00e9paratrice et protectrice, qui stimule le processus de r\u00e9\u00e9pith\u00e9lisation de la peau et r\u00e9tablit un niveau d&rsquo;hydratation optimal.<strong><br \/>\n<\/strong><\/p>\n","protected":false},"excerpt":{"rendered":"<p>Le <strong>syst\u00e8me WDR Mandel Barcode<\/strong> est un traitement dermocosm\u00e9tique intensif <strong>en trois phases<\/strong> sp\u00e9cialement con\u00e7u pour am\u00e9liorer les <strong>rides p\u00e9rilabiales<\/strong>, connues sous le nom de <em>rides du code-barres<\/em>. Sa formulation avanc\u00e9e combine l&rsquo;exfoliation, le lissage et la r\u00e9paration de la peau pour r\u00e9duire les rides verticales de la l\u00e8vre sup\u00e9rieure, stimuler le renouvellement cellulaire et am\u00e9liorer l&rsquo;\u00e9lasticit\u00e9 et la fermet\u00e9. <\/p>\n<p>Traitement dermocosm\u00e9tique intensif sp\u00e9cifiquement con\u00e7u pour r\u00e9duire et contrer la formation des rides p\u00e9ribuccales (rides verticales de la zone labiale sup\u00e9rieure, \u00e9galement connues sous le nom de BARCODE), caus\u00e9es par le tabagisme, les expressions faciales et le vieillissement cutan\u00e9 physiologique.<\/p>\n<p>&nbsp;<\/p>\n","protected":false},"featured_media":9884,"comment_status":"open","ping_status":"closed","template":"","meta":{"_acf_changed":false},"patologia":[],"tipologia":[],"product_brand":[],"product_cat":[194],"product_tag":[211,210],"class_list":{"0":"post-9883","1":"product","2":"type-product","3":"status-publish","4":"has-post-thumbnail","6":"product_cat-wdr-home-care-home-care-line-fr","7":"product_tag-home-care-peeling-fr","8":"product_tag-skin-fr","9":"page-type-home-care","11":"first","12":"instock","13":"shipping-taxable","14":"purchasable","15":"product-type-simple"},"acf":[],"_links":{"self":[{"href":"https:\/\/oxxot.com\/fr\/wp-json\/wp\/v2\/product\/9883","targetHints":{"allow":["GET"]}}],"collection":[{"href":"https:\/\/oxxot.com\/fr\/wp-json\/wp\/v2\/product"}],"about":[{"href":"https:\/\/oxxot.com\/fr\/wp-json\/wp\/v2\/types\/product"}],"replies":[{"embeddable":true,"href":"https:\/\/oxxot.com\/fr\/wp-json\/wp\/v2\/comments?post=9883"}],"wp:featuredmedia":[{"embeddable":true,"href":"https:\/\/oxxot.com\/fr\/wp-json\/wp\/v2\/media\/9884"}],"wp:attachment":[{"href":"https:\/\/oxxot.com\/fr\/wp-json\/wp\/v2\/media?parent=9883"}],"wp:term":[{"taxonomy":"patologia","embeddable":true,"href":"https:\/\/oxxot.com\/fr\/wp-json\/wp\/v2\/patologia?post=9883"},{"taxonomy":"tipologia","embeddable":true,"href":"https:\/\/oxxot.com\/fr\/wp-json\/wp\/v2\/tipologia?post=9883"},{"taxonomy":"product_brand","embeddable":true,"href":"https:\/\/oxxot.com\/fr\/wp-json\/wp\/v2\/product_brand?post=9883"},{"taxonomy":"product_cat","embeddable":true,"href":"https:\/\/oxxot.com\/fr\/wp-json\/wp\/v2\/product_cat?post=9883"},{"taxonomy":"product_tag","embeddable":true,"href":"https:\/\/oxxot.com\/fr\/wp-json\/wp\/v2\/product_tag?post=9883"}],"curies":[{"name":"wp","href":"https:\/\/api.w.org\/{rel}","templated":true}]}}