{"id":9881,"date":"2023-12-20T14:41:09","date_gmt":"2023-12-20T13:41:09","guid":{"rendered":"https:\/\/oxxot.com\/prodotto\/mandel-x\/"},"modified":"2023-12-20T14:41:09","modified_gmt":"2023-12-20T13:41:09","slug":"mandel-x","status":"publish","type":"product","link":"https:\/\/oxxot.com\/fr\/prodotto\/mandel-x\/","title":{"rendered":"Mandel X"},"content":{"rendered":"<p>Mandel X stimule la r\u00e9g\u00e9n\u00e9ration des tissus gr\u00e2ce \u00e0 l&rsquo;activation induite par le pool d&rsquo;agents chimiques exfoliants contenus dans le peeling. Les propri\u00e9t\u00e9s antioxydantes, antibact\u00e9riennes, s\u00e9bor\u00e9gulatrices, hydratantes et \u00e9claircissantes rendent ce peeling chimique particuli\u00e8rement indiqu\u00e9 pour traiter les dommages cutan\u00e9s sur les peaux sensibles, avec de bons r\u00e9sultats de r\u00e9paration et de r\u00e9activation de la peau, sans causer de br\u00fblures ni d&rsquo;\u00e9ruptions cutan\u00e9es. Id\u00e9al pour les peaux jeunes et sensibles, et en combinaison avec d&rsquo;autres proc\u00e9dures esth\u00e9tiques professionnelles.<\/p>\n<ul>\n<li style=\"list-style-type: none;\">\n<ul>\n<li>Adapt\u00e9 \u00e0 un usage tout au long de l&rsquo;ann\u00e9e (y compris l&rsquo;\u00e9t\u00e9) et pour tous les phototypes de peau ;<\/li>\n<li>Ne provoque ni sensation de br\u00fblure ni d\u00e9mangeaison pendant l&rsquo;application ;<\/li>\n<li>Pas de temps d\u2019arr\u00eat.<\/li>\n<\/ul>\n<\/li>\n<\/ul>\n<p>&nbsp;<\/p>\n<p><strong>Il est recommand\u00e9 de renforcer et d&rsquo;augmenter le r\u00e9gime de soins \u00e0 domicile pour am\u00e9liorer les r\u00e9sultats du traitement professionnel.<\/strong><\/p>\n","protected":false},"excerpt":{"rendered":"<p>Traitement de Peeling Professionnel \u00e0 base d&rsquo;Acide Mand\u00e9lique, renforc\u00e9 par de l&rsquo;Acide Citrique, de la Querc\u00e9tine et de l&rsquo;Acide Phytique, sp\u00e9cifiquement indiqu\u00e9 pour : la peau s\u00e9borrh\u00e9ique, le chrono-vieillissement et le photo-vieillissement (l\u00e9gers ou mod\u00e9r\u00e9s), la peau d\u00e9shydrat\u00e9e, ainsi que pour am\u00e9liorer la texture et la luminosit\u00e9 de la peau.<\/p>\n","protected":false},"featured_media":10312,"comment_status":"open","ping_status":"closed","template":"","meta":{"_acf_changed":false},"patologia":[],"tipologia":[],"product_brand":[],"product_cat":[204],"product_tag":[210],"class_list":{"0":"post-9881","1":"product","2":"type-product","3":"status-publish","4":"has-post-thumbnail","6":"product_cat-wdr-professional-line-fr","7":"product_tag-skin-fr","8":"page-type-home-care","10":"first","11":"instock","12":"taxable","13":"shipping-taxable","14":"purchasable","15":"product-type-simple"},"acf":[],"_links":{"self":[{"href":"https:\/\/oxxot.com\/fr\/wp-json\/wp\/v2\/product\/9881","targetHints":{"allow":["GET"]}}],"collection":[{"href":"https:\/\/oxxot.com\/fr\/wp-json\/wp\/v2\/product"}],"about":[{"href":"https:\/\/oxxot.com\/fr\/wp-json\/wp\/v2\/types\/product"}],"replies":[{"embeddable":true,"href":"https:\/\/oxxot.com\/fr\/wp-json\/wp\/v2\/comments?post=9881"}],"wp:featuredmedia":[{"embeddable":true,"href":"https:\/\/oxxot.com\/fr\/wp-json\/wp\/v2\/media\/10312"}],"wp:attachment":[{"href":"https:\/\/oxxot.com\/fr\/wp-json\/wp\/v2\/media?parent=9881"}],"wp:term":[{"taxonomy":"patologia","embeddable":true,"href":"https:\/\/oxxot.com\/fr\/wp-json\/wp\/v2\/patologia?post=9881"},{"taxonomy":"tipologia","embeddable":true,"href":"https:\/\/oxxot.com\/fr\/wp-json\/wp\/v2\/tipologia?post=9881"},{"taxonomy":"product_brand","embeddable":true,"href":"https:\/\/oxxot.com\/fr\/wp-json\/wp\/v2\/product_brand?post=9881"},{"taxonomy":"product_cat","embeddable":true,"href":"https:\/\/oxxot.com\/fr\/wp-json\/wp\/v2\/product_cat?post=9881"},{"taxonomy":"product_tag","embeddable":true,"href":"https:\/\/oxxot.com\/fr\/wp-json\/wp\/v2\/product_tag?post=9881"}],"curies":[{"name":"wp","href":"https:\/\/api.w.org\/{rel}","templated":true}]}}