{"id":9879,"date":"2023-12-20T14:41:09","date_gmt":"2023-12-20T13:41:09","guid":{"rendered":"https:\/\/oxxot.com\/prodotto\/mandel\/"},"modified":"2026-03-26T15:17:48","modified_gmt":"2026-03-26T14:17:48","slug":"mandel","status":"publish","type":"product","link":"https:\/\/oxxot.com\/fr\/prodotto\/mandel\/","title":{"rendered":"Mandel +"},"content":{"rendered":"<p><strong>Gel Pr\u00e9-Peeling Scrub contenant de l&rsquo;Acide Mand\u00e9lique, un m\u00e9lange d&rsquo;AHA, de l&rsquo;Acide Az\u00e9la\u00efque et des microgranules, qui \u00e9limine en profondeur les cellules mortes, les impuret\u00e9s et les r\u00e9sidus de maquillage.<\/strong><\/p>\n<ul>\n<li>Adapt\u00e9 \u00e0 un usage tout au long de l\u2019ann\u00e9e (y compris en \u00e9t\u00e9) et pour tous les phototypes de peau.<\/li>\n<li>Aucun effet de br\u00fblure ou de d\u00e9mangeaison pendant l\u2019application (ou l\u00e9ger).<\/li>\n<li>Pas de temps d\u2019arr\u00eat.<\/li>\n<\/ul>\n<p>&nbsp;<\/p>\n<p><strong>Il est recommand\u00e9 de suivre un r\u00e9gime de soins \u00e0 domicile pour renforcer et augmenter les r\u00e9sultats du traitement professionnel.<\/strong><\/p>\n","protected":false},"excerpt":{"rendered":"<p>Traitement de Peeling Professionnel \u00e0 base d&rsquo;Acide Mand\u00e9lique, renforc\u00e9 par de la Lactoferrine, de l&rsquo;Acide Phytique, de l&rsquo;Acide Citrique et de la Querc\u00e9tine, sp\u00e9cifiquement indiqu\u00e9 pour l&rsquo;hyperpigmentation d&rsquo;origine m\u00e9lanique, pr\u00e9f\u00e9rentiellement localis\u00e9e au niveau de l&rsquo;\u00e9piderme.<\/p>\n","protected":false},"featured_media":10308,"comment_status":"open","ping_status":"closed","template":"","meta":{"_acf_changed":false},"patologia":[],"tipologia":[],"product_brand":[],"product_cat":[205,196,204],"product_tag":[210],"class_list":{"0":"post-9879","1":"product","2":"type-product","3":"status-publish","4":"has-post-thumbnail","6":"product_cat-peel-fr","7":"product_cat-professional-line-fr","8":"product_cat-wdr-professional-line-fr","9":"product_tag-skin-fr","10":"page-type-home-care","12":"first","13":"instock","14":"taxable","15":"shipping-taxable","16":"purchasable","17":"product-type-simple"},"acf":[],"_links":{"self":[{"href":"https:\/\/oxxot.com\/fr\/wp-json\/wp\/v2\/product\/9879","targetHints":{"allow":["GET"]}}],"collection":[{"href":"https:\/\/oxxot.com\/fr\/wp-json\/wp\/v2\/product"}],"about":[{"href":"https:\/\/oxxot.com\/fr\/wp-json\/wp\/v2\/types\/product"}],"replies":[{"embeddable":true,"href":"https:\/\/oxxot.com\/fr\/wp-json\/wp\/v2\/comments?post=9879"}],"wp:featuredmedia":[{"embeddable":true,"href":"https:\/\/oxxot.com\/fr\/wp-json\/wp\/v2\/media\/10308"}],"wp:attachment":[{"href":"https:\/\/oxxot.com\/fr\/wp-json\/wp\/v2\/media?parent=9879"}],"wp:term":[{"taxonomy":"patologia","embeddable":true,"href":"https:\/\/oxxot.com\/fr\/wp-json\/wp\/v2\/patologia?post=9879"},{"taxonomy":"tipologia","embeddable":true,"href":"https:\/\/oxxot.com\/fr\/wp-json\/wp\/v2\/tipologia?post=9879"},{"taxonomy":"product_brand","embeddable":true,"href":"https:\/\/oxxot.com\/fr\/wp-json\/wp\/v2\/product_brand?post=9879"},{"taxonomy":"product_cat","embeddable":true,"href":"https:\/\/oxxot.com\/fr\/wp-json\/wp\/v2\/product_cat?post=9879"},{"taxonomy":"product_tag","embeddable":true,"href":"https:\/\/oxxot.com\/fr\/wp-json\/wp\/v2\/product_tag?post=9879"}],"curies":[{"name":"wp","href":"https:\/\/api.w.org\/{rel}","templated":true}]}}