{"id":9877,"date":"2023-12-20T14:41:09","date_gmt":"2023-12-20T13:41:09","guid":{"rendered":"https:\/\/oxxot.com\/prodotto\/mandel-scrub\/"},"modified":"2023-12-20T14:41:09","modified_gmt":"2023-12-20T13:41:09","slug":"mandel-scrub","status":"publish","type":"product","link":"https:\/\/oxxot.com\/fr\/prodotto\/mandel-scrub\/","title":{"rendered":"Mandel Scrub"},"content":{"rendered":"<p>Mandel Scrub combine des agents chimiques qui exfolient chimiquement les cellules mortes et des microgranules qui r\u00e9alisent une exfoliation m\u00e9canique semblable \u00e0 la microdermabrasion, sans pour autant ass\u00e9cher<br \/>\nni endommager la peau.<\/p>\n<p>Formul\u00e9 pour rendre la surface cutan\u00e9e plus r\u00e9ceptive \u00e0 la p\u00e9n\u00e9tration et \u00e0 l&rsquo;absorption des substances actives contenues dans le Peeling.<\/p>\n<p>Sp\u00e9cifiquement con\u00e7u pour pr\u00e9parer la peau avant tout traitement de Peeling Professionnel. <\/p>\n<p><strong>Adapt\u00e9 \u00e0 tous les types de peau et \u00e0 toutes les saisons.<\/strong><\/p>\n","protected":false},"excerpt":{"rendered":"<p>Gel Pr\u00e9-Peeling Scrub contenant de l&rsquo;Acide Mand\u00e9lique, un Pool d&rsquo;AHA, de l&rsquo;Acide Az\u00e9la\u00efque et des microgranules, qui \u00e9limine en profondeur les cellules mortes, les impuret\u00e9s et les traces de maquillage.<\/p>\n","protected":false},"featured_media":10296,"comment_status":"open","ping_status":"closed","template":"","meta":{"_acf_changed":false},"patologia":[],"tipologia":[],"product_brand":[],"product_cat":[207,204],"product_tag":[],"class_list":{"0":"post-9877","1":"product","2":"type-product","3":"status-publish","4":"has-post-thumbnail","6":"product_cat-pre-peel-fr","7":"product_cat-wdr-professional-line-fr","8":"page-type-home-care","10":"first","11":"instock","12":"taxable","13":"shipping-taxable","14":"purchasable","15":"product-type-simple"},"acf":[],"_links":{"self":[{"href":"https:\/\/oxxot.com\/fr\/wp-json\/wp\/v2\/product\/9877","targetHints":{"allow":["GET"]}}],"collection":[{"href":"https:\/\/oxxot.com\/fr\/wp-json\/wp\/v2\/product"}],"about":[{"href":"https:\/\/oxxot.com\/fr\/wp-json\/wp\/v2\/types\/product"}],"replies":[{"embeddable":true,"href":"https:\/\/oxxot.com\/fr\/wp-json\/wp\/v2\/comments?post=9877"}],"wp:featuredmedia":[{"embeddable":true,"href":"https:\/\/oxxot.com\/fr\/wp-json\/wp\/v2\/media\/10296"}],"wp:attachment":[{"href":"https:\/\/oxxot.com\/fr\/wp-json\/wp\/v2\/media?parent=9877"}],"wp:term":[{"taxonomy":"patologia","embeddable":true,"href":"https:\/\/oxxot.com\/fr\/wp-json\/wp\/v2\/patologia?post=9877"},{"taxonomy":"tipologia","embeddable":true,"href":"https:\/\/oxxot.com\/fr\/wp-json\/wp\/v2\/tipologia?post=9877"},{"taxonomy":"product_brand","embeddable":true,"href":"https:\/\/oxxot.com\/fr\/wp-json\/wp\/v2\/product_brand?post=9877"},{"taxonomy":"product_cat","embeddable":true,"href":"https:\/\/oxxot.com\/fr\/wp-json\/wp\/v2\/product_cat?post=9877"},{"taxonomy":"product_tag","embeddable":true,"href":"https:\/\/oxxot.com\/fr\/wp-json\/wp\/v2\/product_tag?post=9877"}],"curies":[{"name":"wp","href":"https:\/\/api.w.org\/{rel}","templated":true}]}}