{"id":9872,"date":"2023-12-20T14:41:09","date_gmt":"2023-12-20T13:41:09","guid":{"rendered":"https:\/\/oxxot.com\/prodotto\/micro-hyal-professional\/"},"modified":"2026-04-10T16:45:48","modified_gmt":"2026-04-10T14:45:48","slug":"micro-hyal-professional","status":"publish","type":"product","link":"https:\/\/oxxot.com\/fr\/prodotto\/micro-hyal-professional\/","title":{"rendered":"WDR Micro Hyal Professional"},"content":{"rendered":"<p>Wdr Micro Hyal Professional est une cr\u00e8me professionnelle formul\u00e9e pour la bio-r\u00e9g\u00e9n\u00e9ration des parties endommag\u00e9es : elle favorise l&rsquo;activation des fibroblastes pour la n\u00e9oformation des composants de la matrice et la normalisation de son \u00e9tat collo\u00efdal (normalisation de l&rsquo;hydratation).<\/p>\n<p>Cette formulation particuli\u00e8re doit son caract\u00e8re unique \u00e0 la pr\u00e9sence de fragments d&rsquo;acide hyaluronique de faible poids mol\u00e9culaire (&lt; 8 millions de daltons) qui p\u00e9n\u00e8trent en profondeur pour assurer \u00e9lasticit\u00e9 et fermet\u00e9.<\/p>\n<p>Une puissante combinaison d&rsquo;acides amin\u00e9s, d&rsquo;antioxydants, de pr\u00e9curseurs de composants de la matrice, d&rsquo;agents ch\u00e9lateurs et d&rsquo;inhibiteurs de MMPs rend cette cr\u00e8me particuli\u00e8rement adapt\u00e9e au traitement de la peau endommag\u00e9e et d\u00e9shydrat\u00e9e apr\u00e8s toute m\u00e9thode professionnelle invasive (Peeling, Filler, Needling, Laser, Radio Frequency).<\/p>\n","protected":false},"excerpt":{"rendered":"<p><strong>WDR MICRO HYAL PROFESSIONAL &#8211; Post-Professional Repair Treatment <\/strong><\/p>\n<p>Formule avanc\u00e9e qui favorise la r\u00e9\u00e9pith\u00e9lialisation et la r\u00e9paration des tissus, en r\u00e9tablissant les niveaux d&rsquo;hydratation de la peau apr\u00e8s des traitements tels que le peeling, les fillers, l&rsquo;aiguilletage ou le laser.<\/p>\n<p>Il exerce une action apaisante, r\u00e9g\u00e9n\u00e9rante et protectrice gr\u00e2ce \u00e0 des fragments d&rsquo;acide hyaluronique de faible poids mol\u00e9culaire, des inhibiteurs de MMPs, des acides amin\u00e9s, des antioxydants et des agents de ch\u00e9lation.<\/p>\n<p><strong>Actifs :<\/strong> Fragments d&rsquo;acide hyaluronique &lt;8 MDa, inhibiteurs de MMPs, complexe d&rsquo;acides amin\u00e9s et d&rsquo;antioxydants, agents ch\u00e9lateurs, pr\u00e9curseurs de la matrice.<\/p>\n","protected":false},"featured_media":10332,"comment_status":"open","ping_status":"closed","template":"","meta":{"_acf_changed":false},"patologia":[],"tipologia":[],"product_brand":[],"product_cat":[206,204],"product_tag":[210],"class_list":{"0":"post-9872","1":"product","2":"type-product","3":"status-publish","4":"has-post-thumbnail","6":"product_cat-post-peel-fr","7":"product_cat-wdr-professional-line-fr","8":"product_tag-skin-fr","9":"page-type-home-care","11":"first","12":"instock","13":"featured","14":"taxable","15":"shipping-taxable","16":"purchasable","17":"product-type-simple"},"acf":[],"_links":{"self":[{"href":"https:\/\/oxxot.com\/fr\/wp-json\/wp\/v2\/product\/9872","targetHints":{"allow":["GET"]}}],"collection":[{"href":"https:\/\/oxxot.com\/fr\/wp-json\/wp\/v2\/product"}],"about":[{"href":"https:\/\/oxxot.com\/fr\/wp-json\/wp\/v2\/types\/product"}],"replies":[{"embeddable":true,"href":"https:\/\/oxxot.com\/fr\/wp-json\/wp\/v2\/comments?post=9872"}],"wp:featuredmedia":[{"embeddable":true,"href":"https:\/\/oxxot.com\/fr\/wp-json\/wp\/v2\/media\/10332"}],"wp:attachment":[{"href":"https:\/\/oxxot.com\/fr\/wp-json\/wp\/v2\/media?parent=9872"}],"wp:term":[{"taxonomy":"patologia","embeddable":true,"href":"https:\/\/oxxot.com\/fr\/wp-json\/wp\/v2\/patologia?post=9872"},{"taxonomy":"tipologia","embeddable":true,"href":"https:\/\/oxxot.com\/fr\/wp-json\/wp\/v2\/tipologia?post=9872"},{"taxonomy":"product_brand","embeddable":true,"href":"https:\/\/oxxot.com\/fr\/wp-json\/wp\/v2\/product_brand?post=9872"},{"taxonomy":"product_cat","embeddable":true,"href":"https:\/\/oxxot.com\/fr\/wp-json\/wp\/v2\/product_cat?post=9872"},{"taxonomy":"product_tag","embeddable":true,"href":"https:\/\/oxxot.com\/fr\/wp-json\/wp\/v2\/product_tag?post=9872"}],"curies":[{"name":"wp","href":"https:\/\/api.w.org\/{rel}","templated":true}]}}