{"id":9866,"date":"2023-12-20T14:41:09","date_gmt":"2023-12-20T13:41:09","guid":{"rendered":"https:\/\/oxxot.com\/prodotto\/mandel-post-peel\/"},"modified":"2026-04-10T16:50:52","modified_gmt":"2026-04-10T14:50:52","slug":"mandel-post-peel","status":"publish","type":"product","link":"https:\/\/oxxot.com\/fr\/prodotto\/mandel-post-peel\/","title":{"rendered":"WDR Mandel Post Peel"},"content":{"rendered":"<p>WDR Mandel Post Peel est une cr\u00e8me professionnelle post peeling aux propri\u00e9t\u00e9s nourrissantes, apaisantes, anti-\u00e2ge, inflammatoires et antioxydantes.<\/p>\n<p>Gr\u00e2ce \u00e0 la pr\u00e9sence de substances anti-\u00e2ge et biorevitalisantes, cette formulation optimise et favorise les effets du peeling chimique, en compl\u00e9tant l&rsquo;action pr\u00e9alable du peeling lui-m\u00eame.<\/p>\n<p>Utilis\u00e9 dans le cadre de tout protocole pour nourrir et apaiser la peau, il cr\u00e9e un environnement id\u00e9al pour favoriser le processus de gu\u00e9rison en apportant des nutriments essentiels \u00e0 la peau et en luttant contre l&rsquo;inflammation.<\/p>\n<ul>\n<li>cr\u00e8me post-peeling<\/li>\n<li>traitement ult\u00e9rieur apaisant<\/li>\n<li>cr\u00e8me visage r\u00e9-\u00e9pith\u00e9lialisante<\/li>\n<li>acide hyaluronique post peeling<\/li>\n<li>cr\u00e8me d\u00e9congestionnante pour le visage<\/li>\n<li>soins de la peau apr\u00e8s traitement<\/li>\n<\/ul>\n<div><\/div>\n<p>&nbsp;<\/p>\n","protected":false},"excerpt":{"rendered":"<p><strong>WDR MANDEL POST PEEL &#8211; Cr\u00e8me apaisante post-traitement<\/strong><\/p>\n<p>Formule sp\u00e9cifique post-peeling qui favorise le processus de gu\u00e9rison, apporte des nutriments essentiels et lutte contre l&rsquo;inflammation.<\/p>\n<p>Exerce une action d\u00e9congestionnante, apaisante et \u00e9molliente, favorisant la r\u00e9\u00e9pith\u00e9lialisation de la peau.<\/p>\n<p>Avec des complexes apaisants, de l&rsquo;acide hyaluronique, des actifs anti-\u00e2ge et des antioxydants pour une r\u00e9cup\u00e9ration rapide et confortable.<\/p>\n<p><strong>Ingr\u00e9dients actifs<\/strong>: Complexe apaisant, acide hyaluronique, complexe anti-\u00e2ge, antioxydants.<\/p>\n","protected":false},"featured_media":10350,"comment_status":"open","ping_status":"closed","template":"","meta":{"_acf_changed":false},"patologia":[],"tipologia":[],"product_brand":[],"product_cat":[206,204],"product_tag":[210],"class_list":{"0":"post-9866","1":"product","2":"type-product","3":"status-publish","4":"has-post-thumbnail","6":"product_cat-post-peel-fr","7":"product_cat-wdr-professional-line-fr","8":"product_tag-skin-fr","9":"page-type-home-care","11":"first","12":"instock","13":"taxable","14":"shipping-taxable","15":"purchasable","16":"product-type-simple"},"acf":[],"_links":{"self":[{"href":"https:\/\/oxxot.com\/fr\/wp-json\/wp\/v2\/product\/9866","targetHints":{"allow":["GET"]}}],"collection":[{"href":"https:\/\/oxxot.com\/fr\/wp-json\/wp\/v2\/product"}],"about":[{"href":"https:\/\/oxxot.com\/fr\/wp-json\/wp\/v2\/types\/product"}],"replies":[{"embeddable":true,"href":"https:\/\/oxxot.com\/fr\/wp-json\/wp\/v2\/comments?post=9866"}],"wp:featuredmedia":[{"embeddable":true,"href":"https:\/\/oxxot.com\/fr\/wp-json\/wp\/v2\/media\/10350"}],"wp:attachment":[{"href":"https:\/\/oxxot.com\/fr\/wp-json\/wp\/v2\/media?parent=9866"}],"wp:term":[{"taxonomy":"patologia","embeddable":true,"href":"https:\/\/oxxot.com\/fr\/wp-json\/wp\/v2\/patologia?post=9866"},{"taxonomy":"tipologia","embeddable":true,"href":"https:\/\/oxxot.com\/fr\/wp-json\/wp\/v2\/tipologia?post=9866"},{"taxonomy":"product_brand","embeddable":true,"href":"https:\/\/oxxot.com\/fr\/wp-json\/wp\/v2\/product_brand?post=9866"},{"taxonomy":"product_cat","embeddable":true,"href":"https:\/\/oxxot.com\/fr\/wp-json\/wp\/v2\/product_cat?post=9866"},{"taxonomy":"product_tag","embeddable":true,"href":"https:\/\/oxxot.com\/fr\/wp-json\/wp\/v2\/product_tag?post=9866"}],"curies":[{"name":"wp","href":"https:\/\/api.w.org\/{rel}","templated":true}]}}