{"id":9864,"date":"2023-12-20T14:41:09","date_gmt":"2023-12-20T13:41:09","guid":{"rendered":"https:\/\/oxxot.com\/prodotto\/mandel-s\/"},"modified":"2023-12-20T14:41:09","modified_gmt":"2023-12-20T13:41:09","slug":"mandel-s","status":"publish","type":"product","link":"https:\/\/oxxot.com\/fr\/prodotto\/mandel-s\/","title":{"rendered":"Mandel S"},"content":{"rendered":"<p>L&rsquo;association de l&rsquo;Acide Mand\u00e9lique et de l&rsquo;Acide Salicylique garantit une action progressive et prolong\u00e9e d&rsquo;exfoliation de l&rsquo;\u00e9piderme superficiel.<br \/>\nMandel S a montr\u00e9 des r\u00e9sultats efficaces et s\u00fbrs dans le traitement des peaux \u00e0 tendance acn\u00e9ique, gr\u00e2ce \u00e0 son action k\u00e9ratolytique et drainante. Gr\u00e2ce \u00e0 son effet lissant, il est \u00e9galement id\u00e9al pour les personnes ayant la peau sensible et les cicatrices d&rsquo;acn\u00e9.<\/p>\n<ul>\n<li>Id\u00e9al pour tous les types de peau et en combinaison avec d&rsquo;autres produits esth\u00e9tiques et proc\u00e9dures professionnelles.<\/li>\n<li>Adapt\u00e9 \u00e0 un usage tout au long de l\u2019ann\u00e9e (y compris en \u00e9t\u00e9) et pour tous les phototypes de peau.<\/li>\n<li>Aucun effet de br\u00fblure ou de d\u00e9mangeaison pendant l\u2019application (ou l\u00e9ger).<\/li>\n<li>Pas de temps d\u2019arr\u00eat.<\/li>\n<\/ul>\n<p>&nbsp;<\/p>\n<p><strong>Il est recommand\u00e9 de suivre un traitement \u00e0 domicile cibl\u00e9 pour maintenir et augmenter les r\u00e9sultats du soin professionnel.<\/strong><\/p>\n","protected":false},"excerpt":{"rendered":"<p>Traitement de Peeling Professionnel \u00e0 base d&rsquo;Acide Mand\u00e9lique, d&rsquo;Acide Salicylique et d&rsquo;Acide Pyruvique (\u00e0 faible pourcentage), sp\u00e9cifiquement indiqu\u00e9 pour : l\u2019acn\u00e9 avec com\u00e9dons et nodules, l\u2019acn\u00e9 kystique, les cicatrices d\u2019acn\u00e9 et s\u00e9borrh\u00e9iques, les vergetures et tous les cas n\u00e9cessitant un lissage de la peau.<\/p>\n","protected":false},"featured_media":10300,"comment_status":"open","ping_status":"closed","template":"","meta":{"_acf_changed":false},"patologia":[],"tipologia":[],"product_brand":[],"product_cat":[204],"product_tag":[210],"class_list":{"0":"post-9864","1":"product","2":"type-product","3":"status-publish","4":"has-post-thumbnail","6":"product_cat-wdr-professional-line-fr","7":"product_tag-skin-fr","8":"page-type-home-care","10":"first","11":"instock","12":"featured","13":"taxable","14":"shipping-taxable","15":"purchasable","16":"product-type-simple"},"acf":[],"_links":{"self":[{"href":"https:\/\/oxxot.com\/fr\/wp-json\/wp\/v2\/product\/9864","targetHints":{"allow":["GET"]}}],"collection":[{"href":"https:\/\/oxxot.com\/fr\/wp-json\/wp\/v2\/product"}],"about":[{"href":"https:\/\/oxxot.com\/fr\/wp-json\/wp\/v2\/types\/product"}],"replies":[{"embeddable":true,"href":"https:\/\/oxxot.com\/fr\/wp-json\/wp\/v2\/comments?post=9864"}],"wp:featuredmedia":[{"embeddable":true,"href":"https:\/\/oxxot.com\/fr\/wp-json\/wp\/v2\/media\/10300"}],"wp:attachment":[{"href":"https:\/\/oxxot.com\/fr\/wp-json\/wp\/v2\/media?parent=9864"}],"wp:term":[{"taxonomy":"patologia","embeddable":true,"href":"https:\/\/oxxot.com\/fr\/wp-json\/wp\/v2\/patologia?post=9864"},{"taxonomy":"tipologia","embeddable":true,"href":"https:\/\/oxxot.com\/fr\/wp-json\/wp\/v2\/tipologia?post=9864"},{"taxonomy":"product_brand","embeddable":true,"href":"https:\/\/oxxot.com\/fr\/wp-json\/wp\/v2\/product_brand?post=9864"},{"taxonomy":"product_cat","embeddable":true,"href":"https:\/\/oxxot.com\/fr\/wp-json\/wp\/v2\/product_cat?post=9864"},{"taxonomy":"product_tag","embeddable":true,"href":"https:\/\/oxxot.com\/fr\/wp-json\/wp\/v2\/product_tag?post=9864"}],"curies":[{"name":"wp","href":"https:\/\/api.w.org\/{rel}","templated":true}]}}