{"id":9860,"date":"2023-12-20T14:41:09","date_gmt":"2023-12-20T13:41:09","guid":{"rendered":"https:\/\/oxxot.com\/prodotto\/mandel-p\/"},"modified":"2023-12-20T14:41:09","modified_gmt":"2023-12-20T13:41:09","slug":"mandel-p","status":"publish","type":"product","link":"https:\/\/oxxot.com\/fr\/prodotto\/mandel-p\/","title":{"rendered":"Mandel P"},"content":{"rendered":"<p>L\u2019efficacit\u00e9 de Mandel P est due \u00e0 l\u2019action synergique de l\u2019Acide Mand\u00e9lique et de l\u2019Acide Pyruvique, qui renforcent mutuellement la biodisponibilit\u00e9 de chaque agent chimique, r\u00e9duisant ainsi les risques d\u2019effets secondaires.<\/p>\n<ul>\n<li>Id\u00e9al pour tous les types de peau et en combinaison avec d\u2019autres produits esth\u00e9tiques ou proc\u00e9dures professionnelles.<\/li>\n<li>Adapt\u00e9 \u00e0 un usage tout au long de l\u2019ann\u00e9e (y compris en \u00e9t\u00e9) et pour tous les phototypes de peau.<\/li>\n<li>Aucun effet de br\u00fblure ou de d\u00e9mangeaison pendant l\u2019application (ou l\u00e9ger).<\/li>\n<li>Pas de temps d\u2019arr\u00eat.<\/li>\n<\/ul>\n<p>&nbsp;<\/p>\n<p><strong>Il est recommand\u00e9 de suivre un traitement \u00e0 domicile cibl\u00e9 pour maintenir et augmenter les r\u00e9sultats du soin professionnel.<\/strong><\/p>\n","protected":false},"excerpt":{"rendered":"<p>Traitement Peeling Professionnel \u00e0 base d&rsquo;Acide Mand\u00e9lique renforc\u00e9 par de l&rsquo;Acide Pyruvique et un M\u00e9lange d&rsquo;Acides Dicarboxyliques, qui est sp\u00e9cifiquement indiqu\u00e9 pour les peaux s\u00e9borrh\u00e9iques, l\u2019acn\u00e9 sous ses diff\u00e9rentes formes (en particulier l\u2019acn\u00e9 avec pustules et papules), les dyschromies post-acn\u00e9iques et les effets cicatriciels l\u00e9gers \u00e0 mod\u00e9r\u00e9s.<\/p>\n","protected":false},"featured_media":10304,"comment_status":"open","ping_status":"closed","template":"","meta":{"_acf_changed":false},"patologia":[],"tipologia":[],"product_brand":[],"product_cat":[204],"product_tag":[210],"class_list":{"0":"post-9860","1":"product","2":"type-product","3":"status-publish","4":"has-post-thumbnail","6":"product_cat-wdr-professional-line-fr","7":"product_tag-skin-fr","8":"page-type-home-care","10":"first","11":"instock","12":"taxable","13":"shipping-taxable","14":"purchasable","15":"product-type-simple"},"acf":[],"_links":{"self":[{"href":"https:\/\/oxxot.com\/fr\/wp-json\/wp\/v2\/product\/9860","targetHints":{"allow":["GET"]}}],"collection":[{"href":"https:\/\/oxxot.com\/fr\/wp-json\/wp\/v2\/product"}],"about":[{"href":"https:\/\/oxxot.com\/fr\/wp-json\/wp\/v2\/types\/product"}],"replies":[{"embeddable":true,"href":"https:\/\/oxxot.com\/fr\/wp-json\/wp\/v2\/comments?post=9860"}],"wp:featuredmedia":[{"embeddable":true,"href":"https:\/\/oxxot.com\/fr\/wp-json\/wp\/v2\/media\/10304"}],"wp:attachment":[{"href":"https:\/\/oxxot.com\/fr\/wp-json\/wp\/v2\/media?parent=9860"}],"wp:term":[{"taxonomy":"patologia","embeddable":true,"href":"https:\/\/oxxot.com\/fr\/wp-json\/wp\/v2\/patologia?post=9860"},{"taxonomy":"tipologia","embeddable":true,"href":"https:\/\/oxxot.com\/fr\/wp-json\/wp\/v2\/tipologia?post=9860"},{"taxonomy":"product_brand","embeddable":true,"href":"https:\/\/oxxot.com\/fr\/wp-json\/wp\/v2\/product_brand?post=9860"},{"taxonomy":"product_cat","embeddable":true,"href":"https:\/\/oxxot.com\/fr\/wp-json\/wp\/v2\/product_cat?post=9860"},{"taxonomy":"product_tag","embeddable":true,"href":"https:\/\/oxxot.com\/fr\/wp-json\/wp\/v2\/product_tag?post=9860"}],"curies":[{"name":"wp","href":"https:\/\/api.w.org\/{rel}","templated":true}]}}