{"id":9834,"date":"2023-12-20T14:41:23","date_gmt":"2023-12-20T13:41:23","guid":{"rendered":"https:\/\/oxxot.com\/prodotto\/smooth\/"},"modified":"2026-05-04T12:05:58","modified_gmt":"2026-05-04T10:05:58","slug":"smooth","status":"publish","type":"product","link":"https:\/\/oxxot.com\/fr\/prodotto\/smooth\/","title":{"rendered":"SMOOTH"},"content":{"rendered":"<p>B\u00c9N\u00c9FICE DU POLYDIOXANONE (PDO)<\/p>\n<ul>\n<li>Force<\/li>\n<li>Uniformit\u00e9 du calibre.<\/li>\n<li>Maniabilit\u00e9 et faible m\u00e9moire<\/li>\n<li>Bonne tol\u00e9rance biologique<\/li>\n<li>Totalement absorbable par hydrolyse (d\u00e9but apr\u00e8s 10-15 jours, ach\u00e8vement en 180 jours)<\/li>\n<li>R\u00e9absorption par voie lymphatique<\/li>\n<li>Totalement s\u00fbr<\/li>\n<\/ul>\n","protected":false},"excerpt":{"rendered":"<div class=\"page\" title=\"Page 3\">\n<div class=\"layoutArea\">\n<div class=\"column\">\n<p>Les fils PDO Smooth Oxxot repr\u00e9sentent la solution id\u00e9ale pour les traitements de bior\u00e9vitalisation, l\u2019am\u00e9lioration de la texture cutan\u00e9e et la pr\u00e9vention du vieillissement. Fabriqu\u00e9s en polydioxanone (PDO), un mat\u00e9riau totalement r\u00e9sorbable et s\u00fbr, ces fils stimulent la n\u00e9ocollag\u00e9n\u00e8se et favorisent une am\u00e9lioration progressive de la qualit\u00e9 de la peau.<\/p>\n<p>Les fils Smooth sont indiqu\u00e9s pour le rajeunissement gr\u00e2ce \u00e0 la stimulation du collag\u00e8ne et \u00e0 la bio\u2011restructuration cutan\u00e9e.<\/p>\n<h3>Caract\u00e9ristiques principales<\/h3>\n<ul>\n<li>Fils monofilaments lisses sans ancres ni barbillons<\/li>\n<li>Effet naturel et progressif<\/li>\n<li>Stimulation du collag\u00e8ne de type I<\/li>\n<li>Am\u00e9lioration du tonus, de la fermet\u00e9 et de l\u2019\u00e9clat<\/li>\n<li>Proc\u00e9dure minimalement invasive<\/li>\n<li>R\u00e9sorption compl\u00e8te en environ 6\u20138 mois<\/li>\n<li>Adapt\u00e9s aux traitements combin\u00e9s avec fillers, biostimulateurs et skinboosters<\/li>\n<\/ul>\n<h3>Zones d\u2019application<\/h3>\n<ul>\n<li>Rides p\u00e9rioculaires, sillons nasog\u00e9niens, code\u2011barres, rides glabellaires, bio\u2011restructuration du visage<\/li>\n<\/ul>\n<h3>Utilisables sur :<\/h3>\n<ul>\n<li>Visage (rides superficielles, microlifting, texture)<\/li>\n<li>Cou et d\u00e9collet\u00e9<\/li>\n<li>Mains<\/li>\n<li>Bras<\/li>\n<li>Int\u00e9rieur des cuisses et abdomen (l\u00e9g\u00e8re laxit\u00e9)<\/li>\n<\/ul>\n<h3>B\u00e9n\u00e9fices<\/h3>\n<ul>\n<li>Peau plus ferme et hydrat\u00e9e<\/li>\n<li>Am\u00e9lioration de la microcirculation<\/li>\n<li>Effet tenseur l\u00e9ger et naturel<\/li>\n<li>Aucun changement des volumes du visage<\/li>\n<li>R\u00e9cup\u00e9ration imm\u00e9diate<\/li>\n<\/ul>\n<h3>Conditionnement<\/h3>\n<p>1 sachet contient 10 fils.<\/p>\n<div><\/div>\n<\/div>\n<\/div>\n<\/div>\n","protected":false},"featured_media":9842,"comment_status":"open","ping_status":"closed","template":"","meta":{"_acf_changed":false},"patologia":[],"tipologia":[],"product_brand":[],"product_cat":[199,197,196],"product_tag":[210],"class_list":{"0":"post-9834","1":"product","2":"type-product","3":"status-publish","4":"has-post-thumbnail","6":"product_cat-biostimulation-fr","7":"product_cat-pdo-threads-fr","8":"product_cat-professional-line-fr","9":"product_tag-skin-fr","10":"page-type-home-care","12":"first","13":"instock","14":"taxable","15":"shipping-taxable","16":"purchasable","17":"product-type-variable"},"acf":[],"_links":{"self":[{"href":"https:\/\/oxxot.com\/fr\/wp-json\/wp\/v2\/product\/9834","targetHints":{"allow":["GET"]}}],"collection":[{"href":"https:\/\/oxxot.com\/fr\/wp-json\/wp\/v2\/product"}],"about":[{"href":"https:\/\/oxxot.com\/fr\/wp-json\/wp\/v2\/types\/product"}],"replies":[{"embeddable":true,"href":"https:\/\/oxxot.com\/fr\/wp-json\/wp\/v2\/comments?post=9834"}],"wp:featuredmedia":[{"embeddable":true,"href":"https:\/\/oxxot.com\/fr\/wp-json\/wp\/v2\/media\/9842"}],"wp:attachment":[{"href":"https:\/\/oxxot.com\/fr\/wp-json\/wp\/v2\/media?parent=9834"}],"wp:term":[{"taxonomy":"patologia","embeddable":true,"href":"https:\/\/oxxot.com\/fr\/wp-json\/wp\/v2\/patologia?post=9834"},{"taxonomy":"tipologia","embeddable":true,"href":"https:\/\/oxxot.com\/fr\/wp-json\/wp\/v2\/tipologia?post=9834"},{"taxonomy":"product_brand","embeddable":true,"href":"https:\/\/oxxot.com\/fr\/wp-json\/wp\/v2\/product_brand?post=9834"},{"taxonomy":"product_cat","embeddable":true,"href":"https:\/\/oxxot.com\/fr\/wp-json\/wp\/v2\/product_cat?post=9834"},{"taxonomy":"product_tag","embeddable":true,"href":"https:\/\/oxxot.com\/fr\/wp-json\/wp\/v2\/product_tag?post=9834"}],"curies":[{"name":"wp","href":"https:\/\/api.w.org\/{rel}","templated":true}]}}