{"id":9831,"date":"2023-12-20T14:41:23","date_gmt":"2023-12-20T13:41:23","guid":{"rendered":"https:\/\/oxxot.com\/prodotto\/neutral\/"},"modified":"2026-03-03T13:31:14","modified_gmt":"2026-03-03T12:31:14","slug":"neutral","status":"publish","type":"product","link":"https:\/\/oxxot.com\/fr\/prodotto\/neutral\/","title":{"rendered":"WDR Neutre"},"content":{"rendered":"<p><strong>N<\/strong><strong>EUTRAL &#8211; Solution neutralisante apr\u00e8s pelage<\/strong><\/p>\n<div data-testid=\"chat-page\">\n<div data-testid=\"chat-page\">\n<p>Formule sp\u00e9cifique qui neutralise efficacement l&rsquo;action des peelings, r\u00e9\u00e9quilibre le pH de la peau et apaise imm\u00e9diatement la peau.<\/p>\n<p>R\u00e9duit les br\u00fblures, les rougeurs et les irritations, en exer\u00e7ant une action apaisante et d\u00e9congestionnante gr\u00e2ce au Bicarbonate de sodium et \u00e0 l&rsquo;Extrait d&rsquo;Orange.<\/p>\n<p> Principes<strong>actifs<\/strong>: Bicarbonate de sodium, extrait d&rsquo;orange.<\/p>\n<\/div>\n<\/div>\n","protected":false},"excerpt":{"rendered":"<p>Solution spray neutralisante post-peeling formul\u00e9e pour un usage s\u00fbr et une neutralisation efficace des peelings chimiques de la peau.<\/p>\n","protected":false},"featured_media":9832,"comment_status":"open","ping_status":"closed","template":"","meta":{"_acf_changed":false},"patologia":[],"tipologia":[],"product_brand":[],"product_cat":[206,204],"product_tag":[210],"class_list":{"0":"post-9831","1":"product","2":"type-product","3":"status-publish","4":"has-post-thumbnail","6":"product_cat-post-peel-fr","7":"product_cat-wdr-professional-line-fr","8":"product_tag-skin-fr","9":"page-type-home-care","11":"first","12":"instock","13":"featured","14":"taxable","15":"shipping-taxable","16":"purchasable","17":"product-type-simple"},"acf":[],"_links":{"self":[{"href":"https:\/\/oxxot.com\/fr\/wp-json\/wp\/v2\/product\/9831","targetHints":{"allow":["GET"]}}],"collection":[{"href":"https:\/\/oxxot.com\/fr\/wp-json\/wp\/v2\/product"}],"about":[{"href":"https:\/\/oxxot.com\/fr\/wp-json\/wp\/v2\/types\/product"}],"replies":[{"embeddable":true,"href":"https:\/\/oxxot.com\/fr\/wp-json\/wp\/v2\/comments?post=9831"}],"wp:featuredmedia":[{"embeddable":true,"href":"https:\/\/oxxot.com\/fr\/wp-json\/wp\/v2\/media\/9832"}],"wp:attachment":[{"href":"https:\/\/oxxot.com\/fr\/wp-json\/wp\/v2\/media?parent=9831"}],"wp:term":[{"taxonomy":"patologia","embeddable":true,"href":"https:\/\/oxxot.com\/fr\/wp-json\/wp\/v2\/patologia?post=9831"},{"taxonomy":"tipologia","embeddable":true,"href":"https:\/\/oxxot.com\/fr\/wp-json\/wp\/v2\/tipologia?post=9831"},{"taxonomy":"product_brand","embeddable":true,"href":"https:\/\/oxxot.com\/fr\/wp-json\/wp\/v2\/product_brand?post=9831"},{"taxonomy":"product_cat","embeddable":true,"href":"https:\/\/oxxot.com\/fr\/wp-json\/wp\/v2\/product_cat?post=9831"},{"taxonomy":"product_tag","embeddable":true,"href":"https:\/\/oxxot.com\/fr\/wp-json\/wp\/v2\/product_tag?post=9831"}],"curies":[{"name":"wp","href":"https:\/\/api.w.org\/{rel}","templated":true}]}}