{"id":9827,"date":"2023-12-20T14:41:24","date_gmt":"2023-12-20T13:41:24","guid":{"rendered":"https:\/\/oxxot.com\/prodotto\/mold-a\/"},"modified":"2026-05-04T12:00:07","modified_gmt":"2026-05-04T10:00:07","slug":"mold-a","status":"publish","type":"product","link":"https:\/\/oxxot.com\/fr\/prodotto\/mold-a\/","title":{"rendered":"MOLD A"},"content":{"rendered":"<p>B\u00c9N\u00c9FICE DU POLYDIOXANONE (PDO)<\/p>\n<ul>\n<li>Force<\/li>\n<li>Uniformit\u00e9 du calibre.<\/li>\n<li>Maniabilit\u00e9 et faible m\u00e9moire<\/li>\n<li>Bonne tol\u00e9rance biologique<\/li>\n<li>Totalement absorbable par hydrolyse (d\u00e9but apr\u00e8s 10-15 jours, ach\u00e8vement en 180 jours)<\/li>\n<li>R\u00e9absorption par voie lymphatique<\/li>\n<li>Totalement s\u00fbr<\/li>\n<\/ul>\n","protected":false},"excerpt":{"rendered":"<div class=\"page\" title=\"Page 3\">\n<div class=\"layoutArea\">\n<div class=\"column\">\n<p>Les fils PDO MOLD A 19G x 100\u202fmm repr\u00e9sentent une technologie de derni\u00e8re g\u00e9n\u00e9ration pour le lifting non chirurgical, con\u00e7ue pour offrir une traction maximale, une grande stabilit\u00e9 et une longue dur\u00e9e des r\u00e9sultats.<\/p>\n<p>Le fil Molding cr\u00e9e une structure tridimensionnelle compacte et r\u00e9sistante, garantissant un ancrage extr\u00eamement stable dans les tissus et un effet tenseur sup\u00e9rieur par rapport aux fils barbel\u00e9s traditionnels.<\/p>\n<p>La canule 19G de 100\u202fmm permet une insertion pr\u00e9cise et contr\u00f4l\u00e9e m\u00eame dans les zones plus profondes, tandis que le fil en PDO de 200\u202fmm stimule la production de collag\u00e8ne au fil du temps, am\u00e9liorant progressivement la fermet\u00e9 et la qualit\u00e9 globale de la peau.<\/p>\n<p>Les fils MOLD A sont indiqu\u00e9s pour des applications sur le visage et le corps, id\u00e9als pour traiter une laxit\u00e9 marqu\u00e9e, red\u00e9finir les contours et obtenir un lifting structurel avec des r\u00e9sultats imm\u00e9diats et progressifs.<\/p>\n<h3>Avantages principaux<\/h3>\n<ul>\n<li>Lifting imm\u00e9diat avec forte traction<\/li>\n<li>Ancrage stable gr\u00e2ce \u00e0 la technologie Molding<\/li>\n<li>Am\u00e9lioration du rel\u00e2chement cutan\u00e9<\/li>\n<li>Stimulation du collag\u00e8ne<\/li>\n<li>Red\u00e9finition des contours du visage<\/li>\n<li>R\u00e9sultats naturels et progressifs<\/li>\n<\/ul>\n<p><strong>Conditionnement :<\/strong> 1 sachet contient 4 canules.<\/p>\n<\/div>\n<\/div>\n<\/div>\n","protected":false},"featured_media":9829,"comment_status":"open","ping_status":"closed","template":"","meta":{"_acf_changed":false},"patologia":[],"tipologia":[],"product_brand":[],"product_cat":[199,197,200],"product_tag":[210],"class_list":{"0":"post-9827","1":"product","2":"type-product","3":"status-publish","4":"has-post-thumbnail","6":"product_cat-biostimulation-fr","7":"product_cat-pdo-threads-fr","8":"product_cat-traction-fr","9":"product_tag-skin-fr","10":"page-type-home-care","12":"first","13":"instock","14":"taxable","15":"shipping-taxable","16":"purchasable","17":"product-type-variable","18":"has-default-attributes"},"acf":[],"_links":{"self":[{"href":"https:\/\/oxxot.com\/fr\/wp-json\/wp\/v2\/product\/9827","targetHints":{"allow":["GET"]}}],"collection":[{"href":"https:\/\/oxxot.com\/fr\/wp-json\/wp\/v2\/product"}],"about":[{"href":"https:\/\/oxxot.com\/fr\/wp-json\/wp\/v2\/types\/product"}],"replies":[{"embeddable":true,"href":"https:\/\/oxxot.com\/fr\/wp-json\/wp\/v2\/comments?post=9827"}],"wp:featuredmedia":[{"embeddable":true,"href":"https:\/\/oxxot.com\/fr\/wp-json\/wp\/v2\/media\/9829"}],"wp:attachment":[{"href":"https:\/\/oxxot.com\/fr\/wp-json\/wp\/v2\/media?parent=9827"}],"wp:term":[{"taxonomy":"patologia","embeddable":true,"href":"https:\/\/oxxot.com\/fr\/wp-json\/wp\/v2\/patologia?post=9827"},{"taxonomy":"tipologia","embeddable":true,"href":"https:\/\/oxxot.com\/fr\/wp-json\/wp\/v2\/tipologia?post=9827"},{"taxonomy":"product_brand","embeddable":true,"href":"https:\/\/oxxot.com\/fr\/wp-json\/wp\/v2\/product_brand?post=9827"},{"taxonomy":"product_cat","embeddable":true,"href":"https:\/\/oxxot.com\/fr\/wp-json\/wp\/v2\/product_cat?post=9827"},{"taxonomy":"product_tag","embeddable":true,"href":"https:\/\/oxxot.com\/fr\/wp-json\/wp\/v2\/product_tag?post=9827"}],"curies":[{"name":"wp","href":"https:\/\/api.w.org\/{rel}","templated":true}]}}