{"id":9818,"date":"2023-12-20T14:41:24","date_gmt":"2023-12-20T13:41:24","guid":{"rendered":"https:\/\/oxxot.com\/prodotto\/barb-bi-4d\/"},"modified":"2026-05-04T11:52:43","modified_gmt":"2026-05-04T09:52:43","slug":"barb-bi-4d","status":"publish","type":"product","link":"https:\/\/oxxot.com\/fr\/prodotto\/barb-bi-4d\/","title":{"rendered":"BARB BI 4D"},"content":{"rendered":"<p>B\u00c9N\u00c9FICE DU POLYDIOXANONE (PDO)<\/p>\n<ul>\n<li>Force<\/li>\n<li>Uniformit\u00e9 du calibre.<\/li>\n<li>Maniabilit\u00e9 et faible m\u00e9moire<\/li>\n<li>Bonne tol\u00e9rance biologique<\/li>\n<li>Totalement absorbable par hydrolyse (d\u00e9but apr\u00e8s 10-15 jours, ach\u00e8vement en 180 jours)<\/li>\n<li>R\u00e9absorption par voie lymphatique<\/li>\n<li>Totalement s\u00fbr<\/li>\n<\/ul>\n","protected":false},"excerpt":{"rendered":"<div class=\"page\" title=\"Page 3\">\n<div class=\"layoutArea\">\n<div class=\"column\">\n<p>Les fils PDO BARB 4D sont con\u00e7us pour les traitements de lifting non chirurgical offrant une grande capacit\u00e9 de traction. La technologie BARB 4D pr\u00e9sente des barbillons r\u00e9partis \u00e0 360\u00b0 sur toute la longueur du fil, garantissant un ancrage stable dans les tissus et un effet tenseur imm\u00e9diat, id\u00e9al pour red\u00e9finir les contours du visage et am\u00e9liorer le rel\u00e2chement cutan\u00e9.<\/p>\n<p>Le fil en PDO stimule la production de collag\u00e8ne dans les semaines suivant le traitement, contribuant \u00e0 une am\u00e9lioration progressive de la qualit\u00e9 de la peau. L\u2019aiguille permet une insertion pr\u00e9cise et contr\u00f4l\u00e9e, rendant ce dispositif adapt\u00e9 aux zones n\u00e9cessitant un soutien structurel et une traction efficace.<\/p>\n<p>Indiqu\u00e9 pour le visage et le corps, le fil BARB 4D est id\u00e9al pour les zones n\u00e9cessitant un lifting marqu\u00e9 et une red\u00e9finition naturelle.<\/p>\n<h3>Avantages principaux<\/h3>\n<ul>\n<li>Effet lifting imm\u00e9diat<\/li>\n<li>Haute capacit\u00e9 de traction<\/li>\n<li>Am\u00e9lioration du rel\u00e2chement cutan\u00e9<\/li>\n<li>Stimulation du collag\u00e8ne<\/li>\n<li>Red\u00e9finition des contours du visage<\/li>\n<li>R\u00e9sultats progressifs et naturels<\/li>\n<\/ul>\n<p><strong>Conditionnement :<\/strong> 1 sachet contient 4 aiguilles.<\/p>\n<div><\/div>\n<\/div>\n<\/div>\n<\/div>\n","protected":false},"featured_media":9822,"comment_status":"open","ping_status":"closed","template":"","meta":{"_acf_changed":false},"patologia":[],"tipologia":[],"product_brand":[],"product_cat":[199,197,200],"product_tag":[210],"class_list":{"0":"post-9818","1":"product","2":"type-product","3":"status-publish","4":"has-post-thumbnail","6":"product_cat-biostimulation-fr","7":"product_cat-pdo-threads-fr","8":"product_cat-traction-fr","9":"product_tag-skin-fr","10":"page-type-home-care","12":"first","13":"instock","14":"taxable","15":"shipping-taxable","16":"purchasable","17":"product-type-variable"},"acf":[],"_links":{"self":[{"href":"https:\/\/oxxot.com\/fr\/wp-json\/wp\/v2\/product\/9818","targetHints":{"allow":["GET"]}}],"collection":[{"href":"https:\/\/oxxot.com\/fr\/wp-json\/wp\/v2\/product"}],"about":[{"href":"https:\/\/oxxot.com\/fr\/wp-json\/wp\/v2\/types\/product"}],"replies":[{"embeddable":true,"href":"https:\/\/oxxot.com\/fr\/wp-json\/wp\/v2\/comments?post=9818"}],"wp:featuredmedia":[{"embeddable":true,"href":"https:\/\/oxxot.com\/fr\/wp-json\/wp\/v2\/media\/9822"}],"wp:attachment":[{"href":"https:\/\/oxxot.com\/fr\/wp-json\/wp\/v2\/media?parent=9818"}],"wp:term":[{"taxonomy":"patologia","embeddable":true,"href":"https:\/\/oxxot.com\/fr\/wp-json\/wp\/v2\/patologia?post=9818"},{"taxonomy":"tipologia","embeddable":true,"href":"https:\/\/oxxot.com\/fr\/wp-json\/wp\/v2\/tipologia?post=9818"},{"taxonomy":"product_brand","embeddable":true,"href":"https:\/\/oxxot.com\/fr\/wp-json\/wp\/v2\/product_brand?post=9818"},{"taxonomy":"product_cat","embeddable":true,"href":"https:\/\/oxxot.com\/fr\/wp-json\/wp\/v2\/product_cat?post=9818"},{"taxonomy":"product_tag","embeddable":true,"href":"https:\/\/oxxot.com\/fr\/wp-json\/wp\/v2\/product_tag?post=9818"}],"curies":[{"name":"wp","href":"https:\/\/api.w.org\/{rel}","templated":true}]}}