{"id":9808,"date":"2023-12-20T14:41:24","date_gmt":"2023-12-20T13:41:24","guid":{"rendered":"https:\/\/oxxot.com\/prodotto\/eyes\/"},"modified":"2026-05-04T12:14:59","modified_gmt":"2026-05-04T10:14:59","slug":"eyes","status":"publish","type":"product","link":"https:\/\/oxxot.com\/fr\/prodotto\/eyes\/","title":{"rendered":"EYEs"},"content":{"rendered":"<p>B\u00c9N\u00c9FICE DU POLYDIOXANONE (PDO)<\/p>\n<ul>\n<li>Force<\/li>\n<li>Uniformit\u00e9 du calibre.<\/li>\n<li>Maniabilit\u00e9 et faible m\u00e9moire<\/li>\n<li>Bonne tol\u00e9rance biologique<\/li>\n<li>Totalement absorbable par hydrolyse (d\u00e9but apr\u00e8s 10-15 jours, ach\u00e8vement en 180 jours)<\/li>\n<li>R\u00e9absorption par voie lymphatique<\/li>\n<li>Totalement s\u00fbr<\/li>\n<\/ul>\n","protected":false},"excerpt":{"rendered":"<div class=\"page\" title=\"Page 3\">\n<div class=\"layoutArea\">\n<div class=\"column\">\n<p>Les fils PDO EYES, disponibles en versions 30\u00d740 et 30\u00d725, sont sp\u00e9cialement con\u00e7us pour la zone p\u00e9rioculaire, l\u2019une des plus d\u00e9licates et des premi\u00e8res \u00e0 montrer les signes du vieillissement.<\/p>\n<p>Gr\u00e2ce \u00e0 la canule C, extr\u00eamement fine et flexible, les fils EYES permettent une insertion pr\u00e9cise et peu traumatique, id\u00e9ale pour travailler en toute s\u00e9curit\u00e9 sur les paupi\u00e8res, le contour des yeux et les rides p\u00e9rioculaires.<\/p>\n<p>Le fil en PDO stimule la production naturelle de collag\u00e8ne, am\u00e9liorant progressivement la fermet\u00e9, l\u2019\u00e9lasticit\u00e9 et la luminosit\u00e9 de la peau. Les fils EYES sont indiqu\u00e9s pour :<\/p>\n<ul>\n<li>Rides p\u00e9rioculaires (pattes d\u2019oie)<\/li>\n<li>L\u00e9g\u00e8re laxit\u00e9 palp\u00e9brale<\/li>\n<li>Microlifting du contour des yeux<\/li>\n<li>Am\u00e9lioration de la texture cutan\u00e9e<\/li>\n<li>Att\u00e9nuation de l\u2019aspect fatigu\u00e9 du regard<\/li>\n<\/ul>\n<p>Gr\u00e2ce \u00e0 leur structure et \u00e0 la finesse du calibre, les fils PDO EYES garantissent un r\u00e9sultat naturel, harmonieux et progressif, id\u00e9al pour un rajeunissement non invasif et tr\u00e8s cibl\u00e9.<\/p>\n<h3>Avantages principaux<\/h3>\n<ul>\n<li>Am\u00e9lioration des rides p\u00e9rioculaires<\/li>\n<li>Effet tenseur naturel<\/li>\n<li>Stimulation du collag\u00e8ne<\/li>\n<li>Augmentation de la fermet\u00e9 et de l\u2019\u00e9clat<\/li>\n<li>Proc\u00e9dure minimalement invasive<\/li>\n<li>Id\u00e9als pour les zones sensibles du visage<\/li>\n<\/ul>\n<h3>Conditionnement<\/h3>\n<p>1 sachet contient 10 canules.<\/p>\n<div><\/div>\n<\/div>\n<\/div>\n<\/div>\n","protected":false},"featured_media":9811,"comment_status":"open","ping_status":"closed","template":"","meta":{"_acf_changed":false},"patologia":[],"tipologia":[],"product_brand":[],"product_cat":[199,197],"product_tag":[210],"class_list":{"0":"post-9808","1":"product","2":"type-product","3":"status-publish","4":"has-post-thumbnail","6":"product_cat-biostimulation-fr","7":"product_cat-pdo-threads-fr","8":"product_tag-skin-fr","9":"page-type-home-care","11":"first","12":"instock","13":"taxable","14":"shipping-taxable","15":"purchasable","16":"product-type-variable"},"acf":[],"_links":{"self":[{"href":"https:\/\/oxxot.com\/fr\/wp-json\/wp\/v2\/product\/9808","targetHints":{"allow":["GET"]}}],"collection":[{"href":"https:\/\/oxxot.com\/fr\/wp-json\/wp\/v2\/product"}],"about":[{"href":"https:\/\/oxxot.com\/fr\/wp-json\/wp\/v2\/types\/product"}],"replies":[{"embeddable":true,"href":"https:\/\/oxxot.com\/fr\/wp-json\/wp\/v2\/comments?post=9808"}],"wp:featuredmedia":[{"embeddable":true,"href":"https:\/\/oxxot.com\/fr\/wp-json\/wp\/v2\/media\/9811"}],"wp:attachment":[{"href":"https:\/\/oxxot.com\/fr\/wp-json\/wp\/v2\/media?parent=9808"}],"wp:term":[{"taxonomy":"patologia","embeddable":true,"href":"https:\/\/oxxot.com\/fr\/wp-json\/wp\/v2\/patologia?post=9808"},{"taxonomy":"tipologia","embeddable":true,"href":"https:\/\/oxxot.com\/fr\/wp-json\/wp\/v2\/tipologia?post=9808"},{"taxonomy":"product_brand","embeddable":true,"href":"https:\/\/oxxot.com\/fr\/wp-json\/wp\/v2\/product_brand?post=9808"},{"taxonomy":"product_cat","embeddable":true,"href":"https:\/\/oxxot.com\/fr\/wp-json\/wp\/v2\/product_cat?post=9808"},{"taxonomy":"product_tag","embeddable":true,"href":"https:\/\/oxxot.com\/fr\/wp-json\/wp\/v2\/product_tag?post=9808"}],"curies":[{"name":"wp","href":"https:\/\/api.w.org\/{rel}","templated":true}]}}