{"id":9803,"date":"2023-12-20T14:41:37","date_gmt":"2023-12-20T13:41:37","guid":{"rendered":"https:\/\/oxxot.com\/prodotto\/skinesse-tank-roller\/"},"modified":"2023-12-20T14:41:37","modified_gmt":"2023-12-20T13:41:37","slug":"skinesse-tank-roller","status":"publish","type":"product","link":"https:\/\/oxxot.com\/fr\/prodotto\/skinesse-tank-roller\/","title":{"rendered":"Skinesse Tank Roller"},"content":{"rendered":"<p>Hydratation et nutrition de la peau am\u00e9lior\u00e9es gr\u00e2ce aux propri\u00e9t\u00e9s de l&rsquo;acide hyaluronique.<\/p>\n<p>Am\u00e9lioration de l&rsquo;\u00e9lasticit\u00e9, de la luminosit\u00e9 et de la fermet\u00e9 de la peau gr\u00e2ce aux propri\u00e9t\u00e9s antioxydantes, anti-inflammatoires et cicatrisantes du Tripeptide de cuivre GHK-Cu.<\/p>\n<p>Effet anti-\u00e2ge et anti-rides, avec une prolif\u00e9ration cellulaire accrue gr\u00e2ce \u00e0 l&rsquo;action du SH &#8211; POLYPEPTIDE \u2013 3 (CG-KGF).<\/p>\n<p>Am\u00e9lioration du teint de la peau.<\/p>\n<p>Effet r\u00e9parateur de la peau endommag\u00e9e par les signes du temps gr\u00e2ce aux capacit\u00e9s r\u00e9g\u00e9n\u00e9ratrices du facteur de croissance endog\u00e8ne TGF-\u03b23 et de la prot\u00e9ine SH &#8211; POLYPEPTIDE &#8211; 9, qui fait partie de la bioplaque.<\/p>\n","protected":false},"excerpt":{"rendered":"<p>Un revitalisant pour la peau de nouvelle g\u00e9n\u00e9ration.<\/p>\n","protected":false},"featured_media":9794,"comment_status":"open","ping_status":"closed","template":"","meta":{"_acf_changed":false},"patologia":[],"tipologia":[99],"product_brand":[],"product_cat":[192,193],"product_tag":[210],"class_list":{"0":"post-9803","1":"product","2":"type-product","3":"status-publish","4":"has-post-thumbnail","6":"product_cat-home-care-line-fr","7":"product_cat-skinesse-fr","8":"product_tag-skin-fr","9":"page-type-home-care","11":"first","12":"instock","13":"sale","14":"featured","15":"shipping-taxable","16":"purchasable","17":"product-type-simple"},"acf":[],"_links":{"self":[{"href":"https:\/\/oxxot.com\/fr\/wp-json\/wp\/v2\/product\/9803","targetHints":{"allow":["GET"]}}],"collection":[{"href":"https:\/\/oxxot.com\/fr\/wp-json\/wp\/v2\/product"}],"about":[{"href":"https:\/\/oxxot.com\/fr\/wp-json\/wp\/v2\/types\/product"}],"replies":[{"embeddable":true,"href":"https:\/\/oxxot.com\/fr\/wp-json\/wp\/v2\/comments?post=9803"}],"wp:featuredmedia":[{"embeddable":true,"href":"https:\/\/oxxot.com\/fr\/wp-json\/wp\/v2\/media\/9794"}],"wp:attachment":[{"href":"https:\/\/oxxot.com\/fr\/wp-json\/wp\/v2\/media?parent=9803"}],"wp:term":[{"taxonomy":"patologia","embeddable":true,"href":"https:\/\/oxxot.com\/fr\/wp-json\/wp\/v2\/patologia?post=9803"},{"taxonomy":"tipologia","embeddable":true,"href":"https:\/\/oxxot.com\/fr\/wp-json\/wp\/v2\/tipologia?post=9803"},{"taxonomy":"product_brand","embeddable":true,"href":"https:\/\/oxxot.com\/fr\/wp-json\/wp\/v2\/product_brand?post=9803"},{"taxonomy":"product_cat","embeddable":true,"href":"https:\/\/oxxot.com\/fr\/wp-json\/wp\/v2\/product_cat?post=9803"},{"taxonomy":"product_tag","embeddable":true,"href":"https:\/\/oxxot.com\/fr\/wp-json\/wp\/v2\/product_tag?post=9803"}],"curies":[{"name":"wp","href":"https:\/\/api.w.org\/{rel}","templated":true}]}}