{"id":9798,"date":"2023-12-20T14:41:37","date_gmt":"2023-12-20T13:41:37","guid":{"rendered":"https:\/\/oxxot.com\/prodotto\/satin-m2r-solution-regenerante\/"},"modified":"2026-02-26T14:29:48","modified_gmt":"2026-02-26T13:29:48","slug":"satin-m2r-solution-regenerante","status":"publish","type":"product","link":"https:\/\/oxxot.com\/fr\/prodotto\/satin-m2r-solution-regenerante\/","title":{"rendered":"Satin M2R &#8211; Solution R\u00e9g\u00e9n\u00e9rante"},"content":{"rendered":"<p>Peau plus lumineuse et hydrat\u00e9e gr\u00e2ce au double poids mol\u00e9culaire de l&rsquo;Acide Hyaluronique.<\/p>\n<p>Effet lifting naturel d\u00fb aux effets tenseurs des peptides (Actapeptide 3 et Pentapeptide 18)<\/p>\n<p>Effet anti-\u00e2ge prouv\u00e9 gr\u00e2ce \u00e0 la synergie de trois acides amin\u00e9s (Peptine, Lysine et Glycine).<\/p>\n","protected":false},"excerpt":{"rendered":"<p><strong>SATIN M2R &#8211; Booster r\u00e9g\u00e9n\u00e9rant professionnel \u00e0 pH neutre pour la peau<\/strong><\/p>\n<p>SATIN M2R est un <strong>booster de peau professionnel \u00e0 pH neutre<\/strong> formul\u00e9 pour r\u00e9g\u00e9n\u00e9rer la peau du visage, du cou et du d\u00e9collet\u00e9.<\/p>\n<p>Son action bio-revitalisante stimule la production de collag\u00e8ne, am\u00e9liore l&rsquo;hydratation et l&rsquo;\u00e9clat et aide \u00e0 r\u00e9\u00e9quilibrer la peau, en luttant contre les signes de vieillissement et de dyschromie.<\/p>\n<p>La formulation avanc\u00e9e associe de l&rsquo;<strong>acide hyaluronique \u00e0 double poids mol\u00e9culaire<\/strong>, des <strong>peptides tenseurs<\/strong> (Actapeptide 3 et Pentapeptide 18), des <strong>acides amin\u00e9s r\u00e9g\u00e9n\u00e9rants<\/strong> (Proline, Lysine, Glycine) et un ensemble d&rsquo;<strong>actifs anti-\u00e2ge<\/strong> (TGFB3, Glutathion, Vitamine E, R\u00e9tinyl, Ascorbyl), offrant une hydratation compl\u00e8te, un soutien structurel et une action de renouvellement de la peau.<\/p>\n<p>Disponible en <strong>3 seringues st\u00e9riles de 1,8 ml<\/strong> pour un usage professionnel.<\/p>\n<p>&nbsp;<\/p>\n","protected":false},"featured_media":9799,"comment_status":"open","ping_status":"closed","template":"","meta":{"_acf_changed":false},"patologia":[],"tipologia":[],"product_brand":[],"product_cat":[196,203],"product_tag":[210],"class_list":{"0":"post-9798","1":"product","2":"type-product","3":"status-publish","4":"has-post-thumbnail","6":"product_cat-professional-line-fr","7":"product_cat-satin-skin-booster-fr","8":"product_tag-skin-fr","9":"page-type-home-care","11":"first","12":"instock","13":"shipping-taxable","14":"purchasable","15":"product-type-simple"},"acf":[],"_links":{"self":[{"href":"https:\/\/oxxot.com\/fr\/wp-json\/wp\/v2\/product\/9798","targetHints":{"allow":["GET"]}}],"collection":[{"href":"https:\/\/oxxot.com\/fr\/wp-json\/wp\/v2\/product"}],"about":[{"href":"https:\/\/oxxot.com\/fr\/wp-json\/wp\/v2\/types\/product"}],"replies":[{"embeddable":true,"href":"https:\/\/oxxot.com\/fr\/wp-json\/wp\/v2\/comments?post=9798"}],"wp:featuredmedia":[{"embeddable":true,"href":"https:\/\/oxxot.com\/fr\/wp-json\/wp\/v2\/media\/9799"}],"wp:attachment":[{"href":"https:\/\/oxxot.com\/fr\/wp-json\/wp\/v2\/media?parent=9798"}],"wp:term":[{"taxonomy":"patologia","embeddable":true,"href":"https:\/\/oxxot.com\/fr\/wp-json\/wp\/v2\/patologia?post=9798"},{"taxonomy":"tipologia","embeddable":true,"href":"https:\/\/oxxot.com\/fr\/wp-json\/wp\/v2\/tipologia?post=9798"},{"taxonomy":"product_brand","embeddable":true,"href":"https:\/\/oxxot.com\/fr\/wp-json\/wp\/v2\/product_brand?post=9798"},{"taxonomy":"product_cat","embeddable":true,"href":"https:\/\/oxxot.com\/fr\/wp-json\/wp\/v2\/product_cat?post=9798"},{"taxonomy":"product_tag","embeddable":true,"href":"https:\/\/oxxot.com\/fr\/wp-json\/wp\/v2\/product_tag?post=9798"}],"curies":[{"name":"wp","href":"https:\/\/api.w.org\/{rel}","templated":true}]}}