{"id":9791,"date":"2023-12-20T14:41:37","date_gmt":"2023-12-20T13:41:37","guid":{"rendered":"https:\/\/oxxot.com\/prodotto\/kit-skinesse\/"},"modified":"2023-12-20T14:41:37","modified_gmt":"2023-12-20T13:41:37","slug":"kit-skinesse","status":"publish","type":"product","link":"https:\/\/oxxot.com\/fr\/prodotto\/kit-skinesse\/","title":{"rendered":"Kit Skinesse"},"content":{"rendered":"<ul>\n<li>Hydratation et nutrition de la peau am\u00e9lior\u00e9es gr\u00e2ce aux propri\u00e9t\u00e9s de l\u2019acide hyaluronique.<\/li>\n<li>\u00c9lasticit\u00e9, luminosit\u00e9 et fermet\u00e9 de la peau am\u00e9lior\u00e9es gr\u00e2ce aux propri\u00e9t\u00e9s antioxydantes, anti-inflammatoires et cicatrisantes du Tripeptide de cuivre GHK-Cu.<\/li>\n<li>Effet anti-\u00e2ge et anti-rides, prolif\u00e9ration cellulaire accrue gr\u00e2ce \u00e0 l\u2019action du SH &#8211; POLYPEPTIDE &#8211; 3 (CG-KGF).<\/li>\n<li>Tonalit\u00e9 de la peau am\u00e9lior\u00e9e; effet r\u00e9parateur de la peau endommag\u00e9e par les signes du temps gr\u00e2ce aux capacit\u00e9s r\u00e9g\u00e9n\u00e9ratrices du facteur de croissance endog\u00e8ne TGF-\u03b23 et de la prot\u00e9ine SH &#8211; POLYPEPTIDE &#8211; 9, qui fait partie de la bioplaque.<\/li>\n<\/ul>\n<p>&nbsp;<\/p>\n<p><strong>Contient<\/strong><br \/>\n3 Tank Roller 0,25 mm<br \/>\n3 Vials Skiness 4 ml.<\/p>\n<p>&nbsp;<\/p>\n<p><strong>COMPOSITION<\/strong><\/p>\n<p>Hydroxyethylcellulose, Glycerin, Sodium Hyaluronate, Sodium Oleate, Glycine Soja Oil, Ammonium Acryloyldimethyltaurate\/Vp Copolymer, Aqua, Hydrogenated Lecithin, Hyaluronic Acid, Copper Tripeptide-1, Sh-Polypeptide-3, Sh-Polypeptide-5,<br \/>\nSh-Polypeptide-9, Sh-Polypeptide-1, Sh-Oligopeptide-1, Sh-Oligopeptide-2, Sh-Polypeptide-11, Silanetriol, Phenoxyethanol, Disodium Edta, Imidazolidinyl Urea, Butylene Glycol, Citric Acid, Sorbic Acid<\/p>\n","protected":false},"excerpt":{"rendered":"<p>Kit r\u00e9g\u00e9n\u00e9rant pour une peau de nouveau jeune. Approche combin\u00e9e de Soft Needling et de R\u00e9g\u00e9n\u00e9ration Cutan\u00e9e.  <strong>Efficace, simple et s\u00fbr<\/strong><\/p>\n","protected":false},"featured_media":9792,"comment_status":"open","ping_status":"closed","template":"","meta":{"_acf_changed":false},"patologia":[],"tipologia":[99],"product_brand":[],"product_cat":[192,193],"product_tag":[210],"class_list":{"0":"post-9791","1":"product","2":"type-product","3":"status-publish","4":"has-post-thumbnail","6":"product_cat-home-care-line-fr","7":"product_cat-skinesse-fr","8":"product_tag-skin-fr","9":"page-type-home-care","11":"first","12":"instock","13":"featured","14":"shipping-taxable","15":"purchasable","16":"product-type-simple"},"acf":[],"_links":{"self":[{"href":"https:\/\/oxxot.com\/fr\/wp-json\/wp\/v2\/product\/9791","targetHints":{"allow":["GET"]}}],"collection":[{"href":"https:\/\/oxxot.com\/fr\/wp-json\/wp\/v2\/product"}],"about":[{"href":"https:\/\/oxxot.com\/fr\/wp-json\/wp\/v2\/types\/product"}],"replies":[{"embeddable":true,"href":"https:\/\/oxxot.com\/fr\/wp-json\/wp\/v2\/comments?post=9791"}],"wp:featuredmedia":[{"embeddable":true,"href":"https:\/\/oxxot.com\/fr\/wp-json\/wp\/v2\/media\/9792"}],"wp:attachment":[{"href":"https:\/\/oxxot.com\/fr\/wp-json\/wp\/v2\/media?parent=9791"}],"wp:term":[{"taxonomy":"patologia","embeddable":true,"href":"https:\/\/oxxot.com\/fr\/wp-json\/wp\/v2\/patologia?post=9791"},{"taxonomy":"tipologia","embeddable":true,"href":"https:\/\/oxxot.com\/fr\/wp-json\/wp\/v2\/tipologia?post=9791"},{"taxonomy":"product_brand","embeddable":true,"href":"https:\/\/oxxot.com\/fr\/wp-json\/wp\/v2\/product_brand?post=9791"},{"taxonomy":"product_cat","embeddable":true,"href":"https:\/\/oxxot.com\/fr\/wp-json\/wp\/v2\/product_cat?post=9791"},{"taxonomy":"product_tag","embeddable":true,"href":"https:\/\/oxxot.com\/fr\/wp-json\/wp\/v2\/product_tag?post=9791"}],"curies":[{"name":"wp","href":"https:\/\/api.w.org\/{rel}","templated":true}]}}