{"id":9787,"date":"2024-02-21T09:37:36","date_gmt":"2024-02-21T08:37:36","guid":{"rendered":"https:\/\/oxxot.com\/prodotto\/tuft\/"},"modified":"2026-05-04T12:21:20","modified_gmt":"2026-05-04T10:21:20","slug":"tuft","status":"publish","type":"product","link":"https:\/\/oxxot.com\/fr\/prodotto\/tuft\/","title":{"rendered":"TUFT"},"content":{"rendered":"<p>B\u00c9N\u00c9FICE DU POLYDIOXANONE (PDO)<\/p>\n<ul>\n<li>Force<\/li>\n<li>Uniformit\u00e9 du calibre.<\/li>\n<li>Maniabilit\u00e9 et faible m\u00e9moire<\/li>\n<li>Bonne tol\u00e9rance biologique<\/li>\n<li>Totalement absorbable par hydrolyse (d\u00e9but apr\u00e8s 10-15 jours, ach\u00e8vement en 180 jours)<\/li>\n<li>R\u00e9absorption par voie lymphatique<\/li>\n<li>Totalement s\u00fbr<\/li>\n<\/ul>\n","protected":false},"excerpt":{"rendered":"<div class=\"page\" title=\"Page 3\">\n<div class=\"layoutArea\">\n<div class=\"column\">\n<p>Les fils PDO TUFT repr\u00e9sentent l\u2019une des solutions les plus avanc\u00e9es pour la bior\u00e9structuration et la volumisation des tissus, gr\u00e2ce \u00e0 leur structure particuli\u00e8re compos\u00e9e de 14 fils regroup\u00e9s dans une seule canule. Cette configuration permet d\u2019obtenir un effet volumisant naturel et imm\u00e9diat, id\u00e9al pour les zones n\u00e9cessitant soutien, densit\u00e9 et am\u00e9lioration de la qualit\u00e9 cutan\u00e9e.<\/p>\n<p>La canule L de 21G permet une insertion fluide et contr\u00f4l\u00e9e, r\u00e9duisant le traumatisme et assurant un positionnement pr\u00e9cis m\u00eame dans les zones d\u00e9licates. Les fils en PDO stimulent la production de collag\u00e8ne au fil du temps, am\u00e9liorant progressivement l\u2019\u00e9lasticit\u00e9, la fermet\u00e9 et la luminosit\u00e9 de la peau.<\/p>\n<p>Les fils TUFT sont indiqu\u00e9s pour des applications visage et corps, notamment pour\u202f:<\/p>\n<ul>\n<li>Perte de volume<\/li>\n<li>Laxit\u00e9 cutan\u00e9e mod\u00e9r\u00e9e<\/li>\n<li>Bior\u00e9structuration profonde<\/li>\n<li>Am\u00e9lioration de la texture<\/li>\n<li>Soutien des tissus dans les zones creus\u00e9es<\/li>\n<\/ul>\n<p>Gr\u00e2ce \u00e0 leur structure multifilament, ils garantissent un r\u00e9sultat naturel, harmonieux et progressif, id\u00e9al pour ceux qui recherchent un traitement efficace sans proc\u00e9dure invasive.<\/p>\n<h3>Avantages principaux<\/h3>\n<ul>\n<li>Volumisation naturelle et imm\u00e9diate<\/li>\n<li>Bior\u00e9structuration profonde des tissus<\/li>\n<li>Stimulation du collag\u00e8ne<\/li>\n<li>Am\u00e9lioration de la fermet\u00e9 et de l\u2019\u00e9lasticit\u00e9<\/li>\n<li>Id\u00e9als pour visage et corps<\/li>\n<li>Proc\u00e9dure minimalement invasive<\/li>\n<\/ul>\n<h3>Conditionnement<\/h3>\n<p>1 sachet contient 4 canules.<\/p>\n<\/div>\n<\/div>\n<\/div>\n","protected":false},"featured_media":9790,"comment_status":"open","ping_status":"closed","template":"","meta":{"_acf_changed":false},"patologia":[],"tipologia":[],"product_brand":[],"product_cat":[197,201],"product_tag":[210],"class_list":{"0":"post-9787","1":"product","2":"type-product","3":"status-publish","4":"has-post-thumbnail","6":"product_cat-pdo-threads-fr","7":"product_cat-volumisants","8":"product_tag-skin-fr","9":"page-type-home-care","11":"first","12":"instock","13":"taxable","14":"shipping-taxable","15":"purchasable","16":"product-type-variable"},"acf":[],"_links":{"self":[{"href":"https:\/\/oxxot.com\/fr\/wp-json\/wp\/v2\/product\/9787","targetHints":{"allow":["GET"]}}],"collection":[{"href":"https:\/\/oxxot.com\/fr\/wp-json\/wp\/v2\/product"}],"about":[{"href":"https:\/\/oxxot.com\/fr\/wp-json\/wp\/v2\/types\/product"}],"replies":[{"embeddable":true,"href":"https:\/\/oxxot.com\/fr\/wp-json\/wp\/v2\/comments?post=9787"}],"wp:featuredmedia":[{"embeddable":true,"href":"https:\/\/oxxot.com\/fr\/wp-json\/wp\/v2\/media\/9790"}],"wp:attachment":[{"href":"https:\/\/oxxot.com\/fr\/wp-json\/wp\/v2\/media?parent=9787"}],"wp:term":[{"taxonomy":"patologia","embeddable":true,"href":"https:\/\/oxxot.com\/fr\/wp-json\/wp\/v2\/patologia?post=9787"},{"taxonomy":"tipologia","embeddable":true,"href":"https:\/\/oxxot.com\/fr\/wp-json\/wp\/v2\/tipologia?post=9787"},{"taxonomy":"product_brand","embeddable":true,"href":"https:\/\/oxxot.com\/fr\/wp-json\/wp\/v2\/product_brand?post=9787"},{"taxonomy":"product_cat","embeddable":true,"href":"https:\/\/oxxot.com\/fr\/wp-json\/wp\/v2\/product_cat?post=9787"},{"taxonomy":"product_tag","embeddable":true,"href":"https:\/\/oxxot.com\/fr\/wp-json\/wp\/v2\/product_tag?post=9787"}],"curies":[{"name":"wp","href":"https:\/\/api.w.org\/{rel}","templated":true}]}}