{"id":9690,"date":"2024-06-20T13:02:24","date_gmt":"2024-06-20T11:02:24","guid":{"rendered":"https:\/\/oxxot.com\/prodotto\/ipix\/"},"modified":"2024-06-20T13:02:24","modified_gmt":"2024-06-20T11:02:24","slug":"ipix","status":"publish","type":"product","link":"https:\/\/oxxot.com\/fr\/prodotto\/ipix\/","title":{"rendered":"iPix"},"content":{"rendered":"<p>iPix est une plateforme \u00e0 radiofr\u00e9quence multipolaire modulable de grande efficacit\u00e9, qui gr\u00e2ce aux syst\u00e8mes innovants d&rsquo;\u00e9mission Arrow System et Bow System offre une large gamme d&rsquo;applications avec d&rsquo;excellents r\u00e9sultats. La possibilit\u00e9 compl\u00e8te de modulation des param\u00e8tres d&rsquo;utilisation apportera une plus grande satisfaction aux patients, qui pourront enfin b\u00e9n\u00e9ficier de traitements sp\u00e9cifiques et adapt\u00e9s \u00e0 leurs besoins. Radiofr\u00e9quence fractionn\u00e9e et Needling, deux m\u00e9thodes d&rsquo;efficacit\u00e9 incontest\u00e9e et prouv\u00e9e qui trouvent enfin une synergie hautement performante capable de garantir le r\u00e9sultat.<\/p>\n<ul>\n<li>EXTR\u00caME HOMOG\u00c9N\u00c9IT\u00c9 THERMIQUE.<\/li>\n<li>PLUS GRANDE PROFONDEUR DE P\u00c9N\u00c9TRATION.<\/li>\n<li>S\u00c9CURIT\u00c9 ET CONTR\u00d4LE DE L&rsquo;ADMINISTRATION.<\/li>\n<li>S\u00c9CURIT\u00c9 ET CONTR\u00d4LE DE L&rsquo;ADMINISTRATION<\/li>\n<li>CHAUFFAGE CIBL\u00c9 DU DERMES.<\/li>\n<li>R\u00c9SULTATS NATURELS, \u00c9VIDENTS ET PROGRESSIFS.<\/li>\n<li>PR\u00c9CISION EXTR\u00caME ET GARANTIE DE R\u00c9SULTAT.<\/li>\n<li>IL VOUS CONQUISTRE D\u00c8S LE PREMIER TRAITEMENT.<\/li>\n<\/ul>\n<p>iPix est n\u00e9e avec l&rsquo;objectif d&rsquo;atteindre de nouveaux horizons en termes de r\u00e9sultats, tant sur le plan technologique que sur celui de la m\u00e9thode de traitement, visant \u00e0 obtenir un rajeunissement naturel du visage, du cou et du corps entier.<\/p>\n","protected":false},"excerpt":{"rendered":"<p>iPix est n\u00e9e avec l&rsquo;objectif d&rsquo;atteindre de nouveaux horizons en termes de r\u00e9sultats, tant sur le plan technologique que sur celui de la m\u00e9thode de traitement, visant \u00e0 obtenir un rajeunissement naturel du visage, du cou et du corps entier. <\/p>\n","protected":false},"featured_media":9691,"comment_status":"open","ping_status":"closed","template":"","meta":{"_acf_changed":false},"patologia":[],"tipologia":[],"product_brand":[],"product_cat":[196],"product_tag":[],"class_list":{"0":"post-9690","1":"product","2":"type-product","3":"status-publish","4":"has-post-thumbnail","6":"product_cat-professional-line-fr","7":"page-type-home-care","9":"first","10":"instock","11":"taxable","12":"shipping-taxable","13":"product-type-simple"},"acf":[],"_links":{"self":[{"href":"https:\/\/oxxot.com\/fr\/wp-json\/wp\/v2\/product\/9690","targetHints":{"allow":["GET"]}}],"collection":[{"href":"https:\/\/oxxot.com\/fr\/wp-json\/wp\/v2\/product"}],"about":[{"href":"https:\/\/oxxot.com\/fr\/wp-json\/wp\/v2\/types\/product"}],"replies":[{"embeddable":true,"href":"https:\/\/oxxot.com\/fr\/wp-json\/wp\/v2\/comments?post=9690"}],"wp:featuredmedia":[{"embeddable":true,"href":"https:\/\/oxxot.com\/fr\/wp-json\/wp\/v2\/media\/9691"}],"wp:attachment":[{"href":"https:\/\/oxxot.com\/fr\/wp-json\/wp\/v2\/media?parent=9690"}],"wp:term":[{"taxonomy":"patologia","embeddable":true,"href":"https:\/\/oxxot.com\/fr\/wp-json\/wp\/v2\/patologia?post=9690"},{"taxonomy":"tipologia","embeddable":true,"href":"https:\/\/oxxot.com\/fr\/wp-json\/wp\/v2\/tipologia?post=9690"},{"taxonomy":"product_brand","embeddable":true,"href":"https:\/\/oxxot.com\/fr\/wp-json\/wp\/v2\/product_brand?post=9690"},{"taxonomy":"product_cat","embeddable":true,"href":"https:\/\/oxxot.com\/fr\/wp-json\/wp\/v2\/product_cat?post=9690"},{"taxonomy":"product_tag","embeddable":true,"href":"https:\/\/oxxot.com\/fr\/wp-json\/wp\/v2\/product_tag?post=9690"}],"curies":[{"name":"wp","href":"https:\/\/api.w.org\/{rel}","templated":true}]}}