{"id":10177,"date":"2026-02-24T12:30:27","date_gmt":"2026-02-24T11:30:27","guid":{"rendered":"https:\/\/oxxot.com\/?post_type=product&#038;p=10177"},"modified":"2026-02-24T12:33:37","modified_gmt":"2026-02-24T11:33:37","slug":"barb-bi-4d-l-copia","status":"publish","type":"product","link":"https:\/\/oxxot.com\/fr\/prodotto\/barb-bi-4d-l-copia\/","title":{"rendered":"BARB BI 4D L (Copia)"},"content":{"rendered":"<p>B\u00c9N\u00c9FICE DU POLYDIOXANONE (PDO)<\/p>\n<ul>\n<li>Force<\/li>\n<li>Uniformit\u00e9 du calibre.<\/li>\n<li>Maniabilit\u00e9 et faible m\u00e9moire<\/li>\n<li>Bonne tol\u00e9rance biologique<\/li>\n<li>Totalement absorbable par hydrolyse (d\u00e9but apr\u00e8s 10-15 jours, ach\u00e8vement en 180 jours)<\/li>\n<li>R\u00e9absorption par voie lymphatique<\/li>\n<li>Totalement s\u00fbr<\/li>\n<\/ul>\n","protected":false},"excerpt":{"rendered":"<div class=\"page\" title=\"Page 3\">\n<div class=\"layoutArea\">\n<div class=\"column\">\n<p>La biostimulation avec des fils PDO est une approche innovante qui permet d&rsquo;obtenir \u00e9galement un effet de re-lifting de la peau du visage, du cou et du corps. Le polydioxanone (PDO, PDS) ou poly-p-dioxanone est un polym\u00e8re synth\u00e9tique incolore, cristallin et biod\u00e9gradable. En raison des r\u00e9glementations KFDA, les fils doivent \u00eatre violets.  <\/p>\n<\/div>\n<\/div>\n<\/div>\n","protected":false},"featured_media":9783,"comment_status":"open","ping_status":"closed","template":"","meta":{"_acf_changed":false},"patologia":[],"tipologia":[],"product_brand":[],"product_cat":[199,197,200],"product_tag":[210],"class_list":{"0":"post-10177","1":"product","2":"type-product","3":"status-publish","4":"has-post-thumbnail","6":"product_cat-biostimulation-fr","7":"product_cat-pdo-threads-fr","8":"product_cat-traction-fr","9":"product_tag-skin-fr","10":"page-type-home-care","12":"first","13":"instock","14":"taxable","15":"shipping-taxable","16":"purchasable","17":"product-type-variable"},"acf":[],"_links":{"self":[{"href":"https:\/\/oxxot.com\/fr\/wp-json\/wp\/v2\/product\/10177","targetHints":{"allow":["GET"]}}],"collection":[{"href":"https:\/\/oxxot.com\/fr\/wp-json\/wp\/v2\/product"}],"about":[{"href":"https:\/\/oxxot.com\/fr\/wp-json\/wp\/v2\/types\/product"}],"replies":[{"embeddable":true,"href":"https:\/\/oxxot.com\/fr\/wp-json\/wp\/v2\/comments?post=10177"}],"wp:featuredmedia":[{"embeddable":true,"href":"https:\/\/oxxot.com\/fr\/wp-json\/wp\/v2\/media\/9783"}],"wp:attachment":[{"href":"https:\/\/oxxot.com\/fr\/wp-json\/wp\/v2\/media?parent=10177"}],"wp:term":[{"taxonomy":"patologia","embeddable":true,"href":"https:\/\/oxxot.com\/fr\/wp-json\/wp\/v2\/patologia?post=10177"},{"taxonomy":"tipologia","embeddable":true,"href":"https:\/\/oxxot.com\/fr\/wp-json\/wp\/v2\/tipologia?post=10177"},{"taxonomy":"product_brand","embeddable":true,"href":"https:\/\/oxxot.com\/fr\/wp-json\/wp\/v2\/product_brand?post=10177"},{"taxonomy":"product_cat","embeddable":true,"href":"https:\/\/oxxot.com\/fr\/wp-json\/wp\/v2\/product_cat?post=10177"},{"taxonomy":"product_tag","embeddable":true,"href":"https:\/\/oxxot.com\/fr\/wp-json\/wp\/v2\/product_tag?post=10177"}],"curies":[{"name":"wp","href":"https:\/\/api.w.org\/{rel}","templated":true}]}}