{"id":9394,"date":"2023-12-20T14:41:09","date_gmt":"2023-12-20T13:41:09","guid":{"rendered":"https:\/\/oxxot.com\/prodotto\/micro-hyal-eye\/"},"modified":"2026-04-20T16:34:39","modified_gmt":"2026-04-20T14:34:39","slug":"micro-hyal-eye","status":"publish","type":"product","link":"https:\/\/oxxot.com\/es\/prodotto\/micro-hyal-eye\/","title":{"rendered":"WDR Micro Hyal Eye Contorno de ojos"},"content":{"rendered":"<p>WDR Micro Hyal Eye<\/p>\n<p>Contiene antioxidantes y precursores de los componentes de la dermis. Excelente acci\u00f3n hidratante. Potenciada con dos drenantes del microcirculo y tensores cut\u00e1neos.<\/p>\n<p>La formulaci\u00f3n est\u00e1 especialmente indicada para:<br \/>\n&#8211; redensificar y relajar el contorno de los ojos<br \/>\n&#8211; reducir las ojeras y las bolsas<br \/>\n&#8211; tratar el fotoenvejecimiento moderado e intenso de la regi\u00f3n periocular<br \/>\n&#8211; biorregeneraci\u00f3n dermoepid\u00e9rmica del contorno de los ojos<br \/>\n&#8211; terapia domiciliaria durante los tratamientos biorregeneradores profesionales<br \/>\n&#8211; autotratamiento diario<\/p>\n<p>Contiene \u00e1cido hialur\u00f3nico de bajo peso molecular, amino\u00e1cidos, CoQ10, agentes tensores y tensores cut\u00e1neos, vitaminas A, C, E.<\/p>\n<p>Mandel Micro Hyal Eye ejerce una excelente acci\u00f3n hidratante.<\/p>\n<p><strong>Para piel normal a seca, aplicar una o dos veces al d\u00eda, o seg\u00fan las indicaciones del m\u00e9dico, preferiblemente por la ma\u00f1ana.<\/strong><\/p>\n","protected":false},"excerpt":{"rendered":"<p><strong>WDR Micro Hyal Eye<\/strong> es una rutina de belleza espec\u00edfica para el contorno de ojos, formulada para combatir las arrugas, la hinchaz\u00f3n y la decoloraci\u00f3n.<\/p>\n<p>Gracias al complejo de \u00e1cido hialur\u00f3nico de bajo peso molecular, amino\u00e1cidos, coenzima Q10, p\u00e9ptidos similares al Botox y principios activos descongestionantes, tiene una acci\u00f3n integral: alisa las arrugas, reduce las bolsas y ojeras, mejora la elasticidad y da luminosidad a los ojos.<\/p>\n<p>La piel aparece m\u00e1s firme, tersa y uniforme, al tiempo que se reducen los signos de fatiga. Ideal para pieles finas y fatigadas, es perfecto como tratamiento diario o como apoyo tras procedimientos est\u00e9ticos. <\/p>\n","protected":false},"featured_media":10343,"comment_status":"open","ping_status":"closed","template":"","meta":{"_acf_changed":false},"patologia":[],"tipologia":[],"product_brand":[],"product_cat":[168],"product_tag":[176,163],"class_list":{"0":"post-9394","1":"product","2":"type-product","3":"status-publish","4":"has-post-thumbnail","6":"product_cat-wdr-home-care-home-care-line-es","7":"product_tag-home-care-peeling-es","8":"product_tag-piel","9":"page-type-home-care","11":"first","12":"instock","13":"shipping-taxable","14":"purchasable","15":"product-type-simple"},"acf":[],"_links":{"self":[{"href":"https:\/\/oxxot.com\/es\/wp-json\/wp\/v2\/product\/9394","targetHints":{"allow":["GET"]}}],"collection":[{"href":"https:\/\/oxxot.com\/es\/wp-json\/wp\/v2\/product"}],"about":[{"href":"https:\/\/oxxot.com\/es\/wp-json\/wp\/v2\/types\/product"}],"replies":[{"embeddable":true,"href":"https:\/\/oxxot.com\/es\/wp-json\/wp\/v2\/comments?post=9394"}],"wp:featuredmedia":[{"embeddable":true,"href":"https:\/\/oxxot.com\/es\/wp-json\/wp\/v2\/media\/10343"}],"wp:attachment":[{"href":"https:\/\/oxxot.com\/es\/wp-json\/wp\/v2\/media?parent=9394"}],"wp:term":[{"taxonomy":"patologia","embeddable":true,"href":"https:\/\/oxxot.com\/es\/wp-json\/wp\/v2\/patologia?post=9394"},{"taxonomy":"tipologia","embeddable":true,"href":"https:\/\/oxxot.com\/es\/wp-json\/wp\/v2\/tipologia?post=9394"},{"taxonomy":"product_brand","embeddable":true,"href":"https:\/\/oxxot.com\/es\/wp-json\/wp\/v2\/product_brand?post=9394"},{"taxonomy":"product_cat","embeddable":true,"href":"https:\/\/oxxot.com\/es\/wp-json\/wp\/v2\/product_cat?post=9394"},{"taxonomy":"product_tag","embeddable":true,"href":"https:\/\/oxxot.com\/es\/wp-json\/wp\/v2\/product_tag?post=9394"}],"curies":[{"name":"wp","href":"https:\/\/api.w.org\/{rel}","templated":true}]}}