{"id":9392,"date":"2023-12-20T14:41:09","date_gmt":"2023-12-20T13:41:09","guid":{"rendered":"https:\/\/oxxot.com\/prodotto\/micro-hyal-face\/"},"modified":"2026-04-20T16:32:29","modified_gmt":"2026-04-20T14:32:29","slug":"micro-hyal-face","status":"publish","type":"product","link":"https:\/\/oxxot.com\/es\/prodotto\/micro-hyal-face\/","title":{"rendered":"WDR Micro Hyal Face Crema Ridensificante"},"content":{"rendered":"<p>WDR Micro Hyal Face contiene \u00c1cido Hialur\u00f3nico de bajo peso molecular, antioxidantes y agentes hidratantes.<\/p>\n<p>La formulaci\u00f3n est\u00e1 especialmente indicada para:<\/p>\n<ul>\n<li>Restaurar la elasticidad y la firmeza de los tejidos.<\/li>\n<li>Normalizar el complejo cut\u00e1neo.<\/li>\n<li>El tratamiento del fotoenvejecimiento facial moderado e intenso.<\/li>\n<li>Bioregeneraci\u00f3n cut\u00e1nea.<\/li>\n<li>Terapia domiciliaria durante tratamientos profesionales de bioregeneraci\u00f3n.<\/li>\n<li>Tratamiento para pieles normales a secas.<\/li>\n<\/ul>\n<p>&nbsp;<\/p>\n<p>Micro Hyal Face ejerce una excelente acci\u00f3n hidratante.<\/p>\n<p><strong>Se aplica sobre la piel limpia, una o dos veces al d\u00eda, o seg\u00fan las indicaciones del m\u00e9dico, preferiblemente por la ma\u00f1ana.<\/strong><\/p>\n","protected":false},"excerpt":{"rendered":"<p>WDR <strong>Micro Hyal Face<\/strong> de WDR es una crema redensificante y regeneradora formulada para mejorar la densidad de la piel, estimular la producci\u00f3n de col\u00e1geno y elastina y contrarrestar la p\u00e9rdida de elasticidad.<\/p>\n<p>Gracias al complejo de <strong>\u00c1cido Hialur\u00f3nico de bajo peso molecular<\/strong>, a los amino\u00e1cidos y a los agentes hidratantes, favorece la regeneraci\u00f3n celular, restaura la firmeza de los tejidos y normaliza la pel\u00edcula hidrolip\u00eddica.<\/p>\n<p><strong>C\u00f3mo llegar<\/strong><\/p>\n<ul>\n<li>Adecuado para todo tipo de pieles<\/li>\n<li>Arrugas y p\u00e9rdida de volumen<\/li>\n<li>P\u00e9rdida de elasticidad y tono<\/li>\n<li>Ideal como tratamiento diario o apoyo posprocedimiento<\/li>\n<\/ul>\n","protected":false},"featured_media":10353,"comment_status":"open","ping_status":"closed","template":"","meta":{"_acf_changed":false},"patologia":[],"tipologia":[],"product_brand":[],"product_cat":[160],"product_tag":[176,163],"class_list":{"0":"post-9392","1":"product","2":"type-product","3":"status-publish","4":"has-post-thumbnail","6":"product_cat-linea-de-cuidado-en-casa","7":"product_tag-home-care-peeling-es","8":"product_tag-piel","9":"page-type-home-care","11":"first","12":"instock","13":"shipping-taxable","14":"purchasable","15":"product-type-simple"},"acf":[],"_links":{"self":[{"href":"https:\/\/oxxot.com\/es\/wp-json\/wp\/v2\/product\/9392","targetHints":{"allow":["GET"]}}],"collection":[{"href":"https:\/\/oxxot.com\/es\/wp-json\/wp\/v2\/product"}],"about":[{"href":"https:\/\/oxxot.com\/es\/wp-json\/wp\/v2\/types\/product"}],"replies":[{"embeddable":true,"href":"https:\/\/oxxot.com\/es\/wp-json\/wp\/v2\/comments?post=9392"}],"wp:featuredmedia":[{"embeddable":true,"href":"https:\/\/oxxot.com\/es\/wp-json\/wp\/v2\/media\/10353"}],"wp:attachment":[{"href":"https:\/\/oxxot.com\/es\/wp-json\/wp\/v2\/media?parent=9392"}],"wp:term":[{"taxonomy":"patologia","embeddable":true,"href":"https:\/\/oxxot.com\/es\/wp-json\/wp\/v2\/patologia?post=9392"},{"taxonomy":"tipologia","embeddable":true,"href":"https:\/\/oxxot.com\/es\/wp-json\/wp\/v2\/tipologia?post=9392"},{"taxonomy":"product_brand","embeddable":true,"href":"https:\/\/oxxot.com\/es\/wp-json\/wp\/v2\/product_brand?post=9392"},{"taxonomy":"product_cat","embeddable":true,"href":"https:\/\/oxxot.com\/es\/wp-json\/wp\/v2\/product_cat?post=9392"},{"taxonomy":"product_tag","embeddable":true,"href":"https:\/\/oxxot.com\/es\/wp-json\/wp\/v2\/product_tag?post=9392"}],"curies":[{"name":"wp","href":"https:\/\/api.w.org\/{rel}","templated":true}]}}