{"id":9390,"date":"2023-12-20T14:41:09","date_gmt":"2023-12-20T13:41:09","guid":{"rendered":"https:\/\/oxxot.com\/prodotto\/hydrata-system\/"},"modified":"2026-04-20T16:38:29","modified_gmt":"2026-04-20T14:38:29","slug":"hydrata-system","status":"publish","type":"product","link":"https:\/\/oxxot.com\/es\/prodotto\/hydrata-system\/","title":{"rendered":"WDR Hydrata System &#8211; Crema Hidratante"},"content":{"rendered":"<p>WDR Hydrata System &#8211; Crema Hidratante<\/p>\n<p>Esta formulaci\u00f3n est\u00e1 especialmente indicada:<\/p>\n<p>&#8211; para reparar la barrera de hidrataci\u00f3n de la piel<br \/>\n&#8211; para restaurar la turgencia y rellenar la piel<br \/>\n&#8211; como tratamiento moderado del fotoenvejecimiento en casa<br \/>\n&#8211; para rehidratar la piel durante los tratamientos de belleza<br \/>\n&#8211; para restaurar la integridad de la piel durante los tratamientos de peeling qu\u00edmico<\/p>\n<p><strong>Adecuado para todos los fototipos de piel, aplicar una o dos veces al d\u00eda, o seg\u00fan indicaci\u00f3n m\u00e9dica y preferiblemente por la ma\u00f1ana.<\/strong><\/p>\n","protected":false},"excerpt":{"rendered":"<p><strong>WDR Hydrata System<\/strong> es una crema reparadora de acci\u00f3n hidratante y calmante, formulada para reparar y reequilibrar las pieles comprometidas, irritadas o muy secas.<\/p>\n<p>Gracias a su complejo de agentes hidratantes, antioxidantes y calmantes, favorece el proceso regenerativo natural de la piel, mejora el aspecto de las l\u00edneas finas y arrugas y restaura la barrera superficial de la piel.<\/p>\n<p><strong>C\u00f3mo llegar<\/strong><\/p>\n<ul>\n<li>Piel normal a seca<\/li>\n<li>Piel enrojecida, sensible o irritada<\/li>\n<li>Arrugas superficiales<\/li>\n<li>Ideal como apoyo despu\u00e9s de tratamientos est\u00e9ticos o en la rutina diaria<\/li>\n<li>Rutina de belleza Cuidado de la piel<\/li>\n<\/ul>\n","protected":false},"featured_media":10323,"comment_status":"open","ping_status":"closed","template":"","meta":{"_acf_changed":false},"patologia":[],"tipologia":[],"product_brand":[],"product_cat":[168],"product_tag":[176,163],"class_list":{"0":"post-9390","1":"product","2":"type-product","3":"status-publish","4":"has-post-thumbnail","6":"product_cat-wdr-home-care-home-care-line-es","7":"product_tag-home-care-peeling-es","8":"product_tag-piel","9":"page-type-home-care","11":"first","12":"instock","13":"shipping-taxable","14":"purchasable","15":"product-type-simple"},"acf":[],"_links":{"self":[{"href":"https:\/\/oxxot.com\/es\/wp-json\/wp\/v2\/product\/9390","targetHints":{"allow":["GET"]}}],"collection":[{"href":"https:\/\/oxxot.com\/es\/wp-json\/wp\/v2\/product"}],"about":[{"href":"https:\/\/oxxot.com\/es\/wp-json\/wp\/v2\/types\/product"}],"replies":[{"embeddable":true,"href":"https:\/\/oxxot.com\/es\/wp-json\/wp\/v2\/comments?post=9390"}],"wp:featuredmedia":[{"embeddable":true,"href":"https:\/\/oxxot.com\/es\/wp-json\/wp\/v2\/media\/10323"}],"wp:attachment":[{"href":"https:\/\/oxxot.com\/es\/wp-json\/wp\/v2\/media?parent=9390"}],"wp:term":[{"taxonomy":"patologia","embeddable":true,"href":"https:\/\/oxxot.com\/es\/wp-json\/wp\/v2\/patologia?post=9390"},{"taxonomy":"tipologia","embeddable":true,"href":"https:\/\/oxxot.com\/es\/wp-json\/wp\/v2\/tipologia?post=9390"},{"taxonomy":"product_brand","embeddable":true,"href":"https:\/\/oxxot.com\/es\/wp-json\/wp\/v2\/product_brand?post=9390"},{"taxonomy":"product_cat","embeddable":true,"href":"https:\/\/oxxot.com\/es\/wp-json\/wp\/v2\/product_cat?post=9390"},{"taxonomy":"product_tag","embeddable":true,"href":"https:\/\/oxxot.com\/es\/wp-json\/wp\/v2\/product_tag?post=9390"}],"curies":[{"name":"wp","href":"https:\/\/api.w.org\/{rel}","templated":true}]}}