{"id":9387,"date":"2023-12-20T14:41:09","date_gmt":"2023-12-20T13:41:09","guid":{"rendered":"https:\/\/oxxot.com\/prodotto\/gel-mandel-active\/"},"modified":"2026-04-20T16:23:35","modified_gmt":"2026-04-20T14:23:35","slug":"gel-mandel-active","status":"publish","type":"product","link":"https:\/\/oxxot.com\/es\/prodotto\/gel-mandel-active\/","title":{"rendered":"WDR Mandel Active Gel"},"content":{"rendered":"<p>El Gel <strong>Activo Mandel WDR<\/strong> es un gel exfoliante micropeeling formulado con <strong>\u00c1cido Mand\u00e9lico<\/strong>, antioxidantes, agentes aclarantes y amino\u00e1cidos.<\/p>\n<p>Su acci\u00f3n renovadora afina la textura de la piel, alisa las imperfecciones y aporta luminosidad inmediata al rostro.<\/p>\n<p>Es ideal como tratamiento diario o como apoyo a protocolos profesionales, mejorando visiblemente la calidad de la piel.<\/p>\n<p>Formulaci\u00f3n en gel con un alto contenido en \u00c1cido Mand\u00e9lico en sinergia con antioxidantes, inhibidores de MMs, sustancias despigmentantes y estimulantes.<\/p>\n<p>El \u00c1cido Mand\u00e9lico tiene la particularidad de poder aplicarse en todo tipo de pieles y sin limitaciones estacionales particulares, ya que no es irritante ni fotosensibilizante.<\/p>\n","protected":false},"excerpt":{"rendered":"<p>El Gel Activo Mandel WDR es un gel exfoliante micropeeling formulado con <strong>\u00c1cido Mand\u00e9lico<\/strong>, antioxidantes, agentes iluminadores y amino\u00e1cidos. Su acci\u00f3n renovadora afina la textura de la piel, alisa las imperfecciones y aporta luminosidad instant\u00e1nea al rostro. Su textura en gel garantiza una absorci\u00f3n \u00f3ptima y es ideal como <strong>tratamiento diario<\/strong> y como apoyo a los <strong>protocolos profesionales<\/strong>, mejorando visiblemente la calidad de la piel. El \u00c1cido Mand\u00e9lico es adecuado para todo tipo de pieles y puede utilizarse durante todo el a\u00f1o, ya que <strong>no irrita<\/strong> <strong>ni es fotosensibilizante<\/strong>.   <\/p>\n","protected":false},"featured_media":10335,"comment_status":"open","ping_status":"closed","template":"","meta":{"_acf_changed":false},"patologia":[],"tipologia":[],"product_brand":[],"product_cat":[168],"product_tag":[163],"class_list":{"0":"post-9387","1":"product","2":"type-product","3":"status-publish","4":"has-post-thumbnail","6":"product_cat-wdr-home-care-home-care-line-es","7":"product_tag-piel","8":"page-type-home-care","10":"first","11":"instock","12":"featured","13":"purchasable","14":"product-type-simple"},"acf":[],"_links":{"self":[{"href":"https:\/\/oxxot.com\/es\/wp-json\/wp\/v2\/product\/9387","targetHints":{"allow":["GET"]}}],"collection":[{"href":"https:\/\/oxxot.com\/es\/wp-json\/wp\/v2\/product"}],"about":[{"href":"https:\/\/oxxot.com\/es\/wp-json\/wp\/v2\/types\/product"}],"replies":[{"embeddable":true,"href":"https:\/\/oxxot.com\/es\/wp-json\/wp\/v2\/comments?post=9387"}],"wp:featuredmedia":[{"embeddable":true,"href":"https:\/\/oxxot.com\/es\/wp-json\/wp\/v2\/media\/10335"}],"wp:attachment":[{"href":"https:\/\/oxxot.com\/es\/wp-json\/wp\/v2\/media?parent=9387"}],"wp:term":[{"taxonomy":"patologia","embeddable":true,"href":"https:\/\/oxxot.com\/es\/wp-json\/wp\/v2\/patologia?post=9387"},{"taxonomy":"tipologia","embeddable":true,"href":"https:\/\/oxxot.com\/es\/wp-json\/wp\/v2\/tipologia?post=9387"},{"taxonomy":"product_brand","embeddable":true,"href":"https:\/\/oxxot.com\/es\/wp-json\/wp\/v2\/product_brand?post=9387"},{"taxonomy":"product_cat","embeddable":true,"href":"https:\/\/oxxot.com\/es\/wp-json\/wp\/v2\/product_cat?post=9387"},{"taxonomy":"product_tag","embeddable":true,"href":"https:\/\/oxxot.com\/es\/wp-json\/wp\/v2\/product_tag?post=9387"}],"curies":[{"name":"wp","href":"https:\/\/api.w.org\/{rel}","templated":true}]}}