{"id":9383,"date":"2023-12-20T14:41:09","date_gmt":"2023-12-20T13:41:09","guid":{"rendered":"https:\/\/oxxot.com\/prodotto\/mandel-white-cream\/"},"modified":"2026-04-20T16:30:33","modified_gmt":"2026-04-20T14:30:33","slug":"mandel-white-cream","status":"publish","type":"product","link":"https:\/\/oxxot.com\/es\/prodotto\/mandel-white-cream\/","title":{"rendered":"WDR Mandel White Cream &#8211; Crema Blanqueadora"},"content":{"rendered":"<p>WDR Mandel White Cream<\/p>\n<p>Esta formulaci\u00f3n combina un conjunto de agentes activos despigmentantes que ayudan a eliminar la pigmentaci\u00f3n existente y previenen la formaci\u00f3n de nuevas manchas.<\/p>\n<p>Los antioxidantes e hidratantes, los AHA y los filtros solares enriquecen la crema.<br \/>\nDebido a su acci\u00f3n altamente aclarante, puede utilizarse como tratamiento diario de mantenimiento de las terapias profesionales o como complemento de otros tratamientos aclarantes.<\/p>\n<p><strong>Adecuada para todo tipo de pieles<\/strong>.<\/p>\n","protected":false},"excerpt":{"rendered":"<p><strong>La Crema Blanca Mandel WDR<\/strong> es un tratamiento intensivo de uso domiciliario altamente eficaz, formulado para mejorar y prevenir todo tipo de manchas de origen mel\u00e1nico, como melasma, cloasma, manchas solares, manchas de la edad y pigmentaciones postinflamatorias: reduce notablemente los problemas de pigmentaci\u00f3n y unifica el tono pigmentario inhibiendo la producci\u00f3n de melanina. Su f\u00f3rmula combina <strong>\u00e1cido mand\u00e9lico<\/strong>, agentes aclarantes, antioxidantes, hidratantes, AHA y filtros solares, ofreciendo una acci\u00f3n integral tanto en las manchas existentes como en la prevenci\u00f3n de nuevas discrom\u00edas. <\/p>\n<p><strong>C\u00f3mo llegar<\/strong><\/p>\n<ul>\n<li>Melasma y cloasma<\/li>\n<li>Manchas solares y de la edad<\/li>\n<li>Decoloraciones por hemosiderina<\/li>\n<li>Manchas post-l\u00e1ser<\/li>\n<li>Coadyuvante de tratamientos m\u00e9dico-est\u00e9ticos (peeling qu\u00edmico)<\/li>\n<li>Adecuado para todos los fototipos (el \u00e1cido mand\u00e9lico no es fotosensibilizante)<\/li>\n<\/ul>\n","protected":false},"featured_media":10339,"comment_status":"open","ping_status":"closed","template":"","meta":{"_acf_changed":false},"patologia":[],"tipologia":[],"product_brand":[],"product_cat":[168],"product_tag":[176,163],"class_list":{"0":"post-9383","1":"product","2":"type-product","3":"status-publish","4":"has-post-thumbnail","6":"product_cat-wdr-home-care-home-care-line-es","7":"product_tag-home-care-peeling-es","8":"product_tag-piel","9":"page-type-home-care","11":"first","12":"instock","13":"shipping-taxable","14":"purchasable","15":"product-type-simple"},"acf":[],"_links":{"self":[{"href":"https:\/\/oxxot.com\/es\/wp-json\/wp\/v2\/product\/9383","targetHints":{"allow":["GET"]}}],"collection":[{"href":"https:\/\/oxxot.com\/es\/wp-json\/wp\/v2\/product"}],"about":[{"href":"https:\/\/oxxot.com\/es\/wp-json\/wp\/v2\/types\/product"}],"replies":[{"embeddable":true,"href":"https:\/\/oxxot.com\/es\/wp-json\/wp\/v2\/comments?post=9383"}],"wp:featuredmedia":[{"embeddable":true,"href":"https:\/\/oxxot.com\/es\/wp-json\/wp\/v2\/media\/10339"}],"wp:attachment":[{"href":"https:\/\/oxxot.com\/es\/wp-json\/wp\/v2\/media?parent=9383"}],"wp:term":[{"taxonomy":"patologia","embeddable":true,"href":"https:\/\/oxxot.com\/es\/wp-json\/wp\/v2\/patologia?post=9383"},{"taxonomy":"tipologia","embeddable":true,"href":"https:\/\/oxxot.com\/es\/wp-json\/wp\/v2\/tipologia?post=9383"},{"taxonomy":"product_brand","embeddable":true,"href":"https:\/\/oxxot.com\/es\/wp-json\/wp\/v2\/product_brand?post=9383"},{"taxonomy":"product_cat","embeddable":true,"href":"https:\/\/oxxot.com\/es\/wp-json\/wp\/v2\/product_cat?post=9383"},{"taxonomy":"product_tag","embeddable":true,"href":"https:\/\/oxxot.com\/es\/wp-json\/wp\/v2\/product_tag?post=9383"}],"curies":[{"name":"wp","href":"https:\/\/api.w.org\/{rel}","templated":true}]}}