{"id":9381,"date":"2023-12-20T14:41:09","date_gmt":"2023-12-20T13:41:09","guid":{"rendered":"https:\/\/oxxot.com\/prodotto\/mandel-barcode-system\/"},"modified":"2026-04-20T16:50:18","modified_gmt":"2026-04-20T14:50:18","slug":"mandel-barcode-system","status":"publish","type":"product","link":"https:\/\/oxxot.com\/es\/prodotto\/mandel-barcode-system\/","title":{"rendered":"WDR Mandel Barcode System &#8211; Sistema de codigo de barras"},"content":{"rendered":"<p>WDR MANDEL BARCODE SYSTEM ha sido especificamente formulando para reducir y contrarrestar la formacion de arrugas perilabiales causadas porr el tabaco, la mimica facial y el fisiologico envejecimiento cutaneo.<\/p>\n<p>Este sistema trif\u00e1sico est\u00e1 formulado para:<\/p>\n<ul>\n<li>Reducir la aparici\u00f3n de l\u00edneas verticales y arrugas.<\/li>\n<li>Estimular la s\u00edntesis de col\u00e1geno y elastina.<\/li>\n<li>Mejorar la elasticidad de la piel.<\/li>\n<\/ul>\n<p><strong><br \/>\nAdecuado para todos los fototipos de piel<\/strong><\/p>\n<p>El tratamiento consta de 3 fases:<\/p>\n<p>FASE 1: micro-exfoliante scrub que prepara la piel para la accion de la Fase 2<br \/>\n<strong>FASE 2: <\/strong> Gel alisante con \u00c1cido Mand\u00e9lico, que tiene acci\u00f3n alisadora, hidratante y aclarante, estimulando el recambio celular.<br \/>\n<strong>FASE 3:<\/strong> Crema calmante y restauradora con acci\u00f3n lenitiva, reparadora y protectora, que estimula el proceso de reepitelizaci\u00f3n cut\u00e1nea y restaura el nivel \u00f3ptimo de hidrataci\u00f3n.<strong><br \/>\n<\/strong><\/p>\n","protected":false},"excerpt":{"rendered":"<p><strong>WDR Mandel Barcode System<\/strong> \u00e8 un trattamento dermocosmetico intensivo in <strong>3 fasi<\/strong>, studiato specificamente per migliorare le <strong>rughe perilabiali<\/strong>, note come <em>rughe a barcode<\/em>. La sua formulazione avanzata combina esfoliazione, levigazione e riparazione cutanea per ridurre le linee verticali del labbro superiore, stimolare il turnover cellulare e migliorare elasticit\u00e0 e compattezza. <\/p>\n<p>Este tratamiento dermocosm\u00e9tico intensivo est\u00e1 espec\u00edficamente dise\u00f1ado para reducir y contrarrestar la formaci\u00f3n de arrugas periorales (tambi\u00e9n conocidas como BARCODE) causadas por el tabaquismo, los movimientos faciales y el envejecimiento cut\u00e1neo.<\/p>\n<p>&nbsp;<\/p>\n","protected":false},"featured_media":9382,"comment_status":"open","ping_status":"closed","template":"","meta":{"_acf_changed":false},"patologia":[],"tipologia":[],"product_brand":[],"product_cat":[168],"product_tag":[176,163],"class_list":{"0":"post-9381","1":"product","2":"type-product","3":"status-publish","4":"has-post-thumbnail","6":"product_cat-wdr-home-care-home-care-line-es","7":"product_tag-home-care-peeling-es","8":"product_tag-piel","9":"page-type-home-care","11":"first","12":"instock","13":"shipping-taxable","14":"purchasable","15":"product-type-simple"},"acf":[],"_links":{"self":[{"href":"https:\/\/oxxot.com\/es\/wp-json\/wp\/v2\/product\/9381","targetHints":{"allow":["GET"]}}],"collection":[{"href":"https:\/\/oxxot.com\/es\/wp-json\/wp\/v2\/product"}],"about":[{"href":"https:\/\/oxxot.com\/es\/wp-json\/wp\/v2\/types\/product"}],"replies":[{"embeddable":true,"href":"https:\/\/oxxot.com\/es\/wp-json\/wp\/v2\/comments?post=9381"}],"wp:featuredmedia":[{"embeddable":true,"href":"https:\/\/oxxot.com\/es\/wp-json\/wp\/v2\/media\/9382"}],"wp:attachment":[{"href":"https:\/\/oxxot.com\/es\/wp-json\/wp\/v2\/media?parent=9381"}],"wp:term":[{"taxonomy":"patologia","embeddable":true,"href":"https:\/\/oxxot.com\/es\/wp-json\/wp\/v2\/patologia?post=9381"},{"taxonomy":"tipologia","embeddable":true,"href":"https:\/\/oxxot.com\/es\/wp-json\/wp\/v2\/tipologia?post=9381"},{"taxonomy":"product_brand","embeddable":true,"href":"https:\/\/oxxot.com\/es\/wp-json\/wp\/v2\/product_brand?post=9381"},{"taxonomy":"product_cat","embeddable":true,"href":"https:\/\/oxxot.com\/es\/wp-json\/wp\/v2\/product_cat?post=9381"},{"taxonomy":"product_tag","embeddable":true,"href":"https:\/\/oxxot.com\/es\/wp-json\/wp\/v2\/product_tag?post=9381"}],"curies":[{"name":"wp","href":"https:\/\/api.w.org\/{rel}","templated":true}]}}