{"id":9379,"date":"2023-12-20T14:41:09","date_gmt":"2023-12-20T13:41:09","guid":{"rendered":"https:\/\/oxxot.com\/prodotto\/mandel-white-kit\/"},"modified":"2023-12-20T14:41:09","modified_gmt":"2023-12-20T13:41:09","slug":"mandel-white-kit","status":"publish","type":"product","link":"https:\/\/oxxot.com\/es\/prodotto\/mandel-white-kit\/","title":{"rendered":"Mandel White Kit"},"content":{"rendered":"<p>El tratamiento se presenta en forma de kit que incluye:<\/p>\n<p><strong>MANDEL WHITE Peeling:<\/strong> Soluci\u00f3n monodosis de peeling a base de \u00c1cido Mand\u00e9lico, Lactoferrina, \u00c1cido C\u00edtrico, \u00c1cido F\u00edtico y antioxidantes. Aplicado en el consultorio m\u00e9dico por un profesional.<\/p>\n<p><strong>MANDEL WHITE Cream<\/strong>: Crema blanqueadora para el mantenimiento que completa el proceso de despigmentaci\u00f3n iniciado en el consultorio m\u00e9dico. Aplicada diariamente en casa entre sesiones del tratamiento profesional.<\/p>\n<p><strong>Programa dise\u00f1ado que combina el tratamiento m\u00e9dico ambulatorio con la terapia de mantenimiento domiciliario para completar la acci\u00f3n dermocosm\u00e9tica en las \u00e1reas tratadas.<\/strong><\/p>\n","protected":false},"excerpt":{"rendered":"<p>Programa espec\u00edfico complementario para tratar las discrom\u00edas cut\u00e1neas, creado para eliminar la pigmentaci\u00f3n existente y prevenir la formaci\u00f3n de nuevas manchas.<\/p>\n","protected":false},"featured_media":9380,"comment_status":"open","ping_status":"closed","template":"","meta":{"_acf_changed":false},"patologia":[],"tipologia":[],"product_brand":[],"product_cat":[171],"product_tag":[163],"class_list":{"0":"post-9379","1":"product","2":"type-product","3":"status-publish","4":"has-post-thumbnail","6":"product_cat-wdr-professional-line-es","7":"product_tag-piel","8":"page-type-home-care","10":"first","11":"outofstock","12":"featured","13":"taxable","14":"shipping-taxable","15":"purchasable","16":"product-type-simple"},"acf":[],"_links":{"self":[{"href":"https:\/\/oxxot.com\/es\/wp-json\/wp\/v2\/product\/9379","targetHints":{"allow":["GET"]}}],"collection":[{"href":"https:\/\/oxxot.com\/es\/wp-json\/wp\/v2\/product"}],"about":[{"href":"https:\/\/oxxot.com\/es\/wp-json\/wp\/v2\/types\/product"}],"replies":[{"embeddable":true,"href":"https:\/\/oxxot.com\/es\/wp-json\/wp\/v2\/comments?post=9379"}],"wp:featuredmedia":[{"embeddable":true,"href":"https:\/\/oxxot.com\/es\/wp-json\/wp\/v2\/media\/9380"}],"wp:attachment":[{"href":"https:\/\/oxxot.com\/es\/wp-json\/wp\/v2\/media?parent=9379"}],"wp:term":[{"taxonomy":"patologia","embeddable":true,"href":"https:\/\/oxxot.com\/es\/wp-json\/wp\/v2\/patologia?post=9379"},{"taxonomy":"tipologia","embeddable":true,"href":"https:\/\/oxxot.com\/es\/wp-json\/wp\/v2\/tipologia?post=9379"},{"taxonomy":"product_brand","embeddable":true,"href":"https:\/\/oxxot.com\/es\/wp-json\/wp\/v2\/product_brand?post=9379"},{"taxonomy":"product_cat","embeddable":true,"href":"https:\/\/oxxot.com\/es\/wp-json\/wp\/v2\/product_cat?post=9379"},{"taxonomy":"product_tag","embeddable":true,"href":"https:\/\/oxxot.com\/es\/wp-json\/wp\/v2\/product_tag?post=9379"}],"curies":[{"name":"wp","href":"https:\/\/api.w.org\/{rel}","templated":true}]}}