{"id":9377,"date":"2023-12-20T14:41:09","date_gmt":"2023-12-20T13:41:09","guid":{"rendered":"https:\/\/oxxot.com\/prodotto\/mandel-pre-peel\/"},"modified":"2026-04-08T13:16:44","modified_gmt":"2026-04-08T11:16:44","slug":"mandel-pre-peel","status":"publish","type":"product","link":"https:\/\/oxxot.com\/es\/prodotto\/mandel-pre-peel\/","title":{"rendered":"Prepelado WDR Mandel"},"content":{"rendered":"<p>&nbsp;<\/p>\n<p>&nbsp;<\/p>\n","protected":false},"excerpt":{"rendered":"<p><strong>El Pre Peeling WDR Mandel es un tratamiento exfoliante preparatorio<\/strong> que elimina las c\u00e9lulas muertas y los restos de maquillaje, iguala la superficie de la piel y favorece la absorci\u00f3n de los principios activos.<\/p>\n<p>Ayuda a reducir el pH de la piel, optimizando la eficacia de los tratamientos posteriores al favorecer la absorci\u00f3n de sustancias activas en la soluci\u00f3n exfoliante.<\/p>\n<p><strong>Principios activos:<\/strong> \u00c1cido Mand\u00e9lico, AHA Pool, Bromelina, \u00c1cido L\u00e1ctico.<\/p>\n<p>Espec\u00edficamente dise\u00f1ado para preparar primero la piel antes de un tratamiento de exfoliaci\u00f3n profesional.<\/p>\n<p>Adecuado para todo tipo de piel y para todas las estaciones.<\/p>\n<p>Exfoliante preparatorio con \u00c1cido Mand\u00e9lico, AHA, Bromelina y \u00c1cido L\u00e1ctico. Elimina las c\u00e9lulas muertas, unifica la piel y optimiza la absorci\u00f3n de la exfoliaci\u00f3n. <\/p>\n","protected":false},"featured_media":10291,"comment_status":"open","ping_status":"closed","template":"","meta":{"_acf_changed":false},"patologia":[],"tipologia":[],"product_brand":[],"product_cat":[174,171],"product_tag":[163],"class_list":{"0":"post-9377","1":"product","2":"type-product","3":"status-publish","4":"has-post-thumbnail","6":"product_cat-pre-peel-es","7":"product_cat-wdr-professional-line-es","8":"product_tag-piel","9":"page-type-home-care","11":"first","12":"instock","13":"taxable","14":"shipping-taxable","15":"purchasable","16":"product-type-simple"},"acf":[],"_links":{"self":[{"href":"https:\/\/oxxot.com\/es\/wp-json\/wp\/v2\/product\/9377","targetHints":{"allow":["GET"]}}],"collection":[{"href":"https:\/\/oxxot.com\/es\/wp-json\/wp\/v2\/product"}],"about":[{"href":"https:\/\/oxxot.com\/es\/wp-json\/wp\/v2\/types\/product"}],"replies":[{"embeddable":true,"href":"https:\/\/oxxot.com\/es\/wp-json\/wp\/v2\/comments?post=9377"}],"wp:featuredmedia":[{"embeddable":true,"href":"https:\/\/oxxot.com\/es\/wp-json\/wp\/v2\/media\/10291"}],"wp:attachment":[{"href":"https:\/\/oxxot.com\/es\/wp-json\/wp\/v2\/media?parent=9377"}],"wp:term":[{"taxonomy":"patologia","embeddable":true,"href":"https:\/\/oxxot.com\/es\/wp-json\/wp\/v2\/patologia?post=9377"},{"taxonomy":"tipologia","embeddable":true,"href":"https:\/\/oxxot.com\/es\/wp-json\/wp\/v2\/tipologia?post=9377"},{"taxonomy":"product_brand","embeddable":true,"href":"https:\/\/oxxot.com\/es\/wp-json\/wp\/v2\/product_brand?post=9377"},{"taxonomy":"product_cat","embeddable":true,"href":"https:\/\/oxxot.com\/es\/wp-json\/wp\/v2\/product_cat?post=9377"},{"taxonomy":"product_tag","embeddable":true,"href":"https:\/\/oxxot.com\/es\/wp-json\/wp\/v2\/product_tag?post=9377"}],"curies":[{"name":"wp","href":"https:\/\/api.w.org\/{rel}","templated":true}]}}