{"id":9375,"date":"2023-12-20T14:41:09","date_gmt":"2023-12-20T13:41:09","guid":{"rendered":"https:\/\/oxxot.com\/prodotto\/mandel-scrub\/"},"modified":"2023-12-20T14:41:09","modified_gmt":"2023-12-20T13:41:09","slug":"mandel-scrub","status":"publish","type":"product","link":"https:\/\/oxxot.com\/es\/prodotto\/mandel-scrub\/","title":{"rendered":"Mandel Scrub"},"content":{"rendered":"<p>Mandel Scrub combina agentes qu\u00edmicos que exfolian qu\u00edmicamente las c\u00e9lulas muertas y microgr\u00e1nulos que realizan una exfoliaci\u00f3n mec\u00e1nica similar a la microdermoabrasi\u00f3n, sin secar<br \/>\nni da\u00f1ar la piel.<\/p>\n<p>Formulado para hacer que la superficie cut\u00e1nea sea m\u00e1s receptiva a la penetraci\u00f3n y absorci\u00f3n de los ingredientes activos contenidos en el peeling.<\/p>\n<p>Espec\u00edficamente dise\u00f1ado para preparar la piel antes de cualquier tratamiento peeling profesional.<\/p>\n<p><strong>Adecuado para todo tipo de piel y para todas las estaciones.<\/strong><\/p>\n","protected":false},"excerpt":{"rendered":"<p>Gel Pre Peeling Scrub que contiene \u00c1cido Mand\u00e9lico, pool de AHA, \u00c1cido Azelaico y Microgr\u00e1nulos, que elimina profundamente las c\u00e9lulas muertas, las impurezas y los restos de maquillaje.<\/p>\n","protected":false},"featured_media":10295,"comment_status":"open","ping_status":"closed","template":"","meta":{"_acf_changed":false},"patologia":[],"tipologia":[],"product_brand":[],"product_cat":[174,171],"product_tag":[],"class_list":{"0":"post-9375","1":"product","2":"type-product","3":"status-publish","4":"has-post-thumbnail","6":"product_cat-pre-peel-es","7":"product_cat-wdr-professional-line-es","8":"page-type-home-care","10":"first","11":"instock","12":"taxable","13":"shipping-taxable","14":"purchasable","15":"product-type-simple"},"acf":[],"_links":{"self":[{"href":"https:\/\/oxxot.com\/es\/wp-json\/wp\/v2\/product\/9375","targetHints":{"allow":["GET"]}}],"collection":[{"href":"https:\/\/oxxot.com\/es\/wp-json\/wp\/v2\/product"}],"about":[{"href":"https:\/\/oxxot.com\/es\/wp-json\/wp\/v2\/types\/product"}],"replies":[{"embeddable":true,"href":"https:\/\/oxxot.com\/es\/wp-json\/wp\/v2\/comments?post=9375"}],"wp:featuredmedia":[{"embeddable":true,"href":"https:\/\/oxxot.com\/es\/wp-json\/wp\/v2\/media\/10295"}],"wp:attachment":[{"href":"https:\/\/oxxot.com\/es\/wp-json\/wp\/v2\/media?parent=9375"}],"wp:term":[{"taxonomy":"patologia","embeddable":true,"href":"https:\/\/oxxot.com\/es\/wp-json\/wp\/v2\/patologia?post=9375"},{"taxonomy":"tipologia","embeddable":true,"href":"https:\/\/oxxot.com\/es\/wp-json\/wp\/v2\/tipologia?post=9375"},{"taxonomy":"product_brand","embeddable":true,"href":"https:\/\/oxxot.com\/es\/wp-json\/wp\/v2\/product_brand?post=9375"},{"taxonomy":"product_cat","embeddable":true,"href":"https:\/\/oxxot.com\/es\/wp-json\/wp\/v2\/product_cat?post=9375"},{"taxonomy":"product_tag","embeddable":true,"href":"https:\/\/oxxot.com\/es\/wp-json\/wp\/v2\/product_tag?post=9375"}],"curies":[{"name":"wp","href":"https:\/\/api.w.org\/{rel}","templated":true}]}}