{"id":9373,"date":"2023-12-20T14:41:09","date_gmt":"2023-12-20T13:41:09","guid":{"rendered":"https:\/\/oxxot.com\/prodotto\/mandel-post-peel\/"},"modified":"2026-04-10T16:50:06","modified_gmt":"2026-04-10T14:50:06","slug":"mandel-post-peel","status":"publish","type":"product","link":"https:\/\/oxxot.com\/es\/prodotto\/mandel-post-peel\/","title":{"rendered":"WDR Mandel Post Peeling"},"content":{"rendered":"<p>WDR Mandel Post Peel es una Crema Post Peeling profesional con propiedades nutritivas, calmantes, antienvejecimiento, inflamatorias y antioxidantes.<\/p>\n<p>Gracias a la presencia de sustancias anti-envejecimiento y bio revitalizantes, esta formulaci\u00f3n optimiza y promueve los efectos del peeling qu\u00edmico, complementando la acci\u00f3n previa del propio peeling.<\/p>\n<p>Utilizada durante cualquier protocolo para proporcionar beneficios nutritivos y calmantes a la piel, asegura un ambiente ideal para favorecer el proceso de curaci\u00f3n al proporcionar los nutrientes esenciales y contrarrestar la inflamaci\u00f3n.<\/p>\n<ul>\n<li>crema post-peeling<\/li>\n<li>tratamiento posterior calmante<\/li>\n<li>crema facial reepitelizante<\/li>\n<li>\u00e1cido hialur\u00f3nico post peeling<\/li>\n<li>crema facial descongestionante<\/li>\n<li>cuidado de la piel despu\u00e9s del tratamiento<\/li>\n<\/ul>\n<div><\/div>\n<p>&nbsp;<\/p>\n","protected":false},"excerpt":{"rendered":"<p><strong>WDR MANDEL POST PEEL &#8211; Crema Calmante Post-Tratamiento<\/strong><\/p>\n<p>F\u00f3rmula espec\u00edfica post-peeling que favorece el proceso de cicatrizaci\u00f3n, aporta nutrientes esenciales y contrarresta la inflamaci\u00f3n.<\/p>\n<p>Ejerce una acci\u00f3n descongestiva, calmante y emoliente, favoreciendo la reepitelizaci\u00f3n de la piel.<\/p>\n<p>Con complejos calmantes, \u00e1cido hialur\u00f3nico, activos antiedad y antioxidantes para una recuperaci\u00f3n r\u00e1pida y confortable.<\/p>\n<p><strong>Principios activos<\/strong>: Complejo Calmante, \u00c1cido Hialur\u00f3nico, Complejo Antienvejecimiento, Antioxidantes.<\/p>\n","protected":false},"featured_media":10349,"comment_status":"open","ping_status":"closed","template":"","meta":{"_acf_changed":false},"patologia":[],"tipologia":[],"product_brand":[],"product_cat":[173,171],"product_tag":[163],"class_list":{"0":"post-9373","1":"product","2":"type-product","3":"status-publish","4":"has-post-thumbnail","6":"product_cat-post-peel-es","7":"product_cat-wdr-professional-line-es","8":"product_tag-piel","9":"page-type-home-care","11":"first","12":"instock","13":"taxable","14":"shipping-taxable","15":"purchasable","16":"product-type-simple"},"acf":[],"_links":{"self":[{"href":"https:\/\/oxxot.com\/es\/wp-json\/wp\/v2\/product\/9373","targetHints":{"allow":["GET"]}}],"collection":[{"href":"https:\/\/oxxot.com\/es\/wp-json\/wp\/v2\/product"}],"about":[{"href":"https:\/\/oxxot.com\/es\/wp-json\/wp\/v2\/types\/product"}],"replies":[{"embeddable":true,"href":"https:\/\/oxxot.com\/es\/wp-json\/wp\/v2\/comments?post=9373"}],"wp:featuredmedia":[{"embeddable":true,"href":"https:\/\/oxxot.com\/es\/wp-json\/wp\/v2\/media\/10349"}],"wp:attachment":[{"href":"https:\/\/oxxot.com\/es\/wp-json\/wp\/v2\/media?parent=9373"}],"wp:term":[{"taxonomy":"patologia","embeddable":true,"href":"https:\/\/oxxot.com\/es\/wp-json\/wp\/v2\/patologia?post=9373"},{"taxonomy":"tipologia","embeddable":true,"href":"https:\/\/oxxot.com\/es\/wp-json\/wp\/v2\/tipologia?post=9373"},{"taxonomy":"product_brand","embeddable":true,"href":"https:\/\/oxxot.com\/es\/wp-json\/wp\/v2\/product_brand?post=9373"},{"taxonomy":"product_cat","embeddable":true,"href":"https:\/\/oxxot.com\/es\/wp-json\/wp\/v2\/product_cat?post=9373"},{"taxonomy":"product_tag","embeddable":true,"href":"https:\/\/oxxot.com\/es\/wp-json\/wp\/v2\/product_tag?post=9373"}],"curies":[{"name":"wp","href":"https:\/\/api.w.org\/{rel}","templated":true}]}}