{"id":9370,"date":"2023-12-20T14:41:09","date_gmt":"2023-12-20T13:41:09","guid":{"rendered":"https:\/\/oxxot.com\/prodotto\/micro-hyal-professional\/"},"modified":"2026-04-10T16:44:55","modified_gmt":"2026-04-10T14:44:55","slug":"micro-hyal-professional","status":"publish","type":"product","link":"https:\/\/oxxot.com\/es\/prodotto\/micro-hyal-professional\/","title":{"rendered":"WDR Micro Hyal Profesional"},"content":{"rendered":"<p>Wdr Micro Hyal Professional es una crema profesional formulada para la bio-regeneraci\u00f3n de las partes da\u00f1adas: favorece la activaci\u00f3n de los fibroblastos para la neoformaci\u00f3n de los componentes de la matriz y la normalizaci\u00f3n de su estado coloidal (normalizaci\u00f3n de la hidrataci\u00f3n).<\/p>\n<p>Esta formulaci\u00f3n \u00fanica se debe a la presencia de Fragmentos de \u00c1cido Hialur\u00f3nico de Bajo Peso Molecular (&lt;8 millones de Dalton) que penetran profundamente garantizando elasticidad y firmeza.<\/p>\n<p>Una potente combinaci\u00f3n de amino\u00e1cidos, antioxidantes, precursores de los componentes de la matriz, agentes quelantes e inhibidores de las MMPs, hace que esta crema sea especialmente adecuada para tratar la piel da\u00f1ada y deshidratada despu\u00e9s de cualquier procedimiento profesional invasivo (peeling, rellenos, microneedling, l\u00e1ser, radiofrecuencia).<\/p>\n","protected":false},"excerpt":{"rendered":"<p><strong>WDR MICRO HYAL PROFESIONAL &#8211; Tratamiento Reparador Post-Profesional <\/strong><\/p>\n<p>F\u00f3rmula avanzada que favorece la reepitelizaci\u00f3n y la reparaci\u00f3n tisular, restaurando los niveles de hidrataci\u00f3n de la piel despu\u00e9s de tratamientos como peeling, rellenos, agujas o l\u00e1ser.<\/p>\n<p>Ejerce una acci\u00f3n calmante, regeneradora y protectora gracias a los Fragmentos de \u00c1cido Hialur\u00f3nico de bajo peso molecular, Inhibidores de MMPs, Amino\u00e1cidos, Antioxidantes y Agentes Quelantes.<\/p>\n<p><strong>Activo:<\/strong> Fragmentos de \u00c1cido Hialur\u00f3nico &lt;8 MDa, Inhibidores de las MMPs, Complejo de Amino\u00e1cidos y Antioxidantes, Agentes Quelantes, Precursores de la Matriz.<\/p>\n","protected":false},"featured_media":10331,"comment_status":"open","ping_status":"closed","template":"","meta":{"_acf_changed":false},"patologia":[],"tipologia":[],"product_brand":[],"product_cat":[173,171],"product_tag":[163],"class_list":{"0":"post-9370","1":"product","2":"type-product","3":"status-publish","4":"has-post-thumbnail","6":"product_cat-post-peel-es","7":"product_cat-wdr-professional-line-es","8":"product_tag-piel","9":"page-type-home-care","11":"first","12":"instock","13":"featured","14":"taxable","15":"shipping-taxable","16":"purchasable","17":"product-type-simple"},"acf":[],"_links":{"self":[{"href":"https:\/\/oxxot.com\/es\/wp-json\/wp\/v2\/product\/9370","targetHints":{"allow":["GET"]}}],"collection":[{"href":"https:\/\/oxxot.com\/es\/wp-json\/wp\/v2\/product"}],"about":[{"href":"https:\/\/oxxot.com\/es\/wp-json\/wp\/v2\/types\/product"}],"replies":[{"embeddable":true,"href":"https:\/\/oxxot.com\/es\/wp-json\/wp\/v2\/comments?post=9370"}],"wp:featuredmedia":[{"embeddable":true,"href":"https:\/\/oxxot.com\/es\/wp-json\/wp\/v2\/media\/10331"}],"wp:attachment":[{"href":"https:\/\/oxxot.com\/es\/wp-json\/wp\/v2\/media?parent=9370"}],"wp:term":[{"taxonomy":"patologia","embeddable":true,"href":"https:\/\/oxxot.com\/es\/wp-json\/wp\/v2\/patologia?post=9370"},{"taxonomy":"tipologia","embeddable":true,"href":"https:\/\/oxxot.com\/es\/wp-json\/wp\/v2\/tipologia?post=9370"},{"taxonomy":"product_brand","embeddable":true,"href":"https:\/\/oxxot.com\/es\/wp-json\/wp\/v2\/product_brand?post=9370"},{"taxonomy":"product_cat","embeddable":true,"href":"https:\/\/oxxot.com\/es\/wp-json\/wp\/v2\/product_cat?post=9370"},{"taxonomy":"product_tag","embeddable":true,"href":"https:\/\/oxxot.com\/es\/wp-json\/wp\/v2\/product_tag?post=9370"}],"curies":[{"name":"wp","href":"https:\/\/api.w.org\/{rel}","templated":true}]}}