{"id":9368,"date":"2023-12-20T14:41:09","date_gmt":"2023-12-20T13:41:09","guid":{"rendered":"https:\/\/oxxot.com\/prodotto\/mandel\/"},"modified":"2026-03-26T15:17:48","modified_gmt":"2026-03-26T14:17:48","slug":"mandel","status":"publish","type":"product","link":"https:\/\/oxxot.com\/es\/prodotto\/mandel\/","title":{"rendered":"Mandel +"},"content":{"rendered":"<p><strong>L&#8217;efficacia di Mandel+ \u00e8 dovuta all&#8217;azione sinergica dell&#8217;Acido Mandelico e della Lattoferrina, potente agente chelante del rame e del ferro.<\/strong><\/p>\n<ul>\n<li>Adecuado para uso durante todo el a\u00f1o (incluido el verano) y para todos los fototipos de piel;<\/li>\n<li>No causar\u00e1 sensaci\u00f3n de quemaz\u00f3n o picaz\u00f3n durante la aplicaci\u00f3n (o ser\u00e1 leve);<\/li>\n<li>Sin tiempo de inactividad;<\/li>\n<\/ul>\n<p>&nbsp;<\/p>\n<p><strong>Se recomienda un r\u00e9gimen de cuidado domiciliario para potenciar y maximizar los resultados del tratamiento profesional.<\/strong><\/p>\n","protected":false},"excerpt":{"rendered":"<p>Tratamiento profesional de peeling a base de \u00c1cido Mand\u00e9lico potenciado con Lactoferrina, \u00c1cido F\u00edtico, \u00c1cido C\u00edtrico y Quercetina, indicado espec\u00edficamente para la hiperpigmentaci\u00f3n de origen melanico, preferiblemente localizada a nivel epid\u00e9rmico.<\/p>\n","protected":false},"featured_media":10307,"comment_status":"open","ping_status":"closed","template":"","meta":{"_acf_changed":false},"patologia":[],"tipologia":[],"product_brand":[],"product_cat":[172,158,171],"product_tag":[163],"class_list":{"0":"post-9368","1":"product","2":"type-product","3":"status-publish","4":"has-post-thumbnail","6":"product_cat-peel-es","7":"product_cat-professional-line-es","8":"product_cat-wdr-professional-line-es","9":"product_tag-piel","10":"page-type-home-care","12":"first","13":"instock","14":"taxable","15":"shipping-taxable","16":"purchasable","17":"product-type-simple"},"acf":[],"_links":{"self":[{"href":"https:\/\/oxxot.com\/es\/wp-json\/wp\/v2\/product\/9368","targetHints":{"allow":["GET"]}}],"collection":[{"href":"https:\/\/oxxot.com\/es\/wp-json\/wp\/v2\/product"}],"about":[{"href":"https:\/\/oxxot.com\/es\/wp-json\/wp\/v2\/types\/product"}],"replies":[{"embeddable":true,"href":"https:\/\/oxxot.com\/es\/wp-json\/wp\/v2\/comments?post=9368"}],"wp:featuredmedia":[{"embeddable":true,"href":"https:\/\/oxxot.com\/es\/wp-json\/wp\/v2\/media\/10307"}],"wp:attachment":[{"href":"https:\/\/oxxot.com\/es\/wp-json\/wp\/v2\/media?parent=9368"}],"wp:term":[{"taxonomy":"patologia","embeddable":true,"href":"https:\/\/oxxot.com\/es\/wp-json\/wp\/v2\/patologia?post=9368"},{"taxonomy":"tipologia","embeddable":true,"href":"https:\/\/oxxot.com\/es\/wp-json\/wp\/v2\/tipologia?post=9368"},{"taxonomy":"product_brand","embeddable":true,"href":"https:\/\/oxxot.com\/es\/wp-json\/wp\/v2\/product_brand?post=9368"},{"taxonomy":"product_cat","embeddable":true,"href":"https:\/\/oxxot.com\/es\/wp-json\/wp\/v2\/product_cat?post=9368"},{"taxonomy":"product_tag","embeddable":true,"href":"https:\/\/oxxot.com\/es\/wp-json\/wp\/v2\/product_tag?post=9368"}],"curies":[{"name":"wp","href":"https:\/\/api.w.org\/{rel}","templated":true}]}}