{"id":9366,"date":"2023-12-20T14:41:09","date_gmt":"2023-12-20T13:41:09","guid":{"rendered":"https:\/\/oxxot.com\/prodotto\/mandel-x\/"},"modified":"2023-12-20T14:41:09","modified_gmt":"2023-12-20T13:41:09","slug":"mandel-x","status":"publish","type":"product","link":"https:\/\/oxxot.com\/es\/prodotto\/mandel-x\/","title":{"rendered":"Mandel X"},"content":{"rendered":"<p>Mandel X estimula la regeneraci\u00f3n de los tejidos gracias a la estimulaci\u00f3n inducida por el conjunto de agentes qu\u00edmicos exfoliantes presentes en el peeling.<\/p>\n<p>Las propiedades antioxidantes, antibacterianas, seborreguladoras, hidratantes y aclarantes hacen que este peeling qu\u00edmico sea especialmente adecuado para tratar los da\u00f1os cut\u00e1neos en pieles sensibles, con buenos resultados en la reparaci\u00f3n y reactivaci\u00f3n de la piel sin causar quemaduras o erupciones cut\u00e1neas.<\/p>\n<p>Ideal para pieles j\u00f3venes y sensibles, y en combinaci\u00f3n con otros procedimientos est\u00e9ticos profesionales;<\/p>\n<ul>\n<li style=\"list-style-type: none;\">\n<ul>\n<li>Adecuado para usar durante todo el a\u00f1o (incluido el verano) y para todos los fototipos de piel;<\/li>\n<li>No provoca sensaci\u00f3n de quemaz\u00f3n o picaz\u00f3n durante la aplicaci\u00f3n;<\/li>\n<li>Sin tiempo de inactividad;<\/li>\n<\/ul>\n<\/li>\n<\/ul>\n<p>&nbsp;<\/p>\n<p><strong>Si recomienda potenciar y aumentar el r\u00e9gimen de cuidado domiciliario para mejorar los resultados del tratamiento profesional.<\/strong><\/p>\n","protected":false},"excerpt":{"rendered":"<p>Tratamiento profesional de peeling a base de \u00c1cido Mand\u00e9lico potenciado con \u00c1cido C\u00edtrico, Quercetina y \u00c1cido F\u00edtico, indicado espec\u00edficamente para: piel seborreica, envejecimiento cronol\u00f3gico y fotoenvejecimiento (leve o moderado), piel deshidratada y para mejorar la estructura y luminosidad de la piel.<\/p>\n","protected":false},"featured_media":10311,"comment_status":"open","ping_status":"closed","template":"","meta":{"_acf_changed":false},"patologia":[],"tipologia":[],"product_brand":[],"product_cat":[171],"product_tag":[163],"class_list":{"0":"post-9366","1":"product","2":"type-product","3":"status-publish","4":"has-post-thumbnail","6":"product_cat-wdr-professional-line-es","7":"product_tag-piel","8":"page-type-home-care","10":"first","11":"instock","12":"taxable","13":"shipping-taxable","14":"purchasable","15":"product-type-simple"},"acf":[],"_links":{"self":[{"href":"https:\/\/oxxot.com\/es\/wp-json\/wp\/v2\/product\/9366","targetHints":{"allow":["GET"]}}],"collection":[{"href":"https:\/\/oxxot.com\/es\/wp-json\/wp\/v2\/product"}],"about":[{"href":"https:\/\/oxxot.com\/es\/wp-json\/wp\/v2\/types\/product"}],"replies":[{"embeddable":true,"href":"https:\/\/oxxot.com\/es\/wp-json\/wp\/v2\/comments?post=9366"}],"wp:featuredmedia":[{"embeddable":true,"href":"https:\/\/oxxot.com\/es\/wp-json\/wp\/v2\/media\/10311"}],"wp:attachment":[{"href":"https:\/\/oxxot.com\/es\/wp-json\/wp\/v2\/media?parent=9366"}],"wp:term":[{"taxonomy":"patologia","embeddable":true,"href":"https:\/\/oxxot.com\/es\/wp-json\/wp\/v2\/patologia?post=9366"},{"taxonomy":"tipologia","embeddable":true,"href":"https:\/\/oxxot.com\/es\/wp-json\/wp\/v2\/tipologia?post=9366"},{"taxonomy":"product_brand","embeddable":true,"href":"https:\/\/oxxot.com\/es\/wp-json\/wp\/v2\/product_brand?post=9366"},{"taxonomy":"product_cat","embeddable":true,"href":"https:\/\/oxxot.com\/es\/wp-json\/wp\/v2\/product_cat?post=9366"},{"taxonomy":"product_tag","embeddable":true,"href":"https:\/\/oxxot.com\/es\/wp-json\/wp\/v2\/product_tag?post=9366"}],"curies":[{"name":"wp","href":"https:\/\/api.w.org\/{rel}","templated":true}]}}