{"id":9364,"date":"2023-12-20T14:41:09","date_gmt":"2023-12-20T13:41:09","guid":{"rendered":"https:\/\/oxxot.com\/prodotto\/mandel-s\/"},"modified":"2024-07-15T10:25:01","modified_gmt":"2024-07-15T08:25:01","slug":"mandel-s","status":"publish","type":"product","link":"https:\/\/oxxot.com\/es\/prodotto\/mandel-s\/","title":{"rendered":"Mandel S"},"content":{"rendered":"<p>La combinaci\u00f3n de \u00c1cido Mand\u00e9lico y \u00c1cido Salic\u00edlico garantiza una exfoliaci\u00f3n gradual y prolongada de la epidermis superficial.<br \/>\nMandel S ha demostrado ser efectivo y seguro en el tratamiento de la piel con tendencia acneica, gracias a su acci\u00f3n queratol\u00edtica y drenante;<\/p>\n<p>Gracias a su efecto alisante, es ideal incluso para personas con piel sensible y cicatrices de acn\u00e9.<\/p>\n<ul>\n<li>Ideal para todo tipo de piel y compatible con otros procedimientos est\u00e9ticos profesionales;<\/li>\n<li>Adecuado para uso durante todo el a\u00f1o (incluido el verano) y para todos los fototipos de piel;<\/li>\n<li>No causar\u00e1 sensaci\u00f3n de quemaz\u00f3n o picaz\u00f3n durante la aplicaci\u00f3n (o ser\u00e1 leve);<\/li>\n<li>Sin tiempo de inactividad;<\/li>\n<\/ul>\n<p>&nbsp;<\/p>\n<p><strong>Se recomienda una terapia domiciliaria espec\u00edfica para mantener y aumentar los resultados del tratamiento profesional.<\/strong><\/p>\n","protected":false},"excerpt":{"rendered":"<p>Tratamiento profesional de peeling a base de \u00c1cido Mand\u00e9lico, \u00c1cido Salic\u00edlico y \u00c1cido Pir\u00favico (en peque\u00f1a proporci\u00f3n), indicado espec\u00edficamente para: acn\u00e9 con comedones y n\u00f3dulos, acn\u00e9 qu\u00edstico, cicatrices de acn\u00e9 y seborreicas, estr\u00edas y todos los casos que requieran una exfoliaci\u00f3n.<\/p>\n","protected":false},"featured_media":10299,"comment_status":"open","ping_status":"closed","template":"","meta":{"_acf_changed":false},"patologia":[],"tipologia":[],"product_brand":[],"product_cat":[171],"product_tag":[163],"class_list":{"0":"post-9364","1":"product","2":"type-product","3":"status-publish","4":"has-post-thumbnail","6":"product_cat-wdr-professional-line-es","7":"product_tag-piel","8":"page-type-home-care","10":"first","11":"instock","12":"featured","13":"taxable","14":"shipping-taxable","15":"purchasable","16":"product-type-simple"},"acf":[],"_links":{"self":[{"href":"https:\/\/oxxot.com\/es\/wp-json\/wp\/v2\/product\/9364","targetHints":{"allow":["GET"]}}],"collection":[{"href":"https:\/\/oxxot.com\/es\/wp-json\/wp\/v2\/product"}],"about":[{"href":"https:\/\/oxxot.com\/es\/wp-json\/wp\/v2\/types\/product"}],"replies":[{"embeddable":true,"href":"https:\/\/oxxot.com\/es\/wp-json\/wp\/v2\/comments?post=9364"}],"wp:featuredmedia":[{"embeddable":true,"href":"https:\/\/oxxot.com\/es\/wp-json\/wp\/v2\/media\/10299"}],"wp:attachment":[{"href":"https:\/\/oxxot.com\/es\/wp-json\/wp\/v2\/media?parent=9364"}],"wp:term":[{"taxonomy":"patologia","embeddable":true,"href":"https:\/\/oxxot.com\/es\/wp-json\/wp\/v2\/patologia?post=9364"},{"taxonomy":"tipologia","embeddable":true,"href":"https:\/\/oxxot.com\/es\/wp-json\/wp\/v2\/tipologia?post=9364"},{"taxonomy":"product_brand","embeddable":true,"href":"https:\/\/oxxot.com\/es\/wp-json\/wp\/v2\/product_brand?post=9364"},{"taxonomy":"product_cat","embeddable":true,"href":"https:\/\/oxxot.com\/es\/wp-json\/wp\/v2\/product_cat?post=9364"},{"taxonomy":"product_tag","embeddable":true,"href":"https:\/\/oxxot.com\/es\/wp-json\/wp\/v2\/product_tag?post=9364"}],"curies":[{"name":"wp","href":"https:\/\/api.w.org\/{rel}","templated":true}]}}