{"id":9362,"date":"2023-12-20T14:41:09","date_gmt":"2023-12-20T13:41:09","guid":{"rendered":"https:\/\/oxxot.com\/prodotto\/mandel-p\/"},"modified":"2023-12-20T14:41:09","modified_gmt":"2023-12-20T13:41:09","slug":"mandel-p","status":"publish","type":"product","link":"https:\/\/oxxot.com\/es\/prodotto\/mandel-p\/","title":{"rendered":"Mandel P"},"content":{"rendered":"<p>La eficacia de Mandel P se debe a la acci\u00f3n sin\u00e9rgica del \u00c1cido Mand\u00e9lico y el \u00c1cido Pir\u00favico, que potencian mutuamente la biodisponibilidad de los agentes qu\u00edmicos individuales, reduciendo as\u00ed el riesgo de efectos secundarios.<\/p>\n<ul>\n<li>Ideal para todo tipo de piel y compatible con otros procedimientos est\u00e9ticos profesionales;<\/li>\n<li>Adecuado para uso durante todo el a\u00f1o (incluido el verano) y para todos los fototipos de piel;<\/li>\n<li>No causar\u00e1 sensaci\u00f3n de quemaz\u00f3n o picaz\u00f3n durante la aplicaci\u00f3n (o ser\u00e1 leve);<\/li>\n<li>Sin tiempo de inactividad;<\/li>\n<\/ul>\n<p>&nbsp;<\/p>\n<p><strong>Se recomienda una terapia domiciliaria espec\u00edfica para mantener y aumentar los resultados del tratamiento profesional.<\/strong><\/p>\n","protected":false},"excerpt":{"rendered":"<p>Tratamiento profesional de peeling a base de \u00c1cido Mand\u00e9lico potenciado con \u00c1cido Pir\u00favico y una mezcla de \u00c1cidos Dicarbox\u00edlicos, indicado espec\u00edficamente para la piel seborreica, acn\u00e9 en sus diversas formas (en particular acn\u00e9 con p\u00e1pulas y p\u00fastulas), discrom\u00edas post-acn\u00e9 y efectos cicatriciales leves o moderados.<\/p>\n","protected":false},"featured_media":10303,"comment_status":"open","ping_status":"closed","template":"","meta":{"_acf_changed":false},"patologia":[],"tipologia":[],"product_brand":[],"product_cat":[171],"product_tag":[163],"class_list":{"0":"post-9362","1":"product","2":"type-product","3":"status-publish","4":"has-post-thumbnail","6":"product_cat-wdr-professional-line-es","7":"product_tag-piel","8":"page-type-home-care","10":"first","11":"instock","12":"taxable","13":"shipping-taxable","14":"purchasable","15":"product-type-simple"},"acf":[],"_links":{"self":[{"href":"https:\/\/oxxot.com\/es\/wp-json\/wp\/v2\/product\/9362","targetHints":{"allow":["GET"]}}],"collection":[{"href":"https:\/\/oxxot.com\/es\/wp-json\/wp\/v2\/product"}],"about":[{"href":"https:\/\/oxxot.com\/es\/wp-json\/wp\/v2\/types\/product"}],"replies":[{"embeddable":true,"href":"https:\/\/oxxot.com\/es\/wp-json\/wp\/v2\/comments?post=9362"}],"wp:featuredmedia":[{"embeddable":true,"href":"https:\/\/oxxot.com\/es\/wp-json\/wp\/v2\/media\/10303"}],"wp:attachment":[{"href":"https:\/\/oxxot.com\/es\/wp-json\/wp\/v2\/media?parent=9362"}],"wp:term":[{"taxonomy":"patologia","embeddable":true,"href":"https:\/\/oxxot.com\/es\/wp-json\/wp\/v2\/patologia?post=9362"},{"taxonomy":"tipologia","embeddable":true,"href":"https:\/\/oxxot.com\/es\/wp-json\/wp\/v2\/tipologia?post=9362"},{"taxonomy":"product_brand","embeddable":true,"href":"https:\/\/oxxot.com\/es\/wp-json\/wp\/v2\/product_brand?post=9362"},{"taxonomy":"product_cat","embeddable":true,"href":"https:\/\/oxxot.com\/es\/wp-json\/wp\/v2\/product_cat?post=9362"},{"taxonomy":"product_tag","embeddable":true,"href":"https:\/\/oxxot.com\/es\/wp-json\/wp\/v2\/product_tag?post=9362"}],"curies":[{"name":"wp","href":"https:\/\/api.w.org\/{rel}","templated":true}]}}