{"id":9341,"date":"2023-12-20T14:41:23","date_gmt":"2023-12-20T13:41:23","guid":{"rendered":"https:\/\/oxxot.com\/prodotto\/neutral\/"},"modified":"2026-03-03T13:31:56","modified_gmt":"2026-03-03T12:31:56","slug":"neutral","status":"publish","type":"product","link":"https:\/\/oxxot.com\/es\/prodotto\/neutral\/","title":{"rendered":"WDR Neutro"},"content":{"rendered":"<p><strong>N<\/strong><strong>EUTRAL &#8211; Soluci\u00f3n Neutralizante Post-Pelado<\/strong><\/p>\n<div data-testid=\"chat-page\">\n<div data-testid=\"chat-page\">\n<p>F\u00f3rmula espec\u00edfica que neutraliza eficazmente la acci\u00f3n de los peelings, reequilibra el pH cut\u00e1neo y calma inmediatamente la piel.<\/p>\n<p>Reduce el ardor, el enrojecimiento y la irritaci\u00f3n, ejerciendo una acci\u00f3n calmante y descongestionante gracias al Bicarbonato S\u00f3dico y al Extracto de Naranja.<\/p>\n<p> Principios activos: Bicarbonato S\u00f3dico, Extracto de Naranja.<\/p>\n<\/div>\n<\/div>\n","protected":false},"excerpt":{"rendered":"<p>Soluci\u00f3n spray neutralizante post peeling formulada para un uso seguro y una neutralizaci\u00f3n efectiva de los peelings qu\u00edmicos en la piel.<\/p>\n","protected":false},"featured_media":9342,"comment_status":"open","ping_status":"closed","template":"","meta":{"_acf_changed":false},"patologia":[],"tipologia":[],"product_brand":[],"product_cat":[173,171],"product_tag":[163],"class_list":{"0":"post-9341","1":"product","2":"type-product","3":"status-publish","4":"has-post-thumbnail","6":"product_cat-post-peel-es","7":"product_cat-wdr-professional-line-es","8":"product_tag-piel","9":"page-type-home-care","11":"first","12":"instock","13":"featured","14":"taxable","15":"shipping-taxable","16":"purchasable","17":"product-type-simple"},"acf":[],"_links":{"self":[{"href":"https:\/\/oxxot.com\/es\/wp-json\/wp\/v2\/product\/9341","targetHints":{"allow":["GET"]}}],"collection":[{"href":"https:\/\/oxxot.com\/es\/wp-json\/wp\/v2\/product"}],"about":[{"href":"https:\/\/oxxot.com\/es\/wp-json\/wp\/v2\/types\/product"}],"replies":[{"embeddable":true,"href":"https:\/\/oxxot.com\/es\/wp-json\/wp\/v2\/comments?post=9341"}],"wp:featuredmedia":[{"embeddable":true,"href":"https:\/\/oxxot.com\/es\/wp-json\/wp\/v2\/media\/9342"}],"wp:attachment":[{"href":"https:\/\/oxxot.com\/es\/wp-json\/wp\/v2\/media?parent=9341"}],"wp:term":[{"taxonomy":"patologia","embeddable":true,"href":"https:\/\/oxxot.com\/es\/wp-json\/wp\/v2\/patologia?post=9341"},{"taxonomy":"tipologia","embeddable":true,"href":"https:\/\/oxxot.com\/es\/wp-json\/wp\/v2\/tipologia?post=9341"},{"taxonomy":"product_brand","embeddable":true,"href":"https:\/\/oxxot.com\/es\/wp-json\/wp\/v2\/product_brand?post=9341"},{"taxonomy":"product_cat","embeddable":true,"href":"https:\/\/oxxot.com\/es\/wp-json\/wp\/v2\/product_cat?post=9341"},{"taxonomy":"product_tag","embeddable":true,"href":"https:\/\/oxxot.com\/es\/wp-json\/wp\/v2\/product_tag?post=9341"}],"curies":[{"name":"wp","href":"https:\/\/api.w.org\/{rel}","templated":true}]}}