{"id":9313,"date":"2023-12-20T14:41:24","date_gmt":"2023-12-20T13:41:24","guid":{"rendered":"https:\/\/oxxot.com\/prodotto\/screw\/"},"modified":"2026-05-04T12:11:13","modified_gmt":"2026-05-04T10:11:13","slug":"screw","status":"publish","type":"product","link":"https:\/\/oxxot.com\/es\/prodotto\/screw\/","title":{"rendered":"SCREW"},"content":{"rendered":"<p>BENEFICIO DEL POLIDIOXANONA (PDO)<\/p>\n<ul>\n<li>Fuerza<\/li>\n<li>Uniformidad del calibre<\/li>\n<li>Manejo y poca memoria<\/li>\n<li>Buena tolerancia biol\u00f3gica<\/li>\n<li>Totalmente absorbible por hidr\u00f3lisis (inicio despu\u00e9s de 10-15 d\u00edas, completado en 180 d\u00edas)<\/li>\n<li>Reabsorci\u00f3n por v\u00eda linf\u00e1tica<\/li>\n<li>Totalmente seguro<\/li>\n<\/ul>\n","protected":false},"excerpt":{"rendered":"<div class=\"page\" title=\"Page 3\">\n<div class=\"layoutArea\">\n<div class=\"column\">\n<p>Los hilos PDO SCREW 29G x 40\u202fmm est\u00e1n dise\u00f1ados para tratamientos de bio\u2011reestructuraci\u00f3n y ligera volumizaci\u00f3n, ideales para mejorar la calidad de la piel y corregir una laxitud leve.<\/p>\n<p>La estructura \u201cscrew\u201d (en espiral) permite que el hilo genere un efecto volumizante natural, estimulando la producci\u00f3n de col\u00e1geno y mejorando la densidad cut\u00e1nea.<\/p>\n<p>El hilo de PDO de 50\u202fmm, enrollado alrededor de la aguja de 40\u202fmm, garantiza una liberaci\u00f3n uniforme del material y una acci\u00f3n progresiva en el tiempo.<\/p>\n<p>Gracias al calibre fino 29G, la inserci\u00f3n es suave y bien tolerada, lo que hace que este dispositivo sea ideal para zonas sensibles del rostro y del cuerpo.<\/p>\n<p>Los hilos SCREW est\u00e1n especialmente indicados para tratar arrugas superficiales, pliegues leves, p\u00e9rdida de tono y para mejorar la textura de la piel con un efecto natural y gradual.<\/p>\n<h3>Beneficios principales<\/h3>\n<ul>\n<li>Bio\u2011reestructuraci\u00f3n de la piel<\/li>\n<li>Volumizaci\u00f3n ligera y natural<\/li>\n<li>Estimulaci\u00f3n del col\u00e1geno<\/li>\n<li>Mejora de la textura cut\u00e1nea<\/li>\n<li>Ideales para zonas delicadas del rostro<\/li>\n<li>Resultados progresivos y armoniosos<\/li>\n<\/ul>\n<p><strong>Presentaci\u00f3n:<\/strong> 1 sobre contiene 10 agujas.<\/p>\n<\/div>\n<\/div>\n<\/div>\n","protected":false},"featured_media":9316,"comment_status":"open","ping_status":"closed","template":"","meta":{"_acf_changed":false},"patologia":[],"tipologia":[],"product_brand":[],"product_cat":[164,162,166],"product_tag":[163],"class_list":{"0":"post-9313","1":"product","2":"type-product","3":"status-publish","4":"has-post-thumbnail","6":"product_cat-biostimulacion","7":"product_cat-hilos-pdo","8":"product_cat-voluminizantes","9":"product_tag-piel","10":"page-type-home-care","12":"first","13":"instock","14":"taxable","15":"shipping-taxable","16":"purchasable","17":"product-type-variable"},"acf":[],"_links":{"self":[{"href":"https:\/\/oxxot.com\/es\/wp-json\/wp\/v2\/product\/9313","targetHints":{"allow":["GET"]}}],"collection":[{"href":"https:\/\/oxxot.com\/es\/wp-json\/wp\/v2\/product"}],"about":[{"href":"https:\/\/oxxot.com\/es\/wp-json\/wp\/v2\/types\/product"}],"replies":[{"embeddable":true,"href":"https:\/\/oxxot.com\/es\/wp-json\/wp\/v2\/comments?post=9313"}],"wp:featuredmedia":[{"embeddable":true,"href":"https:\/\/oxxot.com\/es\/wp-json\/wp\/v2\/media\/9316"}],"wp:attachment":[{"href":"https:\/\/oxxot.com\/es\/wp-json\/wp\/v2\/media?parent=9313"}],"wp:term":[{"taxonomy":"patologia","embeddable":true,"href":"https:\/\/oxxot.com\/es\/wp-json\/wp\/v2\/patologia?post=9313"},{"taxonomy":"tipologia","embeddable":true,"href":"https:\/\/oxxot.com\/es\/wp-json\/wp\/v2\/tipologia?post=9313"},{"taxonomy":"product_brand","embeddable":true,"href":"https:\/\/oxxot.com\/es\/wp-json\/wp\/v2\/product_brand?post=9313"},{"taxonomy":"product_cat","embeddable":true,"href":"https:\/\/oxxot.com\/es\/wp-json\/wp\/v2\/product_cat?post=9313"},{"taxonomy":"product_tag","embeddable":true,"href":"https:\/\/oxxot.com\/es\/wp-json\/wp\/v2\/product_tag?post=9313"}],"curies":[{"name":"wp","href":"https:\/\/api.w.org\/{rel}","templated":true}]}}