{"id":9305,"date":"2023-12-20T14:41:25","date_gmt":"2023-12-20T13:41:25","guid":{"rendered":"https:\/\/oxxot.com\/prodotto\/mold-b\/"},"modified":"2026-05-04T11:56:28","modified_gmt":"2026-05-04T09:56:28","slug":"mold-b","status":"publish","type":"product","link":"https:\/\/oxxot.com\/es\/prodotto\/mold-b\/","title":{"rendered":"MOLD B"},"content":{"rendered":"<p>BENEFICIO DEL POLIDIOXANONA (PDO)<\/p>\n<ul>\n<li>Fuerza<\/li>\n<li>Uniformidad del calibre<\/li>\n<li>Manejo y poca memoria<\/li>\n<li>Buena tolerancia biol\u00f3gica<\/li>\n<li>Totalmente absorbible por hidr\u00f3lisis (inicio despu\u00e9s de 10-15 d\u00edas, completado en 180 d\u00edas)<\/li>\n<li>Reabsorci\u00f3n por v\u00eda linf\u00e1tica<\/li>\n<li>Totalmente seguro<\/li>\n<\/ul>\n","protected":false},"excerpt":{"rendered":"<p>Los hilos PDO MOLD B 19G x 100\u202fmm representan una tecnolog\u00eda avanzada para el lifting no quir\u00fargico, dise\u00f1ada para ofrecer m\u00e1xima tracci\u00f3n y estabilidad en los tejidos. Gracias a la tecnolog\u00eda Molding, el hilo se moldea en tres dimensiones sin cortes ni ganchos, obteniendo una estructura compacta y resistente que garantiza una fijaci\u00f3n superior en comparaci\u00f3n con los hilos barbed tradicionales.<\/p>\n<p>La c\u00e1nula de 19G (100\u202fmm) permite una inserci\u00f3n precisa incluso en zonas m\u00e1s profundas, mientras que el hilo de PDO de 200\u202fmm estimula la producci\u00f3n de col\u00e1geno con el tiempo, mejorando progresivamente la firmeza y la calidad general de la piel.<\/p>\n<p>Los hilos MOLD B est\u00e1n indicados para aplicaciones faciales y corporales, ideales para tratar flacidez marcada, redefinir contornos y lograr un lifting estructural con resultados inmediatos y progresivos.<\/p>\n<h3>Beneficios principales<\/h3>\n<ul>\n<li>Lifting inmediato con alta tracci\u00f3n<\/li>\n<li>Fijaci\u00f3n estable gracias a la tecnolog\u00eda Molding<\/li>\n<li>Mejora de la flacidez cut\u00e1nea<\/li>\n<li>Estimulaci\u00f3n del col\u00e1geno<\/li>\n<li>Redefinici\u00f3n de los contornos del rostro<\/li>\n<li>Resultados naturales y progresivos<\/li>\n<\/ul>\n<div><\/div>\n","protected":false},"featured_media":9307,"comment_status":"open","ping_status":"closed","template":"","meta":{"_acf_changed":false},"patologia":[],"tipologia":[],"product_brand":[],"product_cat":[164,162,165],"product_tag":[163],"class_list":{"0":"post-9305","1":"product","2":"type-product","3":"status-publish","4":"has-post-thumbnail","6":"product_cat-biostimulacion","7":"product_cat-hilos-pdo","8":"product_cat-traccion","9":"product_tag-piel","10":"page-type-home-care","12":"first","13":"instock","14":"taxable","15":"shipping-taxable","16":"purchasable","17":"product-type-variable","18":"has-default-attributes"},"acf":[],"_links":{"self":[{"href":"https:\/\/oxxot.com\/es\/wp-json\/wp\/v2\/product\/9305","targetHints":{"allow":["GET"]}}],"collection":[{"href":"https:\/\/oxxot.com\/es\/wp-json\/wp\/v2\/product"}],"about":[{"href":"https:\/\/oxxot.com\/es\/wp-json\/wp\/v2\/types\/product"}],"replies":[{"embeddable":true,"href":"https:\/\/oxxot.com\/es\/wp-json\/wp\/v2\/comments?post=9305"}],"wp:featuredmedia":[{"embeddable":true,"href":"https:\/\/oxxot.com\/es\/wp-json\/wp\/v2\/media\/9307"}],"wp:attachment":[{"href":"https:\/\/oxxot.com\/es\/wp-json\/wp\/v2\/media?parent=9305"}],"wp:term":[{"taxonomy":"patologia","embeddable":true,"href":"https:\/\/oxxot.com\/es\/wp-json\/wp\/v2\/patologia?post=9305"},{"taxonomy":"tipologia","embeddable":true,"href":"https:\/\/oxxot.com\/es\/wp-json\/wp\/v2\/tipologia?post=9305"},{"taxonomy":"product_brand","embeddable":true,"href":"https:\/\/oxxot.com\/es\/wp-json\/wp\/v2\/product_brand?post=9305"},{"taxonomy":"product_cat","embeddable":true,"href":"https:\/\/oxxot.com\/es\/wp-json\/wp\/v2\/product_cat?post=9305"},{"taxonomy":"product_tag","embeddable":true,"href":"https:\/\/oxxot.com\/es\/wp-json\/wp\/v2\/product_tag?post=9305"}],"curies":[{"name":"wp","href":"https:\/\/api.w.org\/{rel}","templated":true}]}}