{"id":9299,"date":"2023-12-20T14:41:37","date_gmt":"2023-12-20T13:41:37","guid":{"rendered":"https:\/\/oxxot.com\/prodotto\/skinesse-kit\/"},"modified":"2023-12-20T14:41:37","modified_gmt":"2023-12-20T13:41:37","slug":"skinesse-kit","status":"publish","type":"product","link":"https:\/\/oxxot.com\/es\/prodotto\/skinesse-kit\/","title":{"rendered":"Skinesse Kit"},"content":{"rendered":"<ul>\n<li>Aumento de la hidrataci\u00f3n y nutrici\u00f3n de la piel gracias a las propiedades del \u00e1cido hialur\u00f3nico.<\/li>\n<li>Mejora de la elasticidad, luminosidad y firmeza de la piel gracias a las propiedades antioxidantes, antiinflamatorias y curativas del Tripeptide de Cobre GHK-Cu.<\/li>\n<li>Efecto antiedad y antiarrugas, aumento de la proliferaci\u00f3n celular mediante la acci\u00f3n del SH &#8211; POLYPEPTIDE &#8211; 3 (CG-KGF).<\/li>\n<li>Mejora del tono de la piel; efecto reparador de la piel da\u00f1ada por los signos del tiempo gracias a las capacidades regenerativas del factor de crecimiento end\u00f3geno TGF-\u03b23 y la prote\u00edna SH &#8211; POLYPEPTIDE &#8211; 9, que forma parte de la bioplacenta.<\/li>\n<\/ul>\n<p>&nbsp;<\/p>\n<p><strong>Contiene:<\/strong><br \/>\n3 Tank Roller de 0,25 mm<br \/>\n3 Skiness Viales de 4 ml<\/p>\n<p>&nbsp;<\/p>\n<p><strong>COMPOSICI\u00d3N<\/strong><\/p>\n<p>Hydroxyethylcellulose, Glycerin, Sodium Hyaluronate, Sodium Oleate, Glycine Soja Oil, Ammonium Acryloyldimethyltaurate\/Vp Copolymer, Aqua, Hydrogenated Lecithin, Hyaluronic Acid, Copper Tripeptide-1, Sh-Polypeptide-3, Sh-Polypeptide-5,<br \/>\nSh-Polypeptide-9, Sh-Polypeptide-1, Sh-Oligopeptide-1, Sh-Oligopeptide-2, Sh-Polypeptide-11, Silanetriol, Phenoxyethanol, Disodium Edta, Imidazolidinyl Urea, Butylene Glycol, Citric Acid, Sorbic Acid<\/p>\n","protected":false},"excerpt":{"rendered":"<p>Approccio combinato di Soft Needling e Skin Regeneration. Approccio combinato di Soft Needling e Rigenerazione della Pelle. <strong>Efficiente, semplice e sicuro.<\/strong><\/p>\n","protected":false},"featured_media":9300,"comment_status":"open","ping_status":"closed","template":"","meta":{"_acf_changed":false},"patologia":[],"tipologia":[99],"product_brand":[],"product_cat":[160,167],"product_tag":[163],"class_list":{"0":"post-9299","1":"product","2":"type-product","3":"status-publish","4":"has-post-thumbnail","6":"product_cat-linea-de-cuidado-en-casa","7":"product_cat-skinesse-home-care-line-es","8":"product_tag-piel","9":"page-type-home-care","11":"first","12":"instock","13":"featured","14":"shipping-taxable","15":"purchasable","16":"product-type-simple"},"acf":[],"_links":{"self":[{"href":"https:\/\/oxxot.com\/es\/wp-json\/wp\/v2\/product\/9299","targetHints":{"allow":["GET"]}}],"collection":[{"href":"https:\/\/oxxot.com\/es\/wp-json\/wp\/v2\/product"}],"about":[{"href":"https:\/\/oxxot.com\/es\/wp-json\/wp\/v2\/types\/product"}],"replies":[{"embeddable":true,"href":"https:\/\/oxxot.com\/es\/wp-json\/wp\/v2\/comments?post=9299"}],"wp:featuredmedia":[{"embeddable":true,"href":"https:\/\/oxxot.com\/es\/wp-json\/wp\/v2\/media\/9300"}],"wp:attachment":[{"href":"https:\/\/oxxot.com\/es\/wp-json\/wp\/v2\/media?parent=9299"}],"wp:term":[{"taxonomy":"patologia","embeddable":true,"href":"https:\/\/oxxot.com\/es\/wp-json\/wp\/v2\/patologia?post=9299"},{"taxonomy":"tipologia","embeddable":true,"href":"https:\/\/oxxot.com\/es\/wp-json\/wp\/v2\/tipologia?post=9299"},{"taxonomy":"product_brand","embeddable":true,"href":"https:\/\/oxxot.com\/es\/wp-json\/wp\/v2\/product_brand?post=9299"},{"taxonomy":"product_cat","embeddable":true,"href":"https:\/\/oxxot.com\/es\/wp-json\/wp\/v2\/product_cat?post=9299"},{"taxonomy":"product_tag","embeddable":true,"href":"https:\/\/oxxot.com\/es\/wp-json\/wp\/v2\/product_tag?post=9299"}],"curies":[{"name":"wp","href":"https:\/\/api.w.org\/{rel}","templated":true}]}}