{"id":9296,"date":"2023-12-20T14:41:37","date_gmt":"2023-12-20T13:41:37","guid":{"rendered":"https:\/\/oxxot.com\/prodotto\/skinesse-tank-roller\/"},"modified":"2023-12-20T14:41:37","modified_gmt":"2023-12-20T13:41:37","slug":"skinesse-tank-roller","status":"publish","type":"product","link":"https:\/\/oxxot.com\/es\/prodotto\/skinesse-tank-roller\/","title":{"rendered":"Skinesse Tank Roller"},"content":{"rendered":"<p>Mayor hidrataci\u00f3n y nutrici\u00f3n de la piel gracias a las propiedades del \u00e1cido hialur\u00f3nico.<\/p>\n<p>Mejora de la elasticidad, luminosidad y firmeza de la piel gracias a las propiedades antioxidantes, antiinflamatorias y curativas del p\u00e9ptido de cobre Tripeptide GHK-Cu.<\/p>\n<p>Efecto antiedad y antiarrugas, aumentando la proliferaci\u00f3n celular mediante la acci\u00f3n de SH &#8211; POLIPEPTIDE &#8211; 3 (CG-KGF).<\/p>\n<p>Mejora del tono de la piel.<\/p>\n<p>Efecto reparador de la piel da\u00f1ada por los signos del tiempo gracias a las capacidades regenerativas del factor de crecimiento end\u00f3geno TGF-\u03b23 y la prote\u00edna SH &#8211; POLIPEPTIDE &#8211; 9, que forma parte de la Bio placenta.<\/p>\n","protected":false},"excerpt":{"rendered":"<p>Un revitalizador para la piel de nueva generaci\u00f3n.<\/p>\n","protected":false},"featured_media":9298,"comment_status":"open","ping_status":"closed","template":"","meta":{"_acf_changed":false},"patologia":[],"tipologia":[99],"product_brand":[],"product_cat":[160,167],"product_tag":[163],"class_list":{"0":"post-9296","1":"product","2":"type-product","3":"status-publish","4":"has-post-thumbnail","6":"product_cat-linea-de-cuidado-en-casa","7":"product_cat-skinesse-home-care-line-es","8":"product_tag-piel","9":"page-type-home-care","11":"first","12":"instock","13":"sale","14":"featured","15":"shipping-taxable","16":"purchasable","17":"product-type-simple"},"acf":[],"_links":{"self":[{"href":"https:\/\/oxxot.com\/es\/wp-json\/wp\/v2\/product\/9296","targetHints":{"allow":["GET"]}}],"collection":[{"href":"https:\/\/oxxot.com\/es\/wp-json\/wp\/v2\/product"}],"about":[{"href":"https:\/\/oxxot.com\/es\/wp-json\/wp\/v2\/types\/product"}],"replies":[{"embeddable":true,"href":"https:\/\/oxxot.com\/es\/wp-json\/wp\/v2\/comments?post=9296"}],"wp:featuredmedia":[{"embeddable":true,"href":"https:\/\/oxxot.com\/es\/wp-json\/wp\/v2\/media\/9298"}],"wp:attachment":[{"href":"https:\/\/oxxot.com\/es\/wp-json\/wp\/v2\/media?parent=9296"}],"wp:term":[{"taxonomy":"patologia","embeddable":true,"href":"https:\/\/oxxot.com\/es\/wp-json\/wp\/v2\/patologia?post=9296"},{"taxonomy":"tipologia","embeddable":true,"href":"https:\/\/oxxot.com\/es\/wp-json\/wp\/v2\/tipologia?post=9296"},{"taxonomy":"product_brand","embeddable":true,"href":"https:\/\/oxxot.com\/es\/wp-json\/wp\/v2\/product_brand?post=9296"},{"taxonomy":"product_cat","embeddable":true,"href":"https:\/\/oxxot.com\/es\/wp-json\/wp\/v2\/product_cat?post=9296"},{"taxonomy":"product_tag","embeddable":true,"href":"https:\/\/oxxot.com\/es\/wp-json\/wp\/v2\/product_tag?post=9296"}],"curies":[{"name":"wp","href":"https:\/\/api.w.org\/{rel}","templated":true}]}}