{"id":9291,"date":"2023-12-20T14:41:37","date_gmt":"2023-12-20T13:41:37","guid":{"rendered":"https:\/\/oxxot.com\/prodotto\/satin-m2r-solucion-regeneradora\/"},"modified":"2023-12-20T14:41:37","modified_gmt":"2023-12-20T13:41:37","slug":"satin-m2r-solucion-regeneradora","status":"publish","type":"product","link":"https:\/\/oxxot.com\/es\/prodotto\/satin-m2r-solucion-regeneradora\/","title":{"rendered":"Satin M2R &#8211; Soluci\u00f3n Regeneradora"},"content":{"rendered":"<p>Piel m\u00e1s luminosa e hidratada gracias al doble peso molecular del \u00c1cido Hialur\u00f3nico.<\/p>\n<p>Efecto lifting natural debido a los efectos tensores de los p\u00e9ptidos (Actapeptide 3 y Pentatpeptide 18).<\/p>\n<p>Efecto antiedad probado gracias a la sinergia de tres amino\u00e1cidos (Peptina, Lisina y Glicina).<\/p>\n","protected":false},"excerpt":{"rendered":"<p>Una formulaci\u00f3n innovadora, regeneradora e in\u00e9dita que estimula profundamente la producci\u00f3n de col\u00e1geno tipo I y III.<\/p>\n","protected":false},"featured_media":9292,"comment_status":"open","ping_status":"closed","template":"","meta":{"_acf_changed":false},"patologia":[],"tipologia":[],"product_brand":[],"product_cat":[158,170],"product_tag":[163],"class_list":{"0":"post-9291","1":"product","2":"type-product","3":"status-publish","4":"has-post-thumbnail","6":"product_cat-professional-line-es","7":"product_cat-satin-skin-booster-es","8":"product_tag-piel","9":"page-type-home-care","11":"first","12":"instock","13":"shipping-taxable","14":"purchasable","15":"product-type-simple"},"acf":[],"_links":{"self":[{"href":"https:\/\/oxxot.com\/es\/wp-json\/wp\/v2\/product\/9291","targetHints":{"allow":["GET"]}}],"collection":[{"href":"https:\/\/oxxot.com\/es\/wp-json\/wp\/v2\/product"}],"about":[{"href":"https:\/\/oxxot.com\/es\/wp-json\/wp\/v2\/types\/product"}],"replies":[{"embeddable":true,"href":"https:\/\/oxxot.com\/es\/wp-json\/wp\/v2\/comments?post=9291"}],"wp:featuredmedia":[{"embeddable":true,"href":"https:\/\/oxxot.com\/es\/wp-json\/wp\/v2\/media\/9292"}],"wp:attachment":[{"href":"https:\/\/oxxot.com\/es\/wp-json\/wp\/v2\/media?parent=9291"}],"wp:term":[{"taxonomy":"patologia","embeddable":true,"href":"https:\/\/oxxot.com\/es\/wp-json\/wp\/v2\/patologia?post=9291"},{"taxonomy":"tipologia","embeddable":true,"href":"https:\/\/oxxot.com\/es\/wp-json\/wp\/v2\/tipologia?post=9291"},{"taxonomy":"product_brand","embeddable":true,"href":"https:\/\/oxxot.com\/es\/wp-json\/wp\/v2\/product_brand?post=9291"},{"taxonomy":"product_cat","embeddable":true,"href":"https:\/\/oxxot.com\/es\/wp-json\/wp\/v2\/product_cat?post=9291"},{"taxonomy":"product_tag","embeddable":true,"href":"https:\/\/oxxot.com\/es\/wp-json\/wp\/v2\/product_tag?post=9291"}],"curies":[{"name":"wp","href":"https:\/\/api.w.org\/{rel}","templated":true}]}}