{"id":9286,"date":"2023-12-20T14:41:37","date_gmt":"2023-12-20T13:41:37","guid":{"rendered":"https:\/\/oxxot.com\/prodotto\/satin-tank-roller-needling\/"},"modified":"2023-12-20T14:41:37","modified_gmt":"2023-12-20T13:41:37","slug":"satin-tank-roller-needling","status":"publish","type":"product","link":"https:\/\/oxxot.com\/es\/prodotto\/satin-tank-roller-needling\/","title":{"rendered":"Satin Tank Roller Needling"},"content":{"rendered":"<p>La acci\u00f3n mec\u00e1nica induce una inflamaci\u00f3n controlada de la piel y su subsiguiente acidificaci\u00f3n, involucrando en el proceso los receptores CD 39 y CD 40 que inducen la formaci\u00f3n de col\u00e1geno reparador.<\/p>\n<p><strong>EFICIENTE<\/strong><br \/>\nLa inducci\u00f3n fisiol\u00f3gica de la s\u00edntesis de col\u00e1geno y elastina con principios activos proporciona una recuperaci\u00f3n intensa y natural de la piel.<\/p>\n<p><strong>SEGURO<\/strong><br \/>\nEsterilidad y uso \u00fanico de todos los componentes para garantizar el control de infecciones.<\/p>\n<p><strong>EXCLUSIVO<\/strong><br \/>\nEspec\u00edficamente desarrollado para lograr resultados est\u00e9ticos excelentes al combinar la potencia qu\u00edmica del \u00abDispositivo Regenerador SATIN M2R\u00bb y la acci\u00f3n mec\u00e1nica del \u00abSATIN TANK ROLLER NEEDLING\u00bb.<\/p>\n<p><strong>VERS\u00c1TIL<\/strong><br \/>\nDos longitudes de aguja (0,5 mm y 1 mm) con sistema NEEDLING: el TANK ROLLER te permite tratar diferentes \u00e1reas de la cara y el cuerpo, abordando m\u00faltiples problemas est\u00e9ticos.<\/p>\n","protected":false},"excerpt":{"rendered":"<p>Producto est\u00e9ril de un solo uso para Needling<\/p>\n","protected":false},"featured_media":9287,"comment_status":"open","ping_status":"closed","template":"","meta":{"_acf_changed":false},"patologia":[],"tipologia":[],"product_brand":[],"product_cat":[158,170],"product_tag":[163],"class_list":{"0":"post-9286","1":"product","2":"type-product","3":"status-publish","4":"has-post-thumbnail","6":"product_cat-professional-line-es","7":"product_cat-satin-skin-booster-es","8":"product_tag-piel","9":"page-type-home-care","11":"first","12":"outofstock","13":"featured","14":"shipping-taxable","15":"purchasable","16":"product-type-simple"},"acf":[],"_links":{"self":[{"href":"https:\/\/oxxot.com\/es\/wp-json\/wp\/v2\/product\/9286","targetHints":{"allow":["GET"]}}],"collection":[{"href":"https:\/\/oxxot.com\/es\/wp-json\/wp\/v2\/product"}],"about":[{"href":"https:\/\/oxxot.com\/es\/wp-json\/wp\/v2\/types\/product"}],"replies":[{"embeddable":true,"href":"https:\/\/oxxot.com\/es\/wp-json\/wp\/v2\/comments?post=9286"}],"wp:featuredmedia":[{"embeddable":true,"href":"https:\/\/oxxot.com\/es\/wp-json\/wp\/v2\/media\/9287"}],"wp:attachment":[{"href":"https:\/\/oxxot.com\/es\/wp-json\/wp\/v2\/media?parent=9286"}],"wp:term":[{"taxonomy":"patologia","embeddable":true,"href":"https:\/\/oxxot.com\/es\/wp-json\/wp\/v2\/patologia?post=9286"},{"taxonomy":"tipologia","embeddable":true,"href":"https:\/\/oxxot.com\/es\/wp-json\/wp\/v2\/tipologia?post=9286"},{"taxonomy":"product_brand","embeddable":true,"href":"https:\/\/oxxot.com\/es\/wp-json\/wp\/v2\/product_brand?post=9286"},{"taxonomy":"product_cat","embeddable":true,"href":"https:\/\/oxxot.com\/es\/wp-json\/wp\/v2\/product_cat?post=9286"},{"taxonomy":"product_tag","embeddable":true,"href":"https:\/\/oxxot.com\/es\/wp-json\/wp\/v2\/product_tag?post=9286"}],"curies":[{"name":"wp","href":"https:\/\/api.w.org\/{rel}","templated":true}]}}