{"id":9282,"date":"2024-02-21T09:37:36","date_gmt":"2024-02-21T08:37:36","guid":{"rendered":"https:\/\/oxxot.com\/prodotto\/tuft\/"},"modified":"2024-07-15T09:48:28","modified_gmt":"2024-07-15T07:48:28","slug":"tuft","status":"publish","type":"product","link":"https:\/\/oxxot.com\/es\/prodotto\/tuft\/","title":{"rendered":"TUFT"},"content":{"rendered":"<p>BENEFICIO DEL POLIDIOXANONA (PDO)<\/p>\n<ul>\n<li>Fuerza<\/li>\n<li>Uniformidad del calibre<\/li>\n<li>Manejo y poca memoria<\/li>\n<li>Buena tolerancia biol\u00f3gica<\/li>\n<li>Totalmente absorbible por hidr\u00f3lisis (inicio despu\u00e9s de 10-15 d\u00edas, completado en 180 d\u00edas)<\/li>\n<li>Reabsorci\u00f3n por v\u00eda linf\u00e1tica<\/li>\n<li>Totalmente seguro<\/li>\n<\/ul>\n","protected":false},"excerpt":{"rendered":"<div class=\"page\" title=\"Page 3\">\n<div class=\"layoutArea\">\n<div class=\"column\">\n<p>La biostimulaci\u00f3n con hilos PDO es un enfoque innovador que permite tambi\u00e9n un re-lifting de la piel del rostro, cuello y cuerpo. El polidioxanona (PDO, PDS) o poli-p-dioxanona es un pol\u00edmero sint\u00e9tico incoloro, cristalino y biodegradable. Debido a las normativas de la KFDA, los hilos deben ser de color violeta.<\/p>\n<\/div>\n<\/div>\n<\/div>\n","protected":false},"featured_media":9285,"comment_status":"open","ping_status":"closed","template":"","meta":{"_acf_changed":false},"patologia":[],"tipologia":[],"product_brand":[],"product_cat":[162,166],"product_tag":[163],"class_list":{"0":"post-9282","1":"product","2":"type-product","3":"status-publish","4":"has-post-thumbnail","6":"product_cat-hilos-pdo","7":"product_cat-voluminizantes","8":"product_tag-piel","9":"page-type-home-care","11":"first","12":"instock","13":"taxable","14":"shipping-taxable","15":"purchasable","16":"product-type-variable"},"acf":[],"_links":{"self":[{"href":"https:\/\/oxxot.com\/es\/wp-json\/wp\/v2\/product\/9282","targetHints":{"allow":["GET"]}}],"collection":[{"href":"https:\/\/oxxot.com\/es\/wp-json\/wp\/v2\/product"}],"about":[{"href":"https:\/\/oxxot.com\/es\/wp-json\/wp\/v2\/types\/product"}],"replies":[{"embeddable":true,"href":"https:\/\/oxxot.com\/es\/wp-json\/wp\/v2\/comments?post=9282"}],"wp:featuredmedia":[{"embeddable":true,"href":"https:\/\/oxxot.com\/es\/wp-json\/wp\/v2\/media\/9285"}],"wp:attachment":[{"href":"https:\/\/oxxot.com\/es\/wp-json\/wp\/v2\/media?parent=9282"}],"wp:term":[{"taxonomy":"patologia","embeddable":true,"href":"https:\/\/oxxot.com\/es\/wp-json\/wp\/v2\/patologia?post=9282"},{"taxonomy":"tipologia","embeddable":true,"href":"https:\/\/oxxot.com\/es\/wp-json\/wp\/v2\/tipologia?post=9282"},{"taxonomy":"product_brand","embeddable":true,"href":"https:\/\/oxxot.com\/es\/wp-json\/wp\/v2\/product_brand?post=9282"},{"taxonomy":"product_cat","embeddable":true,"href":"https:\/\/oxxot.com\/es\/wp-json\/wp\/v2\/product_cat?post=9282"},{"taxonomy":"product_tag","embeddable":true,"href":"https:\/\/oxxot.com\/es\/wp-json\/wp\/v2\/product_tag?post=9282"}],"curies":[{"name":"wp","href":"https:\/\/api.w.org\/{rel}","templated":true}]}}