{"id":9276,"date":"2024-02-21T10:45:11","date_gmt":"2024-02-21T09:45:11","guid":{"rendered":"https:\/\/oxxot.com\/prodotto\/barb-bi-4d-l\/"},"modified":"2026-05-04T11:45:15","modified_gmt":"2026-05-04T09:45:15","slug":"barb-bi-4d-l","status":"publish","type":"product","link":"https:\/\/oxxot.com\/es\/prodotto\/barb-bi-4d-l\/","title":{"rendered":"BARB BI 4D L"},"content":{"rendered":"<p>BENEFICIO DEL POLIDIOXANONA (PDO)<\/p>\n<ul>\n<li>Fuerza<\/li>\n<li>Uniformidad del calibre<\/li>\n<li>Manejo y poca memoria<\/li>\n<li>Buena tolerancia biol\u00f3gica<\/li>\n<li>Totalmente absorbible por hidr\u00f3lisis (inicio despu\u00e9s de 10-15 d\u00edas, completado en 180 d\u00edas)<\/li>\n<li>Reabsorci\u00f3n por v\u00eda linf\u00e1tica<\/li>\n<li>Totalmente seguro<\/li>\n<\/ul>\n","protected":false},"excerpt":{"rendered":"<div class=\"page\" title=\"Page 3\">\n<div class=\"layoutArea\">\n<div class=\"column\">\n<p>Los hilos PDO BARB 4D L son dispositivos profesionales dise\u00f1ados para tratamientos de lifting no quir\u00fargico, con una alta capacidad de tracci\u00f3n y un excelente soporte de los tejidos.<\/p>\n<p>Gracias a su estructura BARB 4D, caracterizada por micro\u2011ganchos distribuidos a lo largo de todo el hilo, garantizan una fijaci\u00f3n estable y un efecto tensor inmediato, ideal para redefinir los contornos del rostro y mejorar la flacidez cut\u00e1nea.<\/p>\n<p>La c\u00e1nula de 21G permite una inserci\u00f3n controlada y menos traum\u00e1tica, mientras que el hilo de PDO de 100 mm estimula progresivamente la producci\u00f3n de col\u00e1geno, favoreciendo una mejora en la calidad de la piel en las semanas posteriores al tratamiento.<\/p>\n<p>Estos hilos est\u00e1n indicados para aplicaciones faciales y corporales, ofreciendo un soporte estructural eficaz en las zonas que requieren tracci\u00f3n y definici\u00f3n.<\/p>\n<h3>Beneficios principales<\/h3>\n<ul>\n<li>Efecto lifting inmediato<\/li>\n<li>Mejora de la flacidez cut\u00e1nea<\/li>\n<li>Estimulaci\u00f3n del col\u00e1geno<\/li>\n<li>Redefinici\u00f3n de los contornos del rostro<\/li>\n<li>Resultados progresivos y naturales<\/li>\n<\/ul>\n<\/div>\n<\/div>\n<\/div>\n","protected":false},"featured_media":9278,"comment_status":"open","ping_status":"closed","template":"","meta":{"_acf_changed":false},"patologia":[],"tipologia":[],"product_brand":[],"product_cat":[164,162,165],"product_tag":[163],"class_list":{"0":"post-9276","1":"product","2":"type-product","3":"status-publish","4":"has-post-thumbnail","6":"product_cat-biostimulacion","7":"product_cat-hilos-pdo","8":"product_cat-traccion","9":"product_tag-piel","10":"page-type-home-care","12":"first","13":"instock","14":"taxable","15":"shipping-taxable","16":"purchasable","17":"product-type-variable"},"acf":[],"_links":{"self":[{"href":"https:\/\/oxxot.com\/es\/wp-json\/wp\/v2\/product\/9276","targetHints":{"allow":["GET"]}}],"collection":[{"href":"https:\/\/oxxot.com\/es\/wp-json\/wp\/v2\/product"}],"about":[{"href":"https:\/\/oxxot.com\/es\/wp-json\/wp\/v2\/types\/product"}],"replies":[{"embeddable":true,"href":"https:\/\/oxxot.com\/es\/wp-json\/wp\/v2\/comments?post=9276"}],"wp:featuredmedia":[{"embeddable":true,"href":"https:\/\/oxxot.com\/es\/wp-json\/wp\/v2\/media\/9278"}],"wp:attachment":[{"href":"https:\/\/oxxot.com\/es\/wp-json\/wp\/v2\/media?parent=9276"}],"wp:term":[{"taxonomy":"patologia","embeddable":true,"href":"https:\/\/oxxot.com\/es\/wp-json\/wp\/v2\/patologia?post=9276"},{"taxonomy":"tipologia","embeddable":true,"href":"https:\/\/oxxot.com\/es\/wp-json\/wp\/v2\/tipologia?post=9276"},{"taxonomy":"product_brand","embeddable":true,"href":"https:\/\/oxxot.com\/es\/wp-json\/wp\/v2\/product_brand?post=9276"},{"taxonomy":"product_cat","embeddable":true,"href":"https:\/\/oxxot.com\/es\/wp-json\/wp\/v2\/product_cat?post=9276"},{"taxonomy":"product_tag","embeddable":true,"href":"https:\/\/oxxot.com\/es\/wp-json\/wp\/v2\/product_tag?post=9276"}],"curies":[{"name":"wp","href":"https:\/\/api.w.org\/{rel}","templated":true}]}}